{"id":38881,"date":"2021-04-06T13:27:05","date_gmt":"2021-04-06T20:27:05","guid":{"rendered":"https:\/\/aclt-acoc.ca\/les-alliances\/"},"modified":"2023-03-29T09:09:35","modified_gmt":"2023-03-29T16:09:35","slug":"nos-alliances","status":"publish","type":"page","link":"https:\/\/aclt-acoc.ca\/fr\/nos-alliances\/","title":{"rendered":"Nos alliances"},"content":{"rendered":"<p>[et_pb_section fb_built=&#8221;1&#8243; _builder_version=&#8221;4.16&#8243; global_colors_info=&#8221;{}&#8221;][et_pb_row column_structure=&#8221;1_2,1_2&#8243; _builder_version=&#8221;4.16&#8243; width=&#8221;100%&#8221; module_alignment=&#8221;center&#8221; custom_margin=&#8221;|0px||auto|false|false&#8221; custom_padding=&#8221;|0px||||&#8221; global_colors_info=&#8221;{}&#8221;][et_pb_column type=&#8221;1_2&#8243; _builder_version=&#8221;4.16&#8243; global_colors_info=&#8221;{}&#8221;][et_pb_text _builder_version=&#8221;4.16&#8243; _module_preset=&#8221;default&#8221; header_text_color=&#8221;#0C71C3&#8243; global_colors_info=&#8221;{}&#8221;]<\/p>\n<h1><strong>Alliance canadienne des organismes de conservation<\/strong><\/h1>\n<p>[\/et_pb_text][et_pb_text _builder_version=&#8221;4.20.2&#8243; _module_preset=&#8221;default&#8221; header_text_color=&#8221;#0C71C3&#8243; global_colors_info=&#8221;{}&#8221;]<\/p>\n<p><strong>L&#8217;ACOC<\/strong> a \u00e9t\u00e9 cr\u00e9\u00e9e en 2022 gr\u00e2ce au travail de <strong>Land Trust Alliance of British Columbia<\/strong> (<strong>LTABC<\/strong>), <strong>Ontario Land Trust Alliance<\/strong> (<strong>OLTA<\/strong>) et du <strong>R\u00e9seau de milieux naturels prot\u00e9g\u00e9s<\/strong> (<strong>RMN<\/strong>), ainsi que du <strong>Groupe de travail pour les organisations de conservations canadiennes <\/strong> (<strong>GTOCC<\/strong>) et d\u2019autres partenaires, notamment des organisations de conservation des Prairies et des Maritimes. Ensemble, nous nous engageons \u00e0 aider le Canada \u00e0 atteindre ses objectifs en mati\u00e8re de zones prot\u00e9g\u00e9es, de biodiversit\u00e9 et de changement climatique.<\/p>\n<p>En 2017, des alliances r\u00e9gionales d\u2019organisations de conservation et de nombreuses organisations de conservation de tout le Canada ont cr\u00e9\u00e9 le Groupe de travail pour les organisations de conservations canadiens (GTOCC). En 2020, le GTOCC a nomm\u00e9 un Groupe de travail pour un organisme national afin d\u2019obtenir le soutien des organisations de conservation canadiennes pour une organisation nationale qui repr\u00e9senterait les organisations de conservation de tout le Canada au niveau f\u00e9d\u00e9ral. Dans le but d\u2019assurer l\u2019Avenir le plus solide possible aux organisations de conservation canadiennes, le Groupe de travail pour un organisme national (GTON), compos\u00e9 de repr\u00e9sentants de la Land Trust Alliance of British Columbia, du R\u00e9seau de milieux naturels prot\u00e9g\u00e9s, de l\u2019Ontario Land Trust Alliance, ainsi que de repr\u00e9sentants des organisations de conservation des Maritimes et de l\u2019Ontario, avec le soutien du Groupe de travail pour les organisations de conservation canadiennes, compos\u00e9 d\u2019organisations de conservation de tout le Canada, a d\u00e9termin\u00e9 les m\u00e9rites et la faisabilit\u00e9 de l\u2019unification des organisations provinciales et individuelles au sein d\u2019un organisme national nouvellement cr\u00e9\u00e9, l\u2019Alliance canadiennes des organisations de conservation (ACOC). L\u2019organisation de conservation nationale est maintenant un organisme de bienfaisance \u00e0 but non lucratif dont l\u2019objectif est de repr\u00e9senter les organisations de conservation r\u00e9gionales et communautaires au niveau national.<\/p>\n<p>[\/et_pb_text][et_pb_text _builder_version=&#8221;4.16&#8243; _module_preset=&#8221;default&#8221; header_text_color=&#8221;#0C71C3&#8243; global_colors_info=&#8221;{}&#8221;]<\/p>\n<h1>Land Trust Alliance of British Columbia<\/h1>\n<p>[\/et_pb_text][et_pb_button button_url=&#8221;https:\/\/ltabc.ca\/&#8221; url_new_window=&#8221;on&#8221; button_text=&#8221;SITE WEB LTABC&#8221; button_alignment=&#8221;left&#8221; _builder_version=&#8221;4.16&#8243; _module_preset=&#8221;default&#8221; custom_button=&#8221;on&#8221; button_text_size=&#8221;15px&#8221; button_text_color=&#8221;#0C71C3&#8243; button_bg_color=&#8221;rgba(135,167,193,0.19)&#8221; custom_margin=&#8221;-18px||14px||false|false&#8221; global_colors_info=&#8221;{}&#8221;][\/et_pb_button][et_pb_text _builder_version=&#8221;4.20.2&#8243; _module_preset=&#8221;default&#8221; global_colors_info=&#8221;{}&#8221;]<\/p>\n<p>Le LTABC a \u00e9t\u00e9 fond\u00e9 en 1997 et propose des formations \u00e0 la conservation et des \u00e9v\u00e9nements de mise en r\u00e9seau qui offrent une opportunit\u00e9 de dialogue et d\u2019apprentissage sur des sujets allant de l\u2019intendance aux tendances environnementales, en passant par la collecte de fonds et les esp\u00e8ces en p\u00e9ril. Le LTABC fournit \u00e9galement un soutien \u00e9ducatif aux r\u00e9seaux r\u00e9gionaux et aux professionnels associ\u00e9es \u00e0 la conservation des terres, dont une grande partie est disponible sur la plateforme Conservation Toolkit. Le LTABC publie un bulletin d\u2019information \u00e9lectronique mensuel qui promeut le travail des organisations de conservation membres et pr\u00e9sente \u00e9galement des listes d\u2019\u00e9v\u00e9nements, des exemples de r\u00e9ussite en mati\u00e8re de conservation, ainsi que des opportunit\u00e9s d\u2019emploi et de financement.<\/p>\n<p>Le LTABC a men\u00e9 bien des projets de recherche, notamment la surveillance des terres de conservation au Canada, la mesure des avantages \u00e9conomiques des zones naturelles et les valeurs d\u2019\u00e9valuation des propri\u00e9t\u00e9s sur les terres de conservation. L\u2019Alliance a produit de nombreuses publications \u00e0 l\u2019appui des organisations de conservation, notamment <em>Greening Your Title<\/em> <em>(A Guide to Conservation Covenants)<\/em>, <em>Green Legacies (Planned Giving)<\/em> et, plus r\u00e9cemment, son <em>Alamanach du 25e anniversaire<\/em>.<\/p>\n<p>Les ressources publi\u00e9es par le LTABC sont nombreuses, allant de <em>Islands in the Salish Sea Community Atlas<\/em>, aux CD sur les inventaires de base et les documents types, en passant par une s\u00e9rie de d\u00e9pliants et de kits d\u2019information sur la conservation destin\u00e9s au grand public. L\u2019Alliance fournit \u00e9galement \u00e0 ses membres des services, notamment un programme d\u2019assurance collective et un programme d\u2019avantages sociaux. L\u2019Alliance dispose d\u2019un outil d\u2019auto-\u00e9valuation volontaire en ligne pour les normes et pratiques des organisations de conservation canadiennes, qui est mis \u00e0 la disposition des organisations de conservation membres.<\/p>\n<p>[\/et_pb_text][\/et_pb_column][et_pb_column type=&#8221;1_2&#8243; _builder_version=&#8221;4.16&#8243; global_colors_info=&#8221;{}&#8221;][et_pb_text _builder_version=&#8221;4.16&#8243; text_text_color=&#8221;#0c71c3&#8243; header_text_color=&#8221;#0c71c3&#8243; min_height=&#8221;64px&#8221; custom_margin=&#8221;||-2px|||&#8221; custom_padding=&#8221;||0px|||&#8221; global_colors_info=&#8221;{}&#8221;]<\/p>\n<h1 style=\"text-align: left;\">Ontario Land Trust Alliance<\/h1>\n<p>&nbsp;<\/p>\n<p>[\/et_pb_text][et_pb_button button_url=&#8221;https:\/\/olta.ca\/&#8221; url_new_window=&#8221;on&#8221; button_text=&#8221;SITE WEB OLTA&#8221; button_alignment=&#8221;left&#8221; _builder_version=&#8221;4.16&#8243; _module_preset=&#8221;default&#8221; custom_button=&#8221;on&#8221; button_text_size=&#8221;15px&#8221; button_bg_color=&#8221;rgba(137,168,193,0.19)&#8221; custom_margin=&#8221;-18px||14px||false|false&#8221; global_colors_info=&#8221;{}&#8221;][\/et_pb_button][et_pb_text _builder_version=&#8221;4.20.2&#8243; custom_padding=&#8221;||0px|||&#8221; global_colors_info=&#8221;{}&#8221;]<\/p>\n<p>L\u2019OLTA, cr\u00e9\u00e9e en 1997, promeut l\u2019excellence en mati\u00e8re de conservation des terres dans l\u2019ensemble de son r\u00e9seau d\u2019organisations de conservation membres en fournissant un soutien et une assistance professionnels, en obtenant des financements, en promouvant l\u2019excellence organisationnelle et en repr\u00e9sentant la voix collective des organisations de conservation. L\u2019OLTA s\u2019efforce de faire progresser l\u2019excellence g\u00e9n\u00e9rale en mati\u00e8re de conservation des terres communautaires en Ontario en tant qu\u2019organisation non partisane et ind\u00e9pendante qui promeut les meilleurs pratiques et l\u2019excellence organisationnelle. Elle rassemble et partage des donn\u00e9es sur les organisations de conservation et s\u2019associe \u00e0 la recherche et \u00e0 l\u2019\u00e9ducation pour contribuer \u00e0 l\u2019expertise en mati\u00e8re de planification de la conservation. Elle continue \u00e9galement \u00e0 fonctionner et \u00e0 se d\u00e9velopper en tant qu\u2019administrateur de programme de financement pour soutenir le secteur.<\/p>\n<p>L\u2019OLTA offre \u00e9galement de nombreuses possibilit\u00e9s d\u2019apprentissage et de formation \u00e0 ses membres ainsi qu\u2019au public.<\/p>\n<p>[\/et_pb_text][et_pb_text _builder_version=&#8221;4.16&#8243; _module_preset=&#8221;default&#8221; header_text_color=&#8221;#0C71C3&#8243; global_colors_info=&#8221;{}&#8221;]<\/p>\n<h1>R\u00e9seau de milieux naturels prot\u00e9g\u00e9s<\/h1>\n<p>[\/et_pb_text][et_pb_button button_url=&#8221;https:\/\/rmnat.org\/&#8221; url_new_window=&#8221;on&#8221; button_text=&#8221;SITE WEB RMN&#8221; button_alignment=&#8221;left&#8221; _builder_version=&#8221;4.16&#8243; _module_preset=&#8221;default&#8221; custom_button=&#8221;on&#8221; button_text_size=&#8221;15px&#8221; button_bg_color=&#8221;rgba(137,168,193,0.19)&#8221; custom_margin=&#8221;-18px||14px||false|false&#8221; global_colors_info=&#8221;{}&#8221;][\/et_pb_button][et_pb_text _builder_version=&#8221;4.16&#8243; global_colors_info=&#8221;{}&#8221;]<\/p>\n<p>Le R\u00e9seau de milieux naturels prot\u00e9g\u00e9s (RMN) a \u00e9t\u00e9 cr\u00e9\u00e9 en 1993 \u00e0 titre d&#8217;organisme \u00e0 but non lucratif afin de donner une voix collective au secteur priv\u00e9 de la conservation. Auparavant, sept organismes formaient le \u00ab Regroupement des organismes propri\u00e9taires de milieux naturels prot\u00e9g\u00e9s du Qu\u00e9bec \u00bb. Ensemble, ils ont d\u00e9velopp\u00e9 de nouvelles pratiques de conservation au Qu\u00e9bec et ont travaill\u00e9 sur des enjeux cruciaux comme le droit fiscal, l&#8217;am\u00e9nagement du territoire et l&#8217;augmentation du financement des organismes de conservation.<\/p>\n<p>Depuis lors, le monde de la conservation n&#8217;a cess\u00e9 d&#8217;\u00e9voluer. Avec un int\u00e9r\u00eat accru pour la protection des terres priv\u00e9es, il est apparu un plus grand besoin de services de renforcement des capacit\u00e9s dans le secteur de la conservation. De nombreuses nouvelles organisations de conservation ont commenc\u00e9 \u00e0 se former et ont uni leurs forces avec RMN, cr\u00e9ant un solide r\u00e9seau de collaboration. En 2004, le R\u00e9seau de milieux naturels prot\u00e9g\u00e9s voit le jour tel que nous le connaissons aujourd&#8217;hui. Sur une lanc\u00e9e dynamique depuis le d\u00e9but du mill\u00e9naire, le RMN continue d\u2019\u00e9largir son expertise pendant que ses membres grandissent en nombres et en superficies prot\u00e9g\u00e9es. Soutenu par leurs connaissances et leur expertise, le RMN a raffin\u00e9 les techniques de conservation, les pratiques de gestion et les capacit\u00e9s d&#8217;intendance.<\/p>\n<p>De nos jours, des individus s&#8217;engagent \u00e9galement de plus en plus en conservation volontaire, via des accords de conservation par exemple, et de nouveaux organismes de conservation voient le jour. Gr\u00e2ce aux efforts de ces groupes travaillant localement avec les gestionnaires de territoire, les municipalit\u00e9s s&#8217;engagent de plus en plus activement dans la protection de l&#8217;environnement chez eux. <\/p>\n<p>Le RMN repr\u00e9sente actuellement la majorit\u00e9 des organismes de conservation du Qu\u00e9bec, ainsi qu\u2019un grand nombre d\u2019acteurs de la conservation et de groupes de gestion territoriale. Nous nous concentrons sur la pr\u00e9servation du patrimoine naturel puisque les milieux naturels contribuent \u00e0 un mode de vie sain et fournissent des services \u00e9conomiques, sociaux et environnementaux aux communaut\u00e9s. Notre mission est de prot\u00e9ger ces milieux en promouvant et en encourageant le mouvement de la conservation volontaire au Qu\u00e9bec. Ce faisant, nous nous assurons que les pr\u00e9occupations en conservation soient communiqu\u00e9es publiquement et qu\u2019elles re\u00e7oivent une attention soutenue de nos gouvernements, tout en poursuivant notre soutien aux personnes int\u00e9ress\u00e9es par la conservation et le d\u00e9veloppement de programmes d&#8217;aide financi\u00e8re.<\/p>\n<p>[\/et_pb_text][\/et_pb_column][\/et_pb_row][\/et_pb_section]<\/p>\n","protected":false},"excerpt":{"rendered":"<p>Alliance canadienne des organismes de conservationL&#8217;ACOC a \u00e9t\u00e9 cr\u00e9\u00e9e en 2022 gr\u00e2ce au travail de Land Trust Alliance of British Columbia (LTABC), Ontario Land Trust Alliance (OLTA) et du R\u00e9seau de milieux naturels prot\u00e9g\u00e9s (RMN), ainsi que du Groupe de travail pour les organisations de conservations canadiennes (GTOCC) et d\u2019autres partenaires, notamment des organisations de [&hellip;]<\/p>\n","protected":false},"author":54,"featured_media":0,"parent":0,"menu_order":0,"comment_status":"closed","ping_status":"closed","template":"","meta":{"_et_pb_use_builder":"on","_et_pb_old_content":"","_et_gb_content_width":"","inline_featured_image":false,"footnotes":""},"class_list":["post-38881","page","type-page","status-publish","hentry"],"yoast_head":"<!-- This site is optimized with the Yoast SEO plugin v27.5 - https:\/\/yoast.com\/product\/yoast-seo-wordpress\/ -->\n<title>Nos alliances - Alliance of Canadian Land Trusts<\/title>\n<meta name=\"robots\" content=\"index, follow, max-snippet:-1, max-image-preview:large, max-video-preview:-1\" \/>\n<link rel=\"canonical\" href=\"https:\/\/aclt-acoc.ca\/fr\/nos-alliances\/\" \/>\n<meta property=\"og:locale\" content=\"fr_FR\" \/>\n<meta property=\"og:type\" content=\"article\" \/>\n<meta property=\"og:title\" content=\"Nos alliances - Alliance of Canadian Land Trusts\" \/>\n<meta property=\"og:description\" content=\"Alliance canadienne des organismes de conservationL&#039;ACOC a \u00e9t\u00e9 cr\u00e9\u00e9e en 2022 gr\u00e2ce au travail de Land Trust Alliance of British Columbia (LTABC), Ontario Land Trust Alliance (OLTA) et du R\u00e9seau de milieux naturels prot\u00e9g\u00e9s (RMN), ainsi que du Groupe de travail pour les organisations de conservations canadiennes (GTOCC) et d\u2019autres partenaires, notamment des organisations de [&hellip;]\" \/>\n<meta property=\"og:url\" content=\"https:\/\/aclt-acoc.ca\/fr\/nos-alliances\/\" \/>\n<meta property=\"og:site_name\" content=\"Alliance of Canadian Land Trusts\" \/>\n<meta property=\"article:modified_time\" content=\"2023-03-29T16:09:35+00:00\" \/>\n<meta name=\"twitter:card\" content=\"summary_large_image\" \/>\n<meta name=\"twitter:label1\" content=\"Dur\u00e9e de lecture estim\u00e9e\" \/>\n\t<meta name=\"twitter:data1\" content=\"8 minutes\" \/>\n<script type=\"application\/ld+json\" class=\"yoast-schema-graph\">{\"@context\":\"https:\\\/\\\/schema.org\",\"@graph\":[{\"@type\":\"WebPage\",\"@id\":\"https:\\\/\\\/aclt-acoc.ca\\\/fr\\\/nos-alliances\\\/\",\"url\":\"https:\\\/\\\/aclt-acoc.ca\\\/fr\\\/nos-alliances\\\/\",\"name\":\"Nos alliances - Alliance of Canadian Land Trusts\",\"isPartOf\":{\"@id\":\"https:\\\/\\\/aclt-acoc.ca\\\/fr\\\/#website\"},\"datePublished\":\"2021-04-06T20:27:05+00:00\",\"dateModified\":\"2023-03-29T16:09:35+00:00\",\"breadcrumb\":{\"@id\":\"https:\\\/\\\/aclt-acoc.ca\\\/fr\\\/nos-alliances\\\/#breadcrumb\"},\"inLanguage\":\"fr-FR\",\"potentialAction\":[{\"@type\":\"ReadAction\",\"target\":[\"https:\\\/\\\/aclt-acoc.ca\\\/fr\\\/nos-alliances\\\/\"]}]},{\"@type\":\"BreadcrumbList\",\"@id\":\"https:\\\/\\\/aclt-acoc.ca\\\/fr\\\/nos-alliances\\\/#breadcrumb\",\"itemListElement\":[{\"@type\":\"ListItem\",\"position\":1,\"name\":\"Home\",\"item\":\"https:\\\/\\\/aclt-acoc.ca\\\/fr\\\/\"},{\"@type\":\"ListItem\",\"position\":2,\"name\":\"Nos alliances\"}]},{\"@type\":\"WebSite\",\"@id\":\"https:\\\/\\\/aclt-acoc.ca\\\/fr\\\/#website\",\"url\":\"https:\\\/\\\/aclt-acoc.ca\\\/fr\\\/\",\"name\":\"Alliance of Canadian Land Trusts\",\"description\":\"\",\"potentialAction\":[{\"@type\":\"SearchAction\",\"target\":{\"@type\":\"EntryPoint\",\"urlTemplate\":\"https:\\\/\\\/aclt-acoc.ca\\\/fr\\\/?s={search_term_string}\"},\"query-input\":{\"@type\":\"PropertyValueSpecification\",\"valueRequired\":true,\"valueName\":\"search_term_string\"}}],\"inLanguage\":\"fr-FR\"}]}<\/script>\n<!-- \/ Yoast SEO plugin. -->","yoast_head_json":{"title":"Nos alliances - Alliance of Canadian Land Trusts","robots":{"index":"index","follow":"follow","max-snippet":"max-snippet:-1","max-image-preview":"max-image-preview:large","max-video-preview":"max-video-preview:-1"},"canonical":"https:\/\/aclt-acoc.ca\/fr\/nos-alliances\/","og_locale":"fr_FR","og_type":"article","og_title":"Nos alliances - Alliance of Canadian Land Trusts","og_description":"Alliance canadienne des organismes de conservationL'ACOC a \u00e9t\u00e9 cr\u00e9\u00e9e en 2022 gr\u00e2ce au travail de Land Trust Alliance of British Columbia (LTABC), Ontario Land Trust Alliance (OLTA) et du R\u00e9seau de milieux naturels prot\u00e9g\u00e9s (RMN), ainsi que du Groupe de travail pour les organisations de conservations canadiennes (GTOCC) et d\u2019autres partenaires, notamment des organisations de [&hellip;]","og_url":"https:\/\/aclt-acoc.ca\/fr\/nos-alliances\/","og_site_name":"Alliance of Canadian Land Trusts","article_modified_time":"2023-03-29T16:09:35+00:00","twitter_card":"summary_large_image","twitter_misc":{"Dur\u00e9e de lecture estim\u00e9e":"8 minutes"},"schema":{"@context":"https:\/\/schema.org","@graph":[{"@type":"WebPage","@id":"https:\/\/aclt-acoc.ca\/fr\/nos-alliances\/","url":"https:\/\/aclt-acoc.ca\/fr\/nos-alliances\/","name":"Nos alliances - Alliance of Canadian Land Trusts","isPartOf":{"@id":"https:\/\/aclt-acoc.ca\/fr\/#website"},"datePublished":"2021-04-06T20:27:05+00:00","dateModified":"2023-03-29T16:09:35+00:00","breadcrumb":{"@id":"https:\/\/aclt-acoc.ca\/fr\/nos-alliances\/#breadcrumb"},"inLanguage":"fr-FR","potentialAction":[{"@type":"ReadAction","target":["https:\/\/aclt-acoc.ca\/fr\/nos-alliances\/"]}]},{"@type":"BreadcrumbList","@id":"https:\/\/aclt-acoc.ca\/fr\/nos-alliances\/#breadcrumb","itemListElement":[{"@type":"ListItem","position":1,"name":"Home","item":"https:\/\/aclt-acoc.ca\/fr\/"},{"@type":"ListItem","position":2,"name":"Nos alliances"}]},{"@type":"WebSite","@id":"https:\/\/aclt-acoc.ca\/fr\/#website","url":"https:\/\/aclt-acoc.ca\/fr\/","name":"Alliance of Canadian Land Trusts","description":"","potentialAction":[{"@type":"SearchAction","target":{"@type":"EntryPoint","urlTemplate":"https:\/\/aclt-acoc.ca\/fr\/?s={search_term_string}"},"query-input":{"@type":"PropertyValueSpecification","valueRequired":true,"valueName":"search_term_string"}}],"inLanguage":"fr-FR"}]}},"_links":{"self":[{"href":"https:\/\/aclt-acoc.ca\/fr\/wp-json\/wp\/v2\/pages\/38881","targetHints":{"allow":["GET"]}}],"collection":[{"href":"https:\/\/aclt-acoc.ca\/fr\/wp-json\/wp\/v2\/pages"}],"about":[{"href":"https:\/\/aclt-acoc.ca\/fr\/wp-json\/wp\/v2\/types\/page"}],"author":[{"embeddable":true,"href":"https:\/\/aclt-acoc.ca\/fr\/wp-json\/wp\/v2\/users\/54"}],"replies":[{"embeddable":true,"href":"https:\/\/aclt-acoc.ca\/fr\/wp-json\/wp\/v2\/comments?post=38881"}],"version-history":[{"count":0,"href":"https:\/\/aclt-acoc.ca\/fr\/wp-json\/wp\/v2\/pages\/38881\/revisions"}],"wp:attachment":[{"href":"https:\/\/aclt-acoc.ca\/fr\/wp-json\/wp\/v2\/media?parent=38881"}],"curies":[{"name":"wp","href":"https:\/\/api.w.org\/{rel}","templated":true}]}}