{"id":38974,"date":"2021-04-07T11:44:30","date_gmt":"2021-04-07T18:44:30","guid":{"rendered":"https:\/\/aclt-acoc.ca\/renforcement-des-capacites-en-matiere-de-normes-et-pratiques\/5e-norme\/"},"modified":"2021-09-16T11:08:54","modified_gmt":"2021-09-16T18:08:54","slug":"5e-norme","status":"publish","type":"page","link":"https:\/\/aclt-acoc.ca\/fr\/normes-et-pratiques\/5e-norme\/","title":{"rendered":"5e NORME"},"content":{"rendered":"<p>[et_pb_section fb_built=&#8221;1&#8243; _builder_version=&#8221;3.28&#8243;][et_pb_row _builder_version=&#8221;3.28&#8243;][et_pb_column type=&#8221;4_4&#8243; _builder_version=&#8221;3.28&#8243;][et_pb_text admin_label=&#8221;Text&#8221; _builder_version=&#8221;4.9.4&#8243; link_option_url_new_window=&#8221;on&#8221; hover_enabled=&#8221;0&#8243; sticky_enabled=&#8221;0&#8243;]<\/p>\n<h2>5e NORME Collecte de fonds<\/h2>\n<p>&nbsp;<\/p>\n<h3>A. Conformit\u00e9 \u00e0 la loi et \u00e0 l\u2019\u00e9thique<\/h3>\n<p><a href=\"https:\/\/aclt-acoc.ca\/wp-content\/uploads\/2021\/01\/5B-Board-Fundraising-Policy.pdf\" target=\"_blank\" rel=\"noopener noreferrer\"><strong>Board Fundraising Policy <\/strong><\/a>(OLTA)<\/p>\n<p><a href=\"https:\/\/aclt-acoc.ca\/wp-content\/uploads\/2021\/01\/5B-Board-Source-Fundraising-Policy.pdf\" target=\"_blank\" rel=\"noopener noreferrer\"><strong>BoardSource Fundraising Policy <\/strong><\/a>(OLTA)<\/p>\n<p><a href=\"https:\/\/aclt-acoc.ca\/wp-content\/uploads\/2021\/01\/Code-of-Ethical-Standards-_-Association-of-Fundraising-Professionals.pdf\" target=\"_blank\" rel=\"noopener noreferrer\"><strong>Code of Ethical Standards &#8211; Association of Fundraising Professionals <\/strong><\/a>(OLTA)<\/p>\n<p><a href=\"https:\/\/aclt-acoc.ca\/wp-content\/uploads\/2021\/01\/Fundraising-Policy-Generic-Template-20335_file_OLTA.pdf\" target=\"_blank\" rel=\"noopener noreferrer\"><strong>Fundraising Policy &#8211; Generic Template <\/strong><\/a>(OLTA)<\/p>\n<p><a href=\"https:\/\/aclt-acoc.ca\/wp-content\/uploads\/2021\/01\/OLTA_Acountability_Code-1.pdf\" target=\"_blank\" rel=\"noopener noreferrer\"><strong>Accountability Code <\/strong><\/a>(OLTA)<\/p>\n<p>&nbsp;<\/p>\n<h3>B. Responsabilit\u00e9 \u00e0 l\u2019\u00e9gard des donateurs<\/h3>\n<p><a href=\"https:\/\/aclt-acoc.ca\/wp-content\/uploads\/2021\/01\/4.3-Bill-of-Rights-for-Donors-OLTA-May-18-2016-vF.pdf\" target=\"_blank\" rel=\"noopener noreferrer\"><strong>Bill of Rights for Donors <\/strong><\/a>(OLTA)<\/p>\n<p><a href=\"https:\/\/aclt-acoc.ca\/wp-content\/uploads\/2021\/01\/4.3-OFT-Sponsorship-Policy-App-Feb-12-2014.pdf\" target=\"_blank\" rel=\"noopener noreferrer\"><strong>OFT Sponsorship Policy <\/strong><\/a>(OLTA)<\/p>\n<p><a href=\"https:\/\/aclt-acoc.ca\/wp-content\/uploads\/2021\/01\/4.11-OLTA-Privacy-Policy-BD-Aug-14-2018-vF.pdf\" target=\"_blank\" rel=\"noopener noreferrer\"><strong>Privacy Policy <\/strong><\/a>(OLTA)<\/p>\n<p><a href=\"https:\/\/aclt-acoc.ca\/wp-content\/uploads\/2021\/01\/14.-Gift-Acceptance-Policy-ORMLT-Feb-03-2016-Approved.docx\" target=\"_blank\" rel=\"noopener noreferrer\"><strong>ORMLT Gift Acceptance Policy <\/strong><\/a>(OLTA)<\/p>\n<p><a href=\"https:\/\/aclt-acoc.ca\/wp-content\/uploads\/2021\/01\/Donor-Thank-You-Call-Script-OFT.pdf\" target=\"_blank\" rel=\"noopener noreferrer\"><strong>OFT Donor Thank You Call Script <\/strong><\/a>(OLTA)<\/p>\n<p><a href=\"https:\/\/aclt-acoc.ca\/wp-content\/uploads\/2021\/01\/Privacy-Policy_Imagine-Canada.pdf\" target=\"_blank\" rel=\"noopener noreferrer\"><strong>Imagine Canada Privacy Policy <\/strong><\/a>(OLTA)<\/p>\n<h3>\u00a0<\/h3>\n<h3>\u00a0<\/h3>\n<h3>\u00a0<\/h3>\n<h3>C. Plan de collecte de fonds<\/h3>\n<p><strong>Fundraising Manual for Land Trusts <\/strong>(OLTA)<\/p>\n<p style=\"padding-left: 30px;\"><a href=\"https:\/\/aclt-acoc.ca\/wp-content\/uploads\/2021\/01\/Fundraising-Manual-cover-page.pdf\" target=\"_blank\" rel=\"noopener noreferrer\">Fundraising Manual Cover Page<\/a><\/p>\n<p style=\"padding-left: 30px;\"><a href=\"https:\/\/aclt-acoc.ca\/wp-content\/uploads\/2021\/01\/Section-Title-pages1.pdf\" target=\"_blank\" rel=\"noopener noreferrer\">Title Pages<\/a><\/p>\n<p style=\"padding-left: 30px;\"><a href=\"https:\/\/aclt-acoc.ca\/wp-content\/uploads\/2021\/01\/Table-of-Contents-Fundraising-Manual.pdf\" target=\"_blank\" rel=\"noopener noreferrer\">Table of Contents<\/a><\/p>\n<p style=\"padding-left: 30px;\"><a href=\"https:\/\/aclt-acoc.ca\/wp-content\/uploads\/2021\/01\/Acknowledgements1.pdf\" target=\"_blank\" rel=\"noopener noreferrer\">Acknowledgements<\/a><\/p>\n<p style=\"padding-left: 30px;\"><a href=\"https:\/\/aclt-acoc.ca\/wp-content\/uploads\/2021\/01\/Section-A-Fundraising-Manual.pdf\" target=\"_blank\" rel=\"noopener noreferrer\">Section A<\/a><\/p>\n<p style=\"padding-left: 30px;\"><a href=\"https:\/\/aclt-acoc.ca\/wp-content\/uploads\/2021\/01\/Section-B-Fundraising-Manual.pdf\" target=\"_blank\" rel=\"noopener noreferrer\">Section B<\/a><\/p>\n<p style=\"padding-left: 30px;\"><a href=\"https:\/\/aclt-acoc.ca\/wp-content\/uploads\/2021\/01\/Section-C-Fundraising-Manual.pdf\" target=\"_blank\" rel=\"noopener noreferrer\">Section C<\/a><\/p>\n<p style=\"padding-left: 30px;\"><a href=\"https:\/\/aclt-acoc.ca\/wp-content\/uploads\/2021\/01\/Section-D-Fundraising-Manual.pdf\" target=\"_blank\" rel=\"noopener noreferrer\">Section D<\/a><\/p>\n<p style=\"padding-left: 30px;\"><a href=\"https:\/\/aclt-acoc.ca\/wp-content\/uploads\/2021\/01\/Section-E-Fundraising-Manual.pdf\" target=\"_blank\" rel=\"noopener noreferrer\">Section E<\/a><\/p>\n<p style=\"padding-left: 30px;\"><a href=\"https:\/\/aclt-acoc.ca\/wp-content\/uploads\/2021\/01\/Section-F-Fundraising-Manual.pdf\" target=\"_blank\" rel=\"noopener noreferrer\">Section F<\/a><\/p>\n<p style=\"padding-left: 30px;\"><a href=\"https:\/\/aclt-acoc.ca\/wp-content\/uploads\/2021\/01\/Section-G-Fundraising-Manual.pdf\" target=\"_blank\" rel=\"noopener noreferrer\">Section G<\/a><\/p>\n<p style=\"padding-left: 30px;\"><a href=\"https:\/\/aclt-acoc.ca\/wp-content\/uploads\/2021\/01\/Final-Appendices.pdf\" target=\"_blank\" rel=\"noopener noreferrer\">Final Appendices<\/a><\/p>\n<p><a href=\"https:\/\/aclt-acoc.ca\/wp-content\/uploads\/2021\/09\/Green-Legacies-Guide-2016-with-Supplement-October-2017.pdf\" target=\"_blank\" rel=\"noopener noreferrer\"><strong>Green Legacies, A Donor&#8217;s Guide for BC <\/strong><\/a>(LTABC)<\/p>\n<h3>\u00a0<\/h3>\n<h3>\u00a0<\/h3>\n<h3>D. Biens immobiliers non destin\u00e9s \u00e0 la conservation acquis pour la revente<\/h3>\n<p>&nbsp;<\/p>\n<p>[\/et_pb_text][\/et_pb_column][\/et_pb_row][\/et_pb_section]<\/p>\n","protected":false},"excerpt":{"rendered":"<p>5e NORME Collecte de fonds &nbsp; A. Conformit\u00e9 \u00e0 la loi et \u00e0 l\u2019\u00e9thique Board Fundraising Policy (OLTA) BoardSource Fundraising Policy (OLTA) Code of Ethical Standards &#8211; Association of Fundraising Professionals (OLTA) Fundraising Policy &#8211; Generic Template (OLTA) Accountability Code (OLTA) &nbsp; B. Responsabilit\u00e9 \u00e0 l\u2019\u00e9gard des donateurs Bill of Rights for Donors (OLTA) OFT [&hellip;]<\/p>\n","protected":false},"author":54,"featured_media":0,"parent":38959,"menu_order":0,"comment_status":"closed","ping_status":"closed","template":"","meta":{"_et_pb_use_builder":"on","_et_pb_old_content":"","_et_gb_content_width":"","inline_featured_image":false,"footnotes":""},"class_list":["post-38974","page","type-page","status-publish","hentry"],"yoast_head":"<!-- This site is optimized with the Yoast SEO plugin v27.4 - https:\/\/yoast.com\/product\/yoast-seo-wordpress\/ -->\n<title>5e NORME - Alliance of Canadian Land Trusts<\/title>\n<meta name=\"robots\" content=\"index, follow, max-snippet:-1, max-image-preview:large, max-video-preview:-1\" \/>\n<link rel=\"canonical\" href=\"https:\/\/aclt-acoc.ca\/fr\/normes-et-pratiques\/5e-norme\/\" \/>\n<meta property=\"og:locale\" content=\"fr_FR\" \/>\n<meta property=\"og:type\" content=\"article\" \/>\n<meta property=\"og:title\" content=\"5e NORME - Alliance of Canadian Land Trusts\" \/>\n<meta property=\"og:description\" content=\"5e NORME Collecte de fonds &nbsp; A. Conformit\u00e9 \u00e0 la loi et \u00e0 l\u2019\u00e9thique Board Fundraising Policy (OLTA) BoardSource Fundraising Policy (OLTA) Code of Ethical Standards - Association of Fundraising Professionals (OLTA) Fundraising Policy - Generic Template (OLTA) Accountability Code (OLTA) &nbsp; B. Responsabilit\u00e9 \u00e0 l\u2019\u00e9gard des donateurs Bill of Rights for Donors (OLTA) OFT [&hellip;]\" \/>\n<meta property=\"og:url\" content=\"https:\/\/aclt-acoc.ca\/fr\/normes-et-pratiques\/5e-norme\/\" \/>\n<meta property=\"og:site_name\" content=\"Alliance of Canadian Land Trusts\" \/>\n<meta property=\"article:modified_time\" content=\"2021-09-16T18:08:54+00:00\" \/>\n<meta name=\"twitter:card\" content=\"summary_large_image\" \/>\n<meta name=\"twitter:label1\" content=\"Dur\u00e9e de lecture estim\u00e9e\" \/>\n\t<meta name=\"twitter:data1\" content=\"1 minute\" \/>\n<script type=\"application\/ld+json\" class=\"yoast-schema-graph\">{\"@context\":\"https:\\\/\\\/schema.org\",\"@graph\":[{\"@type\":\"WebPage\",\"@id\":\"https:\\\/\\\/aclt-acoc.ca\\\/fr\\\/normes-et-pratiques\\\/5e-norme\\\/\",\"url\":\"https:\\\/\\\/aclt-acoc.ca\\\/fr\\\/normes-et-pratiques\\\/5e-norme\\\/\",\"name\":\"5e NORME - Alliance of Canadian Land Trusts\",\"isPartOf\":{\"@id\":\"https:\\\/\\\/aclt-acoc.ca\\\/fr\\\/#website\"},\"datePublished\":\"2021-04-07T18:44:30+00:00\",\"dateModified\":\"2021-09-16T18:08:54+00:00\",\"breadcrumb\":{\"@id\":\"https:\\\/\\\/aclt-acoc.ca\\\/fr\\\/normes-et-pratiques\\\/5e-norme\\\/#breadcrumb\"},\"inLanguage\":\"fr-FR\",\"potentialAction\":[{\"@type\":\"ReadAction\",\"target\":[\"https:\\\/\\\/aclt-acoc.ca\\\/fr\\\/normes-et-pratiques\\\/5e-norme\\\/\"]}]},{\"@type\":\"BreadcrumbList\",\"@id\":\"https:\\\/\\\/aclt-acoc.ca\\\/fr\\\/normes-et-pratiques\\\/5e-norme\\\/#breadcrumb\",\"itemListElement\":[{\"@type\":\"ListItem\",\"position\":1,\"name\":\"Home\",\"item\":\"https:\\\/\\\/aclt-acoc.ca\\\/fr\\\/\"},{\"@type\":\"ListItem\",\"position\":2,\"name\":\"Normes et pratiques\",\"item\":\"https:\\\/\\\/aclt-acoc.ca\\\/fr\\\/normes-et-pratiques\\\/\"},{\"@type\":\"ListItem\",\"position\":3,\"name\":\"5e NORME\"}]},{\"@type\":\"WebSite\",\"@id\":\"https:\\\/\\\/aclt-acoc.ca\\\/fr\\\/#website\",\"url\":\"https:\\\/\\\/aclt-acoc.ca\\\/fr\\\/\",\"name\":\"Alliance of Canadian Land Trusts\",\"description\":\"\",\"potentialAction\":[{\"@type\":\"SearchAction\",\"target\":{\"@type\":\"EntryPoint\",\"urlTemplate\":\"https:\\\/\\\/aclt-acoc.ca\\\/fr\\\/?s={search_term_string}\"},\"query-input\":{\"@type\":\"PropertyValueSpecification\",\"valueRequired\":true,\"valueName\":\"search_term_string\"}}],\"inLanguage\":\"fr-FR\"}]}<\/script>\n<!-- \/ Yoast SEO plugin. -->","yoast_head_json":{"title":"5e NORME - Alliance of Canadian Land Trusts","robots":{"index":"index","follow":"follow","max-snippet":"max-snippet:-1","max-image-preview":"max-image-preview:large","max-video-preview":"max-video-preview:-1"},"canonical":"https:\/\/aclt-acoc.ca\/fr\/normes-et-pratiques\/5e-norme\/","og_locale":"fr_FR","og_type":"article","og_title":"5e NORME - Alliance of Canadian Land Trusts","og_description":"5e NORME Collecte de fonds &nbsp; A. Conformit\u00e9 \u00e0 la loi et \u00e0 l\u2019\u00e9thique Board Fundraising Policy (OLTA) BoardSource Fundraising Policy (OLTA) Code of Ethical Standards - Association of Fundraising Professionals (OLTA) Fundraising Policy - Generic Template (OLTA) Accountability Code (OLTA) &nbsp; B. Responsabilit\u00e9 \u00e0 l\u2019\u00e9gard des donateurs Bill of Rights for Donors (OLTA) OFT [&hellip;]","og_url":"https:\/\/aclt-acoc.ca\/fr\/normes-et-pratiques\/5e-norme\/","og_site_name":"Alliance of Canadian Land Trusts","article_modified_time":"2021-09-16T18:08:54+00:00","twitter_card":"summary_large_image","twitter_misc":{"Dur\u00e9e de lecture estim\u00e9e":"1 minute"},"schema":{"@context":"https:\/\/schema.org","@graph":[{"@type":"WebPage","@id":"https:\/\/aclt-acoc.ca\/fr\/normes-et-pratiques\/5e-norme\/","url":"https:\/\/aclt-acoc.ca\/fr\/normes-et-pratiques\/5e-norme\/","name":"5e NORME - Alliance of Canadian Land Trusts","isPartOf":{"@id":"https:\/\/aclt-acoc.ca\/fr\/#website"},"datePublished":"2021-04-07T18:44:30+00:00","dateModified":"2021-09-16T18:08:54+00:00","breadcrumb":{"@id":"https:\/\/aclt-acoc.ca\/fr\/normes-et-pratiques\/5e-norme\/#breadcrumb"},"inLanguage":"fr-FR","potentialAction":[{"@type":"ReadAction","target":["https:\/\/aclt-acoc.ca\/fr\/normes-et-pratiques\/5e-norme\/"]}]},{"@type":"BreadcrumbList","@id":"https:\/\/aclt-acoc.ca\/fr\/normes-et-pratiques\/5e-norme\/#breadcrumb","itemListElement":[{"@type":"ListItem","position":1,"name":"Home","item":"https:\/\/aclt-acoc.ca\/fr\/"},{"@type":"ListItem","position":2,"name":"Normes et pratiques","item":"https:\/\/aclt-acoc.ca\/fr\/normes-et-pratiques\/"},{"@type":"ListItem","position":3,"name":"5e NORME"}]},{"@type":"WebSite","@id":"https:\/\/aclt-acoc.ca\/fr\/#website","url":"https:\/\/aclt-acoc.ca\/fr\/","name":"Alliance of Canadian Land Trusts","description":"","potentialAction":[{"@type":"SearchAction","target":{"@type":"EntryPoint","urlTemplate":"https:\/\/aclt-acoc.ca\/fr\/?s={search_term_string}"},"query-input":{"@type":"PropertyValueSpecification","valueRequired":true,"valueName":"search_term_string"}}],"inLanguage":"fr-FR"}]}},"_links":{"self":[{"href":"https:\/\/aclt-acoc.ca\/fr\/wp-json\/wp\/v2\/pages\/38974","targetHints":{"allow":["GET"]}}],"collection":[{"href":"https:\/\/aclt-acoc.ca\/fr\/wp-json\/wp\/v2\/pages"}],"about":[{"href":"https:\/\/aclt-acoc.ca\/fr\/wp-json\/wp\/v2\/types\/page"}],"author":[{"embeddable":true,"href":"https:\/\/aclt-acoc.ca\/fr\/wp-json\/wp\/v2\/users\/54"}],"replies":[{"embeddable":true,"href":"https:\/\/aclt-acoc.ca\/fr\/wp-json\/wp\/v2\/comments?post=38974"}],"version-history":[{"count":0,"href":"https:\/\/aclt-acoc.ca\/fr\/wp-json\/wp\/v2\/pages\/38974\/revisions"}],"up":[{"embeddable":true,"href":"https:\/\/aclt-acoc.ca\/fr\/wp-json\/wp\/v2\/pages\/38959"}],"wp:attachment":[{"href":"https:\/\/aclt-acoc.ca\/fr\/wp-json\/wp\/v2\/media?parent=38974"}],"curies":[{"name":"wp","href":"https:\/\/api.w.org\/{rel}","templated":true}]}}