{"id":38982,"date":"2021-04-07T11:46:32","date_gmt":"2021-04-07T18:46:32","guid":{"rendered":"https:\/\/aclt-acoc.ca\/renforcement-des-capacites-en-matiere-de-normes-et-pratiques\/6e-norme\/"},"modified":"2021-04-08T14:56:52","modified_gmt":"2021-04-08T21:56:52","slug":"6e-norme","status":"publish","type":"page","link":"https:\/\/aclt-acoc.ca\/fr\/normes-et-pratiques\/6e-norme\/","title":{"rendered":"6e NORME"},"content":{"rendered":"<p>[et_pb_section fb_built=&#8221;1&#8243; _builder_version=&#8221;3.28&#8243;][et_pb_row _builder_version=&#8221;3.28&#8243;][et_pb_column type=&#8221;4_4&#8243; _builder_version=&#8221;3.28&#8243;][et_pb_text admin_label=&#8221;Text&#8221; _builder_version=&#8221;4.9.2&#8243; link_option_url_new_window=&#8221;on&#8221; hover_enabled=&#8221;0&#8243; sticky_enabled=&#8221;0&#8243;]<\/p>\n<h2>6e NORME Surveillance financi\u00e8re<\/h2>\n<p>&nbsp;<\/p>\n<h3>A. Sant\u00e9 financi\u00e8re<\/h3>\n<p><a href=\"https:\/\/aclt-acoc.ca\/wp-content\/uploads\/2021\/01\/2.3-Investment-Principles-Management-OFT-May-14-2014-v1.2-Apr.docx\" target=\"_blank\" rel=\"noopener noreferrer\"><strong>OFT Investment Principles Management <\/strong><\/a>(OLTA)<\/p>\n<p><a href=\"https:\/\/aclt-acoc.ca\/wp-content\/uploads\/2021\/01\/4.2-Financial-Management-Policy-OLTA-May-18-2016-Final-1.pdf\" target=\"_blank\" rel=\"noopener noreferrer\"><strong>Financial Management Policy <\/strong><\/a>(OLTA)<\/p>\n<p><a href=\"https:\/\/aclt-acoc.ca\/wp-content\/uploads\/2021\/01\/10b.-Financial-Management-Policy-BD-Nov-04-2015-Approved.pdf\" target=\"_blank\" rel=\"noopener noreferrer\"><strong>ORMLT Financial Management Policy <\/strong><\/a>(OLTA)<\/p>\n<p><a href=\"https:\/\/aclt-acoc.ca\/wp-content\/uploads\/2021\/01\/11.-Investment-Principles-Management-Policy-BD-Apr-02-2014-Approved.pdf\" target=\"_blank\" rel=\"noopener noreferrer\"><strong>ORMLT Investment Principles and Management Organization Policy <\/strong><\/a>(OLTA)<\/p>\n<p><a href=\"https:\/\/aclt-acoc.ca\/wp-content\/uploads\/2021\/01\/OLTA_Fund_Investment_Policy.pdf\" target=\"_blank\" rel=\"noopener noreferrer\"><strong>Fund Investment Policy <\/strong><\/a>(OLTA)<\/p>\n<p><a href=\"https:\/\/aclt-acoc.ca\/wp-content\/uploads\/2021\/01\/OLTA_Land_securement_Investment_Policy.pdf\" target=\"_blank\" rel=\"noopener noreferrer\"><strong>OLTA Land Securement Investment Policy <\/strong><\/a>(OLTA)<\/p>\n<p><strong><a href=\"https:\/\/aclt-acoc.ca\/wp-content\/uploads\/2021\/02\/01Managing-in-Hard-Times.pdf\" target=\"_blank\" rel=\"noopener noreferrer\">Managing in Hard Times <\/a><\/strong>(RMN)<\/p>\n<p><strong><\/strong><\/p>\n<h3><\/h3>\n<h3>B. Registres financiers<\/h3>\n<p><a href=\"https:\/\/aclt-acoc.ca\/wp-content\/uploads\/2021\/01\/4.8-Records-Management-Safekeeping-June-20-2016-Final-1.doc\" target=\"_blank\" rel=\"noopener noreferrer\"><strong>OLTA Records Management &amp; Safekeeping Policy <\/strong><\/a>(OLTA)<\/p>\n<p><a href=\"https:\/\/aclt-acoc.ca\/wp-content\/uploads\/2021\/01\/2008_05_26-CC-Recordkeeping-Policy-FINAL.pdf\" target=\"_blank\" rel=\"noopener noreferrer\"><strong>TCC Record-keeping Policy <\/strong><\/a>(OLTA)<\/p>\n<h3><\/h3>\n<h3><\/h3>\n<h3><\/h3>\n<h3><span style=\"font-size: 22px;\">C. \u00c9valuation financi\u00e8re ind\u00e9pendante<\/span><\/h3>\n<p><a href=\"https:\/\/aclt-acoc.ca\/wp-content\/uploads\/2021\/01\/4.2-Financial-Management-Policy-OLTA-May-18-2016-Final-2.pdf\" target=\"_blank\" rel=\"noopener noreferrer\"><strong>Financial Management Policy <\/strong><\/a>(OLTA)<\/p>\n<p><a href=\"https:\/\/aclt-acoc.ca\/wp-content\/uploads\/2021\/01\/10b.-Financial-Management-Policy-BD-Nov-04-2015-Approved-1.pdf\" target=\"_blank\" rel=\"noopener noreferrer\"><strong>ORMLT Financial Management Policy <\/strong><\/a>(OLTA)<\/p>\n<p><a href=\"https:\/\/aclt-acoc.ca\/wp-content\/uploads\/2021\/01\/OLTA-2018-2019-Financial_Statements.pdf\" target=\"_blank\" rel=\"noopener noreferrer\"><strong>2018-2019 Financial Statements <\/strong><\/a>(OLTA)<\/p>\n<p><a href=\"https:\/\/aclt-acoc.ca\/wp-content\/uploads\/2021\/01\/Table-of-Contents-Fundraising-Manual.pdf\"><strong><\/strong><\/a><\/p>\n<h3><\/h3>\n<h3><span style=\"font-size: 22px;\">D. Contr\u00f4les internes \u00e9crits<\/span><\/h3>\n<p><a href=\"https:\/\/aclt-acoc.ca\/wp-content\/uploads\/2021\/01\/4.2-Financial-Management-Policy-OLTA-May-18-2016-Final-3.pdf\" target=\"_blank\" rel=\"noopener noreferrer\"><strong>Financial Management Policy <\/strong><\/a>(OLTA)<\/p>\n<p><a href=\"https:\/\/aclt-acoc.ca\/wp-content\/uploads\/2021\/01\/4.8-Records-Management-Safekeeping-June-20-2016-Final-1.doc\" target=\"_blank\" rel=\"noopener noreferrer\"><strong>Records Management &amp; Safekeeping <\/strong><\/a>(OLTA)<\/p>\n<p><a href=\"https:\/\/aclt-acoc.ca\/wp-content\/uploads\/2021\/01\/2008_05_26-CC-Recordkeeping-Policy-FINAL-1.pdf\" target=\"_blank\" rel=\"noopener noreferrer\"><strong>TCC Record-keeping Policy <\/strong><\/a>(OLTA)<\/p>\n<p><a href=\"https:\/\/aclt-acoc.ca\/wp-content\/uploads\/2021\/01\/Financial-Management-Policy-Approved-Nov-2019.pdf\" target=\"_blank\" rel=\"noopener noreferrer\"><strong>ORMLT Financial Management Policy <\/strong><\/a>(OLTA)<\/p>\n<h3><\/h3>\n<h3><\/h3>\n<h3><\/h3>\n<h3>E. Gestion des risques et assurances<\/h3>\n<p><a href=\"https:\/\/aclt-acoc.ca\/wp-content\/uploads\/2021\/01\/4.4-Board-Accountability-Risk-Management_OLTA-Nov-19-2018-Final.pdf\" target=\"_blank\" rel=\"noopener noreferrer\"><strong>Board Accountability and Risk Management Policy <\/strong><\/a>(OLTA)<\/p>\n<p><a href=\"https:\/\/aclt-acoc.ca\/wp-content\/uploads\/2021\/01\/4.17a-OLTA-Risk-Management-Plan-v1.4-Nov-19-2018-FINAL.pdf\" target=\"_blank\" rel=\"noopener noreferrer\"><strong>Risk Management Plan <\/strong><\/a>(OLTA)<\/p>\n<p><a href=\"https:\/\/aclt-acoc.ca\/wp-content\/uploads\/2021\/01\/8.4-OLTA-Insurance-with-DO-Coverage-for-2016-2017.pdf\" target=\"_blank\" rel=\"noopener noreferrer\"><strong>Insurance with DO Coverage for 2016-2017 <\/strong><\/a>(OLTA)<\/p>\n<p><a href=\"https:\/\/aclt-acoc.ca\/wp-content\/uploads\/2021\/01\/19.-Accountability-Risk-Mgmt.-BD-Dec-07-2016-vF.pdf\" target=\"_blank\" rel=\"noopener noreferrer\"><strong>ORMLT Board Accountability and Risk Management Policy <\/strong><\/a>(OLTA)<\/p>\n<p><a href=\"https:\/\/aclt-acoc.ca\/wp-content\/uploads\/2021\/01\/NCC_Liability_Insurance.pdf\" target=\"_blank\" rel=\"noopener noreferrer\"><strong>NCC Liability Insurance <\/strong><\/a>(OLTA)<\/p>\n<p><a href=\"https:\/\/aclt-acoc.ca\/wp-content\/uploads\/2021\/01\/OLTA_Charity-Checklist-1.pdf\" target=\"_blank\" rel=\"noopener noreferrer\"><strong>Charity Risk Management Checklist <\/strong><\/a>(OLTA)<\/p>\n<p><a href=\"https:\/\/aclt-acoc.ca\/wp-content\/uploads\/2021\/02\/Natural-Legacies-Conservation-Covenants-in-BC-Risk-Management-for-Land-Trusts.pdf\" target=\"_blank\" rel=\"noopener noreferrer\"><strong>Debt &amp; Risk Management for Land Trusts <\/strong><\/a>(LTABC)<\/p>\n<p>[\/et_pb_text][\/et_pb_column][\/et_pb_row][\/et_pb_section]<\/p>\n","protected":false},"excerpt":{"rendered":"<p>6e NORME Surveillance financi\u00e8re &nbsp; A. Sant\u00e9 financi\u00e8re OFT Investment Principles Management (OLTA) Financial Management Policy (OLTA) ORMLT Financial Management Policy (OLTA) ORMLT Investment Principles and Management Organization Policy (OLTA) Fund Investment Policy (OLTA) OLTA Land Securement Investment Policy (OLTA) Managing in Hard Times (RMN) B. Registres financiers OLTA Records Management &amp; Safekeeping Policy (OLTA) [&hellip;]<\/p>\n","protected":false},"author":54,"featured_media":0,"parent":38959,"menu_order":0,"comment_status":"closed","ping_status":"closed","template":"","meta":{"_et_pb_use_builder":"on","_et_pb_old_content":"","_et_gb_content_width":"","inline_featured_image":false,"footnotes":""},"class_list":["post-38982","page","type-page","status-publish","hentry"],"yoast_head":"<!-- This site is optimized with the Yoast SEO plugin v27.4 - https:\/\/yoast.com\/product\/yoast-seo-wordpress\/ -->\n<title>6e NORME - Alliance of Canadian Land Trusts<\/title>\n<meta name=\"robots\" content=\"index, follow, max-snippet:-1, max-image-preview:large, max-video-preview:-1\" \/>\n<link rel=\"canonical\" href=\"https:\/\/aclt-acoc.ca\/fr\/normes-et-pratiques\/6e-norme\/\" \/>\n<meta property=\"og:locale\" content=\"fr_FR\" \/>\n<meta property=\"og:type\" content=\"article\" \/>\n<meta property=\"og:title\" content=\"6e NORME - Alliance of Canadian Land Trusts\" \/>\n<meta property=\"og:description\" content=\"6e NORME Surveillance financi\u00e8re &nbsp; A. Sant\u00e9 financi\u00e8re OFT Investment Principles Management (OLTA) Financial Management Policy (OLTA) ORMLT Financial Management Policy (OLTA) ORMLT Investment Principles and Management Organization Policy (OLTA) Fund Investment Policy (OLTA) OLTA Land Securement Investment Policy (OLTA) Managing in Hard Times (RMN) B. Registres financiers OLTA Records Management &amp; Safekeeping Policy (OLTA) [&hellip;]\" \/>\n<meta property=\"og:url\" content=\"https:\/\/aclt-acoc.ca\/fr\/normes-et-pratiques\/6e-norme\/\" \/>\n<meta property=\"og:site_name\" content=\"Alliance of Canadian Land Trusts\" \/>\n<meta property=\"article:modified_time\" content=\"2021-04-08T21:56:52+00:00\" \/>\n<meta name=\"twitter:card\" content=\"summary_large_image\" \/>\n<meta name=\"twitter:label1\" content=\"Dur\u00e9e de lecture estim\u00e9e\" \/>\n\t<meta name=\"twitter:data1\" content=\"1 minute\" \/>\n<script type=\"application\/ld+json\" class=\"yoast-schema-graph\">{\"@context\":\"https:\\\/\\\/schema.org\",\"@graph\":[{\"@type\":\"WebPage\",\"@id\":\"https:\\\/\\\/aclt-acoc.ca\\\/fr\\\/normes-et-pratiques\\\/6e-norme\\\/\",\"url\":\"https:\\\/\\\/aclt-acoc.ca\\\/fr\\\/normes-et-pratiques\\\/6e-norme\\\/\",\"name\":\"6e NORME - Alliance of Canadian Land Trusts\",\"isPartOf\":{\"@id\":\"https:\\\/\\\/aclt-acoc.ca\\\/fr\\\/#website\"},\"datePublished\":\"2021-04-07T18:46:32+00:00\",\"dateModified\":\"2021-04-08T21:56:52+00:00\",\"breadcrumb\":{\"@id\":\"https:\\\/\\\/aclt-acoc.ca\\\/fr\\\/normes-et-pratiques\\\/6e-norme\\\/#breadcrumb\"},\"inLanguage\":\"fr-FR\",\"potentialAction\":[{\"@type\":\"ReadAction\",\"target\":[\"https:\\\/\\\/aclt-acoc.ca\\\/fr\\\/normes-et-pratiques\\\/6e-norme\\\/\"]}]},{\"@type\":\"BreadcrumbList\",\"@id\":\"https:\\\/\\\/aclt-acoc.ca\\\/fr\\\/normes-et-pratiques\\\/6e-norme\\\/#breadcrumb\",\"itemListElement\":[{\"@type\":\"ListItem\",\"position\":1,\"name\":\"Home\",\"item\":\"https:\\\/\\\/aclt-acoc.ca\\\/fr\\\/\"},{\"@type\":\"ListItem\",\"position\":2,\"name\":\"Normes et pratiques\",\"item\":\"https:\\\/\\\/aclt-acoc.ca\\\/fr\\\/normes-et-pratiques\\\/\"},{\"@type\":\"ListItem\",\"position\":3,\"name\":\"6e NORME\"}]},{\"@type\":\"WebSite\",\"@id\":\"https:\\\/\\\/aclt-acoc.ca\\\/fr\\\/#website\",\"url\":\"https:\\\/\\\/aclt-acoc.ca\\\/fr\\\/\",\"name\":\"Alliance of Canadian Land Trusts\",\"description\":\"\",\"potentialAction\":[{\"@type\":\"SearchAction\",\"target\":{\"@type\":\"EntryPoint\",\"urlTemplate\":\"https:\\\/\\\/aclt-acoc.ca\\\/fr\\\/?s={search_term_string}\"},\"query-input\":{\"@type\":\"PropertyValueSpecification\",\"valueRequired\":true,\"valueName\":\"search_term_string\"}}],\"inLanguage\":\"fr-FR\"}]}<\/script>\n<!-- \/ Yoast SEO plugin. -->","yoast_head_json":{"title":"6e NORME - Alliance of Canadian Land Trusts","robots":{"index":"index","follow":"follow","max-snippet":"max-snippet:-1","max-image-preview":"max-image-preview:large","max-video-preview":"max-video-preview:-1"},"canonical":"https:\/\/aclt-acoc.ca\/fr\/normes-et-pratiques\/6e-norme\/","og_locale":"fr_FR","og_type":"article","og_title":"6e NORME - Alliance of Canadian Land Trusts","og_description":"6e NORME Surveillance financi\u00e8re &nbsp; A. Sant\u00e9 financi\u00e8re OFT Investment Principles Management (OLTA) Financial Management Policy (OLTA) ORMLT Financial Management Policy (OLTA) ORMLT Investment Principles and Management Organization Policy (OLTA) Fund Investment Policy (OLTA) OLTA Land Securement Investment Policy (OLTA) Managing in Hard Times (RMN) B. Registres financiers OLTA Records Management &amp; Safekeeping Policy (OLTA) [&hellip;]","og_url":"https:\/\/aclt-acoc.ca\/fr\/normes-et-pratiques\/6e-norme\/","og_site_name":"Alliance of Canadian Land Trusts","article_modified_time":"2021-04-08T21:56:52+00:00","twitter_card":"summary_large_image","twitter_misc":{"Dur\u00e9e de lecture estim\u00e9e":"1 minute"},"schema":{"@context":"https:\/\/schema.org","@graph":[{"@type":"WebPage","@id":"https:\/\/aclt-acoc.ca\/fr\/normes-et-pratiques\/6e-norme\/","url":"https:\/\/aclt-acoc.ca\/fr\/normes-et-pratiques\/6e-norme\/","name":"6e NORME - Alliance of Canadian Land Trusts","isPartOf":{"@id":"https:\/\/aclt-acoc.ca\/fr\/#website"},"datePublished":"2021-04-07T18:46:32+00:00","dateModified":"2021-04-08T21:56:52+00:00","breadcrumb":{"@id":"https:\/\/aclt-acoc.ca\/fr\/normes-et-pratiques\/6e-norme\/#breadcrumb"},"inLanguage":"fr-FR","potentialAction":[{"@type":"ReadAction","target":["https:\/\/aclt-acoc.ca\/fr\/normes-et-pratiques\/6e-norme\/"]}]},{"@type":"BreadcrumbList","@id":"https:\/\/aclt-acoc.ca\/fr\/normes-et-pratiques\/6e-norme\/#breadcrumb","itemListElement":[{"@type":"ListItem","position":1,"name":"Home","item":"https:\/\/aclt-acoc.ca\/fr\/"},{"@type":"ListItem","position":2,"name":"Normes et pratiques","item":"https:\/\/aclt-acoc.ca\/fr\/normes-et-pratiques\/"},{"@type":"ListItem","position":3,"name":"6e NORME"}]},{"@type":"WebSite","@id":"https:\/\/aclt-acoc.ca\/fr\/#website","url":"https:\/\/aclt-acoc.ca\/fr\/","name":"Alliance of Canadian Land Trusts","description":"","potentialAction":[{"@type":"SearchAction","target":{"@type":"EntryPoint","urlTemplate":"https:\/\/aclt-acoc.ca\/fr\/?s={search_term_string}"},"query-input":{"@type":"PropertyValueSpecification","valueRequired":true,"valueName":"search_term_string"}}],"inLanguage":"fr-FR"}]}},"_links":{"self":[{"href":"https:\/\/aclt-acoc.ca\/fr\/wp-json\/wp\/v2\/pages\/38982","targetHints":{"allow":["GET"]}}],"collection":[{"href":"https:\/\/aclt-acoc.ca\/fr\/wp-json\/wp\/v2\/pages"}],"about":[{"href":"https:\/\/aclt-acoc.ca\/fr\/wp-json\/wp\/v2\/types\/page"}],"author":[{"embeddable":true,"href":"https:\/\/aclt-acoc.ca\/fr\/wp-json\/wp\/v2\/users\/54"}],"replies":[{"embeddable":true,"href":"https:\/\/aclt-acoc.ca\/fr\/wp-json\/wp\/v2\/comments?post=38982"}],"version-history":[{"count":0,"href":"https:\/\/aclt-acoc.ca\/fr\/wp-json\/wp\/v2\/pages\/38982\/revisions"}],"up":[{"embeddable":true,"href":"https:\/\/aclt-acoc.ca\/fr\/wp-json\/wp\/v2\/pages\/38959"}],"wp:attachment":[{"href":"https:\/\/aclt-acoc.ca\/fr\/wp-json\/wp\/v2\/media?parent=38982"}],"curies":[{"name":"wp","href":"https:\/\/api.w.org\/{rel}","templated":true}]}}