{"id":38985,"date":"2021-04-07T11:49:02","date_gmt":"2021-04-07T18:49:02","guid":{"rendered":"https:\/\/aclt-acoc.ca\/renforcement-des-capacites-en-matiere-de-normes-et-pratiques\/7e-norme\/"},"modified":"2021-04-08T14:58:25","modified_gmt":"2021-04-08T21:58:25","slug":"7e-norme","status":"publish","type":"page","link":"https:\/\/aclt-acoc.ca\/fr\/normes-et-pratiques\/7e-norme\/","title":{"rendered":"7e NORME"},"content":{"rendered":"<p>[et_pb_section fb_built=&#8221;1&#8243; _builder_version=&#8221;3.28&#8243;][et_pb_row _builder_version=&#8221;3.28&#8243;][et_pb_column type=&#8221;4_4&#8243; _builder_version=&#8221;3.28&#8243;][et_pb_text admin_label=&#8221;Text&#8221; _builder_version=&#8221;4.9.2&#8243; link_option_url_new_window=&#8221;on&#8221; hover_enabled=&#8221;0&#8243; sticky_enabled=&#8221;0&#8243;]<\/p>\n<h2>7e NORME Ressources humaines<\/h2>\n<p>&nbsp;<\/p>\n<h3>A. Ressources<\/h3>\n<p><a href=\"https:\/\/aclt-acoc.ca\/wp-content\/uploads\/2021\/01\/4.10-Human-Resources-Policy-OLTA-May-08-2018-vF-Approved.pdf\" target=\"_blank\" rel=\"noopener noreferrer\"><strong>Human Resources Management Policy <\/strong><\/a>(OLTA)<\/p>\n<p><a href=\"https:\/\/aclt-acoc.ca\/wp-content\/uploads\/2021\/01\/OFT-Strategic-Plan-2017-2020-BD-Jan-10-2017.pdf\" target=\"_blank\" rel=\"noopener noreferrer\"><strong>OFT Strategic Plan 2017-2020 <\/strong><\/a>(OLTA)<\/p>\n<p><strong><a href=\"https:\/\/aclt-acoc.ca\/wp-content\/uploads\/2021\/01\/OLTA_Human_Resources_Buisness_Planning-.doc\" target=\"_blank\" rel=\"noopener noreferrer\">Human Resources Business Planning Template <\/a><\/strong>(OLTA)<\/p>\n<p><strong><\/strong><\/p>\n<h3><span style=\"font-size: 22px;\">B. B\u00e9n\u00e9voles<\/span><\/h3>\n<p><a href=\"https:\/\/aclt-acoc.ca\/wp-content\/uploads\/2021\/01\/2.6-Volunteer-Manual_OFT_Feb2018_rev1.pdf\" target=\"_blank\" rel=\"noopener noreferrer\"><strong>OFT Volunteer Manual <\/strong><\/a>(OLTA)<\/p>\n<p><a href=\"https:\/\/aclt-acoc.ca\/wp-content\/uploads\/2021\/01\/4.7b-Confidentiality-Agreement-Volunteer-OLTA-Template-2016.pdf\" target=\"_blank\" rel=\"noopener noreferrer\"><strong>Confidentiality Agreement Volunteer Template <\/strong><\/a>(OLTA)<\/p>\n<p><strong><a href=\"https:\/\/aclt-acoc.ca\/wp-content\/uploads\/2021\/01\/BTC_Citizen_Scientist.pdf\" target=\"_blank\" rel=\"noopener noreferrer\">BTC Citizen Scientist Volunteer Position Description <\/a><\/strong>(OLTA)<\/p>\n<p><a href=\"https:\/\/aclt-acoc.ca\/wp-content\/uploads\/2021\/01\/Hike_Leader.pdf\" target=\"_blank\" rel=\"noopener noreferrer\"><strong>BTC Hike Leader Volunteer Position Description <\/strong><\/a>(OLTA)<\/p>\n<p><strong><a href=\"https:\/\/aclt-acoc.ca\/wp-content\/uploads\/2021\/01\/OLTA_Human_Resources_Buisness_Planning-.pdf\" target=\"_blank\" rel=\"noopener noreferrer\">Human Resources Business Planning Template <\/a><\/strong>(OLTA)<\/p>\n<p><a href=\"https:\/\/aclt-acoc.ca\/wp-content\/uploads\/2021\/01\/OLTA_Volunteer_Policy.docx\" target=\"_blank\" rel=\"noopener noreferrer\"><strong>Volunteer Policy <\/strong><\/a>(OLTA)<\/p>\n<p><a href=\"https:\/\/aclt-acoc.ca\/wp-content\/uploads\/2021\/01\/OLTA_Volunteer_Position.pdf\" target=\"_blank\" rel=\"noopener noreferrer\"><strong>Volunteer Position Template <\/strong><\/a>(OLTA)<\/p>\n<p><a href=\"https:\/\/aclt-acoc.ca\/wp-content\/uploads\/2021\/01\/volunteer-20orientation-20manual-20v-14-20-february-202019.pdf\" target=\"_blank\" rel=\"noopener noreferrer\"><strong>BTC Volunteer Orientation Manual <\/strong><\/a>(OLTA)<\/p>\n<p><a href=\"https:\/\/aclt-acoc.ca\/wp-content\/uploads\/2021\/01\/volunteer-20training-20manual-20-20february-202019.pdf\" target=\"_blank\" rel=\"noopener noreferrer\"><strong>BTC Volunteer Training Manual <\/strong><\/a>(OLTA)<\/p>\n<p><span style=\"color: #333333; font-family: Quicksand, Helvetica, Arial, Lucida, sans-serif; font-size: 22px;\"><\/span><\/p>\n<p><span style=\"color: #333333; font-family: Quicksand, Helvetica, Arial, Lucida, sans-serif; font-size: 22px;\">C. Consultants ou entrepreneurs<\/span><\/p>\n<p><a href=\"https:\/\/aclt-acoc.ca\/wp-content\/uploads\/2021\/01\/7H-Sample-Consultant-Agreement.doc\" target=\"_blank\" rel=\"noopener noreferrer\"><strong>Sample Consultant Agreement <\/strong><\/a>(OLTA)<\/p>\n<h3><\/h3>\n<h3><\/h3>\n<h3>D. Planification de la transition<\/h3>\n<p><a href=\"https:\/\/aclt-acoc.ca\/wp-content\/uploads\/2021\/01\/1.12-OFT-Emergency-Leadership-Plan-Sept-26-2018-Approved.pdf\" target=\"_blank\" rel=\"noopener noreferrer\"><strong>OFT Emergency Leadership Plan <\/strong><\/a>(OLTA)<\/p>\n<p><a href=\"https:\/\/aclt-acoc.ca\/wp-content\/uploads\/2021\/01\/OLTA_Succession_Planning_Tool.xls\" target=\"_blank\" rel=\"noopener noreferrer\"><strong>Succession Planning Tool <\/strong><\/a>(OLTA)<\/p>\n<p><a href=\"https:\/\/aclt-acoc.ca\/wp-content\/uploads\/2021\/01\/Tips_Leadership_Succession_Planning.pdf\" target=\"_blank\" rel=\"noopener noreferrer\"><strong>Tips for Growing Leadership, Succession Planning and Avoiding Burnout <\/strong><\/a>(OLTA)<\/p>\n<p><a href=\"https:\/\/aclt-acoc.ca\/wp-content\/uploads\/2021\/01\/OLTA-2018-2019-Financial_Statements.pdf\"><strong><\/strong><\/a><\/p>\n<h3><span style=\"font-size: 22px;\">E. Personnel<\/span><\/h3>\n<p><a href=\"https:\/\/aclt-acoc.ca\/wp-content\/uploads\/2021\/01\/4.10-Human-Resources-Policy-OLTA-May-08-2018-vF-Approved-1.pdf\" target=\"_blank\" rel=\"noopener noreferrer\"><strong>Human Resources Management Policy <\/strong><\/a>(OLTA)<\/p>\n<p><a href=\"https:\/\/aclt-acoc.ca\/wp-content\/uploads\/2021\/01\/2006_05_29-Personnel-Policies-modified-Nov.-2013-FINAL.pdf\" target=\"_blank\" rel=\"noopener noreferrer\"><strong>TCC Personnel Policies <\/strong><\/a>(OLTA)<\/p>\n<p><a href=\"https:\/\/aclt-acoc.ca\/wp-content\/uploads\/2021\/01\/2019-Monitoring-and-Outreach-Technician-2.pdf\" target=\"_blank\" rel=\"noopener noreferrer\"><strong>ORMLT Monitoring and Outreach Technician <\/strong><\/a>(OLTA)<\/p>\n<p><a href=\"https:\/\/aclt-acoc.ca\/wp-content\/uploads\/2021\/01\/OLTA_Employment_Contract.doc\" target=\"_blank\" rel=\"noopener noreferrer\"><strong>Employment Contract <\/strong><\/a>(OLTA)<\/p>\n<p><a href=\"https:\/\/aclt-acoc.ca\/wp-content\/uploads\/2021\/01\/OLTA_Performance_Eval.pdf\" target=\"_blank\" rel=\"noopener noreferrer\"><strong>Performance Evaluation <\/strong><\/a>(OLTA)<\/p>\n<p><a href=\"https:\/\/aclt-acoc.ca\/wp-content\/uploads\/2021\/01\/OLTA-EMPLOYEE-ORIENTATION.pdf\" target=\"_blank\" rel=\"noopener noreferrer\"><strong>Employee Orientation <\/strong><\/a>(OLTA)<\/p>\n<h3><\/h3>\n<h3><span style=\"font-size: 22px;\"><\/span><\/h3>\n<h3><span style=\"font-size: 22px;\">F. Sant\u00e9 et s\u00e9curit\u00e9 au travail<\/span><\/h3>\n<p><a href=\"https:\/\/aclt-acoc.ca\/wp-content\/uploads\/2021\/01\/2.7-OFT-Incident-Report-Template.docx\" target=\"_blank\" rel=\"noopener noreferrer\"><strong>OFT Incident Report Template <\/strong><\/a>(OLTA)<\/p>\n<p><a href=\"https:\/\/aclt-acoc.ca\/wp-content\/uploads\/2021\/01\/2010_07_26-Policy-for-CC-Staff-in-the-Field-FINAL.pdf\" target=\"_blank\" rel=\"noopener noreferrer\"><strong>TCC Policy for Staff in the Field <\/strong><\/a>(OLTA)<\/p>\n<p><a href=\"https:\/\/aclt-acoc.ca\/wp-content\/uploads\/2021\/01\/2017_11_01-Health-and-Safety-Policy-FINAL.pdf\" target=\"_blank\" rel=\"noopener noreferrer\"><strong>TCC Health and Safety Policy <\/strong><\/a>(OLTA)<\/p>\n<p><a href=\"https:\/\/aclt-acoc.ca\/wp-content\/uploads\/2021\/01\/Guide-to-the-Occupational-Health-and-Safety-Act-_-Ontario.ca_.pdf\" target=\"_blank\" rel=\"noopener noreferrer\"><strong>Guide to the Occupational Health and Safety Act, Ontario.ca <\/strong><\/a>(OLTA)<\/p>\n<p><a href=\"https:\/\/aclt-acoc.ca\/wp-content\/uploads\/2021\/01\/OLTA_Charity-Checklist-1.pdf\"><strong><\/strong><\/a><\/p>\n<p>[\/et_pb_text][\/et_pb_column][\/et_pb_row][\/et_pb_section]<\/p>\n","protected":false},"excerpt":{"rendered":"<p>7e NORME Ressources humaines &nbsp; A. Ressources Human Resources Management Policy (OLTA) OFT Strategic Plan 2017-2020 (OLTA) Human Resources Business Planning Template (OLTA) B. B\u00e9n\u00e9voles OFT Volunteer Manual (OLTA) Confidentiality Agreement Volunteer Template (OLTA) BTC Citizen Scientist Volunteer Position Description (OLTA) BTC Hike Leader Volunteer Position Description (OLTA) Human Resources Business Planning Template (OLTA) Volunteer [&hellip;]<\/p>\n","protected":false},"author":54,"featured_media":0,"parent":38959,"menu_order":0,"comment_status":"closed","ping_status":"closed","template":"","meta":{"_et_pb_use_builder":"on","_et_pb_old_content":"","_et_gb_content_width":"","inline_featured_image":false,"footnotes":""},"class_list":["post-38985","page","type-page","status-publish","hentry"],"yoast_head":"<!-- This site is optimized with the Yoast SEO plugin v27.5 - https:\/\/yoast.com\/product\/yoast-seo-wordpress\/ -->\n<title>7e NORME - Alliance of Canadian Land Trusts<\/title>\n<meta name=\"robots\" content=\"index, follow, max-snippet:-1, max-image-preview:large, max-video-preview:-1\" \/>\n<link rel=\"canonical\" href=\"https:\/\/aclt-acoc.ca\/fr\/normes-et-pratiques\/7e-norme\/\" \/>\n<meta property=\"og:locale\" content=\"fr_FR\" \/>\n<meta property=\"og:type\" content=\"article\" \/>\n<meta property=\"og:title\" content=\"7e NORME - Alliance of Canadian Land Trusts\" \/>\n<meta property=\"og:description\" content=\"7e NORME Ressources humaines &nbsp; A. Ressources Human Resources Management Policy (OLTA) OFT Strategic Plan 2017-2020 (OLTA) Human Resources Business Planning Template (OLTA) B. B\u00e9n\u00e9voles OFT Volunteer Manual (OLTA) Confidentiality Agreement Volunteer Template (OLTA) BTC Citizen Scientist Volunteer Position Description (OLTA) BTC Hike Leader Volunteer Position Description (OLTA) Human Resources Business Planning Template (OLTA) Volunteer [&hellip;]\" \/>\n<meta property=\"og:url\" content=\"https:\/\/aclt-acoc.ca\/fr\/normes-et-pratiques\/7e-norme\/\" \/>\n<meta property=\"og:site_name\" content=\"Alliance of Canadian Land Trusts\" \/>\n<meta property=\"article:modified_time\" content=\"2021-04-08T21:58:25+00:00\" \/>\n<meta name=\"twitter:card\" content=\"summary_large_image\" \/>\n<meta name=\"twitter:label1\" content=\"Dur\u00e9e de lecture estim\u00e9e\" \/>\n\t<meta name=\"twitter:data1\" content=\"1 minute\" \/>\n<script type=\"application\/ld+json\" class=\"yoast-schema-graph\">{\"@context\":\"https:\\\/\\\/schema.org\",\"@graph\":[{\"@type\":\"WebPage\",\"@id\":\"https:\\\/\\\/aclt-acoc.ca\\\/fr\\\/normes-et-pratiques\\\/7e-norme\\\/\",\"url\":\"https:\\\/\\\/aclt-acoc.ca\\\/fr\\\/normes-et-pratiques\\\/7e-norme\\\/\",\"name\":\"7e NORME - Alliance of Canadian Land Trusts\",\"isPartOf\":{\"@id\":\"https:\\\/\\\/aclt-acoc.ca\\\/fr\\\/#website\"},\"datePublished\":\"2021-04-07T18:49:02+00:00\",\"dateModified\":\"2021-04-08T21:58:25+00:00\",\"breadcrumb\":{\"@id\":\"https:\\\/\\\/aclt-acoc.ca\\\/fr\\\/normes-et-pratiques\\\/7e-norme\\\/#breadcrumb\"},\"inLanguage\":\"fr-FR\",\"potentialAction\":[{\"@type\":\"ReadAction\",\"target\":[\"https:\\\/\\\/aclt-acoc.ca\\\/fr\\\/normes-et-pratiques\\\/7e-norme\\\/\"]}]},{\"@type\":\"BreadcrumbList\",\"@id\":\"https:\\\/\\\/aclt-acoc.ca\\\/fr\\\/normes-et-pratiques\\\/7e-norme\\\/#breadcrumb\",\"itemListElement\":[{\"@type\":\"ListItem\",\"position\":1,\"name\":\"Home\",\"item\":\"https:\\\/\\\/aclt-acoc.ca\\\/fr\\\/\"},{\"@type\":\"ListItem\",\"position\":2,\"name\":\"Normes et pratiques\",\"item\":\"https:\\\/\\\/aclt-acoc.ca\\\/fr\\\/normes-et-pratiques\\\/\"},{\"@type\":\"ListItem\",\"position\":3,\"name\":\"7e NORME\"}]},{\"@type\":\"WebSite\",\"@id\":\"https:\\\/\\\/aclt-acoc.ca\\\/fr\\\/#website\",\"url\":\"https:\\\/\\\/aclt-acoc.ca\\\/fr\\\/\",\"name\":\"Alliance of Canadian Land Trusts\",\"description\":\"\",\"potentialAction\":[{\"@type\":\"SearchAction\",\"target\":{\"@type\":\"EntryPoint\",\"urlTemplate\":\"https:\\\/\\\/aclt-acoc.ca\\\/fr\\\/?s={search_term_string}\"},\"query-input\":{\"@type\":\"PropertyValueSpecification\",\"valueRequired\":true,\"valueName\":\"search_term_string\"}}],\"inLanguage\":\"fr-FR\"}]}<\/script>\n<!-- \/ Yoast SEO plugin. -->","yoast_head_json":{"title":"7e NORME - Alliance of Canadian Land Trusts","robots":{"index":"index","follow":"follow","max-snippet":"max-snippet:-1","max-image-preview":"max-image-preview:large","max-video-preview":"max-video-preview:-1"},"canonical":"https:\/\/aclt-acoc.ca\/fr\/normes-et-pratiques\/7e-norme\/","og_locale":"fr_FR","og_type":"article","og_title":"7e NORME - Alliance of Canadian Land Trusts","og_description":"7e NORME Ressources humaines &nbsp; A. Ressources Human Resources Management Policy (OLTA) OFT Strategic Plan 2017-2020 (OLTA) Human Resources Business Planning Template (OLTA) B. B\u00e9n\u00e9voles OFT Volunteer Manual (OLTA) Confidentiality Agreement Volunteer Template (OLTA) BTC Citizen Scientist Volunteer Position Description (OLTA) BTC Hike Leader Volunteer Position Description (OLTA) Human Resources Business Planning Template (OLTA) Volunteer [&hellip;]","og_url":"https:\/\/aclt-acoc.ca\/fr\/normes-et-pratiques\/7e-norme\/","og_site_name":"Alliance of Canadian Land Trusts","article_modified_time":"2021-04-08T21:58:25+00:00","twitter_card":"summary_large_image","twitter_misc":{"Dur\u00e9e de lecture estim\u00e9e":"1 minute"},"schema":{"@context":"https:\/\/schema.org","@graph":[{"@type":"WebPage","@id":"https:\/\/aclt-acoc.ca\/fr\/normes-et-pratiques\/7e-norme\/","url":"https:\/\/aclt-acoc.ca\/fr\/normes-et-pratiques\/7e-norme\/","name":"7e NORME - Alliance of Canadian Land Trusts","isPartOf":{"@id":"https:\/\/aclt-acoc.ca\/fr\/#website"},"datePublished":"2021-04-07T18:49:02+00:00","dateModified":"2021-04-08T21:58:25+00:00","breadcrumb":{"@id":"https:\/\/aclt-acoc.ca\/fr\/normes-et-pratiques\/7e-norme\/#breadcrumb"},"inLanguage":"fr-FR","potentialAction":[{"@type":"ReadAction","target":["https:\/\/aclt-acoc.ca\/fr\/normes-et-pratiques\/7e-norme\/"]}]},{"@type":"BreadcrumbList","@id":"https:\/\/aclt-acoc.ca\/fr\/normes-et-pratiques\/7e-norme\/#breadcrumb","itemListElement":[{"@type":"ListItem","position":1,"name":"Home","item":"https:\/\/aclt-acoc.ca\/fr\/"},{"@type":"ListItem","position":2,"name":"Normes et pratiques","item":"https:\/\/aclt-acoc.ca\/fr\/normes-et-pratiques\/"},{"@type":"ListItem","position":3,"name":"7e NORME"}]},{"@type":"WebSite","@id":"https:\/\/aclt-acoc.ca\/fr\/#website","url":"https:\/\/aclt-acoc.ca\/fr\/","name":"Alliance of Canadian Land Trusts","description":"","potentialAction":[{"@type":"SearchAction","target":{"@type":"EntryPoint","urlTemplate":"https:\/\/aclt-acoc.ca\/fr\/?s={search_term_string}"},"query-input":{"@type":"PropertyValueSpecification","valueRequired":true,"valueName":"search_term_string"}}],"inLanguage":"fr-FR"}]}},"_links":{"self":[{"href":"https:\/\/aclt-acoc.ca\/fr\/wp-json\/wp\/v2\/pages\/38985","targetHints":{"allow":["GET"]}}],"collection":[{"href":"https:\/\/aclt-acoc.ca\/fr\/wp-json\/wp\/v2\/pages"}],"about":[{"href":"https:\/\/aclt-acoc.ca\/fr\/wp-json\/wp\/v2\/types\/page"}],"author":[{"embeddable":true,"href":"https:\/\/aclt-acoc.ca\/fr\/wp-json\/wp\/v2\/users\/54"}],"replies":[{"embeddable":true,"href":"https:\/\/aclt-acoc.ca\/fr\/wp-json\/wp\/v2\/comments?post=38985"}],"version-history":[{"count":0,"href":"https:\/\/aclt-acoc.ca\/fr\/wp-json\/wp\/v2\/pages\/38985\/revisions"}],"up":[{"embeddable":true,"href":"https:\/\/aclt-acoc.ca\/fr\/wp-json\/wp\/v2\/pages\/38959"}],"wp:attachment":[{"href":"https:\/\/aclt-acoc.ca\/fr\/wp-json\/wp\/v2\/media?parent=38985"}],"curies":[{"name":"wp","href":"https:\/\/api.w.org\/{rel}","templated":true}]}}