{"id":38991,"date":"2021-04-07T11:55:45","date_gmt":"2021-04-07T18:55:45","guid":{"rendered":"https:\/\/aclt-acoc.ca\/renforcement-des-capacites-en-matiere-de-normes-et-pratiques\/9e-norme\/"},"modified":"2021-04-08T15:03:16","modified_gmt":"2021-04-08T22:03:16","slug":"9e-norme","status":"publish","type":"page","link":"https:\/\/aclt-acoc.ca\/fr\/normes-et-pratiques\/9e-norme\/","title":{"rendered":"9e NORME"},"content":{"rendered":"<p>[et_pb_section fb_built=&#8221;1&#8243; _builder_version=&#8221;3.28&#8243;][et_pb_row _builder_version=&#8221;3.28&#8243;][et_pb_column type=&#8221;4_4&#8243; _builder_version=&#8221;3.28&#8243;][et_pb_text admin_label=&#8221;Text&#8221; _builder_version=&#8221;4.9.2&#8243; link_option_url_new_window=&#8221;on&#8221; hover_enabled=&#8221;0&#8243; sticky_enabled=&#8221;0&#8243;]<\/p>\n<h2>9e NORME Assurance de la conformit\u00e9 des transactions<\/h2>\n<p>&nbsp;<\/p>\n<h3>A. Examen juridique et expertise technique<\/h3>\n<p><a href=\"https:\/\/aclt-acoc.ca\/wp-content\/uploads\/2021\/01\/Directory-of-Certified-Specialists-Law-Society-of-Ontario.html\" target=\"_blank\" rel=\"noopener noreferrer\"><strong>Directory of Certified Specialists, Law Society of Ontario <\/strong><\/a>(OLTA)<\/p>\n<p><a href=\"https:\/\/aclt-acoc.ca\/wp-content\/uploads\/2021\/01\/Find-a-Surveyor-Module-AOLS-_-The-Association-of-Ontario-Land-Surveyors.html\" target=\"_blank\" rel=\"noopener noreferrer\"><strong>Find a Surveyor Module, The Association of Ontario Land Surveyors <\/strong><\/a>(OLTA)<\/p>\n<p><a href=\"https:\/\/aclt-acoc.ca\/wp-content\/uploads\/2021\/01\/Home-_-Appraisal-Institute-of-Canada-1.html\" target=\"_blank\" rel=\"noopener\"><strong>Appraisal Institute of Canada<\/strong><\/a> (OLTA)<\/p>\n<p><a href=\"https:\/\/aclt-acoc.ca\/wp-content\/uploads\/2021\/02\/08Sequence_Ideale.pdf\" target=\"_blank\" rel=\"noopener noreferrer\"><strong>La s\u00e9quence id\u00e9ale <\/strong><\/a>(RMN)<\/p>\n<p><a href=\"https:\/\/aclt-acoc.ca\/wp-content\/uploads\/2021\/02\/012Mandat-de-larpenteur.pdf\" target=\"_blank\" rel=\"noopener noreferrer\"><strong>Mandat de l&#8217;arpenteur-g\u00e9om\u00e8tre <\/strong><\/a>(RMN)<\/p>\n<p><a href=\"https:\/\/aclt-acoc.ca\/wp-content\/uploads\/2021\/02\/015-Mandat-du-notaire.pdf\" target=\"_blank\" rel=\"noopener noreferrer\"><strong>Mandat du notaire <\/strong><\/a>(RMN)<\/p>\n<p><a href=\"https:\/\/aclt-acoc.ca\/wp-content\/uploads\/2021\/01\/Wilson2011DocumentingBiodiveristy.pdf\"><strong><\/strong><\/a><\/p>\n<h3><\/h3>\n<h3>B. Conseils juridiques et financiers<br \/><strong style=\"font-size: 17px; color: #666666; font-family: 'Open Sans', Arial, sans-serif;\"><\/strong><\/h3>\n<p><strong><a href=\"https:\/\/aclt-acoc.ca\/wp-content\/uploads\/2021\/01\/8C-Property-Securement-Process-OLT-Checklist-for-Projects-1.pdf\" target=\"_blank\" rel=\"noopener noreferrer\">OLT Property Securement Process Checklist for Projects <\/a><\/strong>(OLTA)<\/p>\n<p><a href=\"https:\/\/aclt-acoc.ca\/wp-content\/uploads\/2021\/01\/Z-Land-Securement-OFT-Appendix-IV-Checklist-1.pdf\" target=\"_blank\" rel=\"noopener noreferrer\"><strong>OFT Appendix IV, Land Securement Procedural Checklist <\/strong><\/a>(OLTA)<\/p>\n<p><a href=\"https:\/\/aclt-acoc.ca\/wp-content\/uploads\/2021\/02\/016-Manuel-Acquisition.pdf\" target=\"_blank\" rel=\"noopener noreferrer\"><strong>Manuel Acquisition <\/strong><\/a>(RMN)<\/p>\n<h3><\/h3>\n<h3><\/h3>\n<h3>C. Diligence raisonnable en mati\u00e8re d\u2019environnement<\/h3>\n<p><a href=\"https:\/\/aclt-acoc.ca\/wp-content\/uploads\/2021\/01\/8D-Draft_Env_Assessment.doc\" target=\"_blank\" rel=\"noopener noreferrer\"><strong>Draft Environmental Assessment Form <\/strong><\/a>(OLTA)<\/p>\n<p><a href=\"https:\/\/aclt-acoc.ca\/wp-content\/uploads\/2021\/01\/OLTA_Natural_Values_Site_Assessment.doc\"><strong><\/strong><\/a><a href=\"https:\/\/aclt-acoc.ca\/wp-content\/uploads\/2021\/01\/CVC-Land-Securement-and-Disposition-Policies-With-Resolution1.pdf\" target=\"_blank\" rel=\"noopener noreferrer\"><strong>CVC Land Securement and Disposition Policies <\/strong><\/a>(OLTA)<\/p>\n<p><a href=\"https:\/\/aclt-acoc.ca\/wp-content\/uploads\/2021\/02\/016-Manuel-Acquisition.pdf\" target=\"_blank\" rel=\"noopener noreferrer\"><strong>Manuel Acquisition <\/strong><\/a>(RMN)<\/p>\n<p><a href=\"https:\/\/aclt-acoc.ca\/wp-content\/uploads\/2021\/01\/Table-of-Contents-Fundraising-Manual.pdf\"><strong><\/strong><\/a><\/p>\n<h3><\/h3>\n<h3>D. D\u00e9termination des limites de la propri\u00e9t\u00e9<\/h3>\n<p><a href=\"https:\/\/aclt-acoc.ca\/wp-content\/uploads\/2021\/01\/1-OFTL1.pdf\" target=\"_blank\" rel=\"noopener noreferrer\"><strong>OFT Securing Land for Agriculture and Conservation, Strategy and Criteria <\/strong><\/a>(OLTA)<\/p>\n<p><a href=\"https:\/\/aclt-acoc.ca\/wp-content\/uploads\/2021\/01\/8C-Property-Securement-Process-OLT-Checklist-for-Projects-2.pdf\" target=\"_blank\" rel=\"noopener noreferrer\"><strong>OLT Property Securement Process Checklist for Projects <\/strong><\/a>(OLTA)<\/p>\n<p><a href=\"https:\/\/aclt-acoc.ca\/wp-content\/uploads\/2021\/01\/Boundaries-and-Your-Land-AOLS-_-The-Association-of-Ontario-Land-Surveyors.html\" target=\"_blank\" rel=\"noopener noreferrer\"><strong>Boundaries and Your Land, The Association of Ontario Land Surveyors <\/strong><\/a>(OLTA)<\/p>\n<p><a href=\"https:\/\/aclt-acoc.ca\/wp-content\/uploads\/2021\/01\/Z-Land-Securement-OFT-Appendix-IV-Checklist-2.pdf\" target=\"_blank\" rel=\"noopener noreferrer\"><strong>OFT Appendix IV, Land Securement Procedural Checklist <\/strong><\/a>(OLTA)<\/p>\n<p><a href=\"https:\/\/aclt-acoc.ca\/wp-content\/uploads\/2021\/02\/Natural-Legacies-Conservation-Covenants-in-BC-Subsurface-Rights-and-Conservation-Concenants-in-B.C.-.pdf\" target=\"_blank\" rel=\"noopener noreferrer\"><strong>Subsurface Rights and Conservation Covenants <\/strong><\/a>(LTABC)<\/p>\n<p><a href=\"https:\/\/aclt-acoc.ca\/wp-content\/uploads\/2021\/02\/016-Manuel-Acquisition.pdf\" target=\"_blank\" rel=\"noopener noreferrer\"><strong>Manuel Acquisition <\/strong><\/a>(RMN)<\/p>\n<h3><\/h3>\n<h3><\/h3>\n<h3>E. R\u00e9daction des accords de conservation<\/h3>\n<p><a href=\"https:\/\/aclt-acoc.ca\/wp-content\/uploads\/2021\/01\/3-OFT-Farmland-Easement-Template-Feb-24-2015-Final.pdf\" target=\"_blank\" rel=\"noopener noreferrer\"><strong>OFT Farmland Easement Template <\/strong><\/a>(OLTA)<\/p>\n<p><a href=\"https:\/\/aclt-acoc.ca\/wp-content\/uploads\/2021\/01\/8a-OFT-Factsheet-1-How-To-Protect-Your-Farm.pdf\" target=\"_blank\" rel=\"noopener noreferrer\"><strong>OFT Factsheet 1 How To Protect Your Farm <\/strong><\/a>(OLTA)<\/p>\n<p><a href=\"https:\/\/aclt-acoc.ca\/wp-content\/uploads\/2021\/01\/8b-OFT-Factsheet-2-Understanding-Easements.pdf\" target=\"_blank\" rel=\"noopener noreferrer\"><strong>OFT Factsheet 2 Understanding Easements <\/strong><\/a>(OLTA)<\/p>\n<p><a href=\"https:\/\/aclt-acoc.ca\/wp-content\/uploads\/2021\/01\/8c-OFT-Factsheet-3-Financial-and-Tax-Benefits.pdf\" target=\"_blank\" rel=\"noopener noreferrer\"><strong>OFT Factsheet 3 Financial and Tax Benefits <\/strong><\/a>(OLTA)<\/p>\n<p><a href=\"https:\/\/aclt-acoc.ca\/wp-content\/uploads\/2021\/01\/8d-OFT-Factsheet-4-Easements-Step-by-Step.pdf\" target=\"_blank\" rel=\"noopener noreferrer\"><strong>OFT Factsheet 4 Easements Step-by-Step <\/strong><\/a>(OLTA)<\/p>\n<p><a href=\"https:\/\/aclt-acoc.ca\/wp-content\/uploads\/2021\/01\/C1-ORMLT-Conservation-Easement-Agreement-Sample-pt-1.pdf\" target=\"_blank\" rel=\"noopener noreferrer\"><strong>ORMLT Conservation Easement Agreement Sample <\/strong><\/a>(OLTA)<\/p>\n<p><a href=\"https:\/\/aclt-acoc.ca\/wp-content\/uploads\/2021\/01\/CEA-Best-Practices-FINAL.pdf\" target=\"_blank\" rel=\"noopener noreferrer\"><strong>Conservation Easement Agreements Best Practices <\/strong><\/a>(OLTA)<\/p>\n<p><a href=\"https:\/\/aclt-acoc.ca\/wp-content\/uploads\/2021\/01\/DL_CE_Drafting_CH2_reduced.pdf\" target=\"_blank\" rel=\"noopener noreferrer\"><strong>Drafting Conservation Easements <\/strong><\/a>(OLTA)<\/p>\n<p><strong><a href=\"https:\/\/aclt-acoc.ca\/wp-content\/uploads\/2021\/01\/OLTA-Annotated-Cons-Agreement-Oct-21-2008.pdf\" target=\"_blank\" rel=\"noopener noreferrer\">Annotated Sample Conservation Agreement <\/a><\/strong>(OLTA)<\/p>\n<p><a href=\"https:\/\/aclt-acoc.ca\/wp-content\/uploads\/2021\/02\/greening_your_title_final_reduced.pdf\" target=\"_blank\" rel=\"noopener noreferrer\"><strong>Greening Your Title (West Coast Environmental Law, 2013) <\/strong><\/a>(LTABC)<\/p>\n<h3><\/h3>\n<h3><\/h3>\n<h3>F. V\u00e9rification des titres et inscriptions au registre<\/h3>\n<p><a href=\"https:\/\/aclt-acoc.ca\/wp-content\/uploads\/2021\/01\/Overview-of-land-registry-_-Ontario.ca_.html\" target=\"_blank\" rel=\"noopener noreferrer\"><strong>Overview of land registry, Ontario.ca <\/strong><\/a>(OLTA)<\/p>\n<p><a href=\"https:\/\/aclt-acoc.ca\/wp-content\/uploads\/2021\/01\/Search-land-registration-documents-_-Ontario.ca_.html\" target=\"_blank\" rel=\"noopener noreferrer\"><strong>Search land registration documents, Ontario.ca <\/strong><\/a>(OLTA)<\/p>\n<p><strong><a href=\"https:\/\/aclt-acoc.ca\/wp-content\/uploads\/2021\/01\/Z-Land-Securement-OFT-Appendix-IV-Checklist-3.pdf\" target=\"_blank\" rel=\"noopener noreferrer\">OFT Appendix IV, Land Securement Procedural Checklist <\/a><\/strong>(OLTA)<\/p>\n<p><a href=\"https:\/\/aclt-acoc.ca\/wp-content\/uploads\/2021\/02\/016-Manuel-Acquisition.pdf\" target=\"_blank\" rel=\"noopener noreferrer\"><strong>Manuel Acquisition <\/strong><\/a>(RMN)<\/p>\n<h3><\/h3>\n<h3><\/h3>\n<h3>G. Tenue des dossiers<\/h3>\n<p><a href=\"https:\/\/aclt-acoc.ca\/wp-content\/uploads\/2021\/01\/2D1-Annotated-Record-Keeping-Policy1.pdf\" target=\"_blank\" rel=\"noopener noreferrer\"><strong>Annotated Record Keeping Policy <\/strong><\/a>(OLTA)<\/p>\n<p><a href=\"https:\/\/aclt-acoc.ca\/wp-content\/uploads\/2021\/01\/4.8-Records-Management-Safekeeping-June-20-2016-Final-2.doc\" target=\"_blank\" rel=\"noopener noreferrer\"><strong>Records Management &amp; Safekeeping Policy <\/strong><\/a>(OLTA)<\/p>\n<p><a href=\"https:\/\/aclt-acoc.ca\/wp-content\/uploads\/2021\/01\/2008_05_26-CC-Recordkeeping-Policy-FINAL-2.pdf\" target=\"_blank\" rel=\"noopener noreferrer\"><strong>TCC Record-keeping Policy <\/strong><\/a>(OLTA)<\/p>\n<p><strong><a href=\"https:\/\/aclt-acoc.ca\/wp-content\/uploads\/2021\/01\/OLTA_F9_Record_Keeping.pdf\" target=\"_blank\" rel=\"noopener noreferrer\">Factsheet 9, Record Keeping <\/a><\/strong>(OLTA)<\/p>\n<h3><\/h3>\n<h3><\/h3>\n<h3>H. Acquisition de terres et d\u2019accords de conservation<\/h3>\n<p><a href=\"https:\/\/aclt-acoc.ca\/wp-content\/uploads\/2021\/02\/07Declaration-dintention.pdf\" target=\"_blank\" rel=\"noopener noreferrer\"><strong>D\u00e9claration d&#8217;intention <\/strong><\/a>(RMN)<\/p>\n<p><a href=\"https:\/\/aclt-acoc.ca\/wp-content\/uploads\/2021\/02\/014-Exemple-de-demande-dexamen-devaluation.pdf\" target=\"_blank\" rel=\"noopener noreferrer\"><strong>Exemple de demande d&#8217;\u00e9valuation et JVM <\/strong><\/a>(RMN)<\/p>\n<p><strong><a href=\"https:\/\/aclt-acoc.ca\/wp-content\/uploads\/2021\/02\/016-Manuel-Acquisition.pdf\" target=\"_blank\" rel=\"noopener noreferrer\">Manuel Acquisition<\/a><\/strong> (RMN)<\/p>\n<h3><\/h3>\n<h3><\/h3>\n<h3>I. Vente ou transfert de terres ou d\u2019accords de conservation<\/h3>\n<p><a href=\"https:\/\/aclt-acoc.ca\/wp-content\/uploads\/2021\/02\/016-Manuel-Acquisition.pdf\" target=\"_blank\" rel=\"noopener noreferrer\"><strong>Manuel Acquisition<\/strong><\/a> (RMN)<\/p>\n<p><a href=\"https:\/\/aclt-acoc.ca\/wp-content\/uploads\/2021\/01\/OLTA_Charity-Checklist-1.pdf\"><strong><\/strong><\/a><\/p>\n<p>[\/et_pb_text][\/et_pb_column][\/et_pb_row][\/et_pb_section]<\/p>\n","protected":false},"excerpt":{"rendered":"<p>9e NORME Assurance de la conformit\u00e9 des transactions &nbsp; A. Examen juridique et expertise technique Directory of Certified Specialists, Law Society of Ontario (OLTA) Find a Surveyor Module, The Association of Ontario Land Surveyors (OLTA) Appraisal Institute of Canada (OLTA) La s\u00e9quence id\u00e9ale (RMN) Mandat de l&#8217;arpenteur-g\u00e9om\u00e8tre (RMN) Mandat du notaire (RMN) B. Conseils juridiques [&hellip;]<\/p>\n","protected":false},"author":54,"featured_media":0,"parent":38959,"menu_order":0,"comment_status":"closed","ping_status":"closed","template":"","meta":{"_et_pb_use_builder":"on","_et_pb_old_content":"","_et_gb_content_width":"","inline_featured_image":false,"footnotes":""},"class_list":["post-38991","page","type-page","status-publish","hentry"],"yoast_head":"<!-- This site is optimized with the Yoast SEO plugin v27.4 - https:\/\/yoast.com\/product\/yoast-seo-wordpress\/ -->\n<title>9e NORME - Alliance of Canadian Land Trusts<\/title>\n<meta name=\"robots\" content=\"index, follow, max-snippet:-1, max-image-preview:large, max-video-preview:-1\" \/>\n<link rel=\"canonical\" href=\"https:\/\/aclt-acoc.ca\/fr\/normes-et-pratiques\/9e-norme\/\" \/>\n<meta property=\"og:locale\" content=\"fr_FR\" \/>\n<meta property=\"og:type\" content=\"article\" \/>\n<meta property=\"og:title\" content=\"9e NORME - Alliance of Canadian Land Trusts\" \/>\n<meta property=\"og:description\" content=\"9e NORME Assurance de la conformit\u00e9 des transactions &nbsp; A. Examen juridique et expertise technique Directory of Certified Specialists, Law Society of Ontario (OLTA) Find a Surveyor Module, The Association of Ontario Land Surveyors (OLTA) Appraisal Institute of Canada (OLTA) La s\u00e9quence id\u00e9ale (RMN) Mandat de l&#039;arpenteur-g\u00e9om\u00e8tre (RMN) Mandat du notaire (RMN) B. Conseils juridiques [&hellip;]\" \/>\n<meta property=\"og:url\" content=\"https:\/\/aclt-acoc.ca\/fr\/normes-et-pratiques\/9e-norme\/\" \/>\n<meta property=\"og:site_name\" content=\"Alliance of Canadian Land Trusts\" \/>\n<meta property=\"article:modified_time\" content=\"2021-04-08T22:03:16+00:00\" \/>\n<meta name=\"twitter:card\" content=\"summary_large_image\" \/>\n<meta name=\"twitter:label1\" content=\"Dur\u00e9e de lecture estim\u00e9e\" \/>\n\t<meta name=\"twitter:data1\" content=\"2 minutes\" \/>\n<script type=\"application\/ld+json\" class=\"yoast-schema-graph\">{\"@context\":\"https:\\\/\\\/schema.org\",\"@graph\":[{\"@type\":\"WebPage\",\"@id\":\"https:\\\/\\\/aclt-acoc.ca\\\/fr\\\/normes-et-pratiques\\\/9e-norme\\\/\",\"url\":\"https:\\\/\\\/aclt-acoc.ca\\\/fr\\\/normes-et-pratiques\\\/9e-norme\\\/\",\"name\":\"9e NORME - Alliance of Canadian Land Trusts\",\"isPartOf\":{\"@id\":\"https:\\\/\\\/aclt-acoc.ca\\\/fr\\\/#website\"},\"datePublished\":\"2021-04-07T18:55:45+00:00\",\"dateModified\":\"2021-04-08T22:03:16+00:00\",\"breadcrumb\":{\"@id\":\"https:\\\/\\\/aclt-acoc.ca\\\/fr\\\/normes-et-pratiques\\\/9e-norme\\\/#breadcrumb\"},\"inLanguage\":\"fr-FR\",\"potentialAction\":[{\"@type\":\"ReadAction\",\"target\":[\"https:\\\/\\\/aclt-acoc.ca\\\/fr\\\/normes-et-pratiques\\\/9e-norme\\\/\"]}]},{\"@type\":\"BreadcrumbList\",\"@id\":\"https:\\\/\\\/aclt-acoc.ca\\\/fr\\\/normes-et-pratiques\\\/9e-norme\\\/#breadcrumb\",\"itemListElement\":[{\"@type\":\"ListItem\",\"position\":1,\"name\":\"Home\",\"item\":\"https:\\\/\\\/aclt-acoc.ca\\\/fr\\\/\"},{\"@type\":\"ListItem\",\"position\":2,\"name\":\"Normes et pratiques\",\"item\":\"https:\\\/\\\/aclt-acoc.ca\\\/fr\\\/normes-et-pratiques\\\/\"},{\"@type\":\"ListItem\",\"position\":3,\"name\":\"9e NORME\"}]},{\"@type\":\"WebSite\",\"@id\":\"https:\\\/\\\/aclt-acoc.ca\\\/fr\\\/#website\",\"url\":\"https:\\\/\\\/aclt-acoc.ca\\\/fr\\\/\",\"name\":\"Alliance of Canadian Land Trusts\",\"description\":\"\",\"potentialAction\":[{\"@type\":\"SearchAction\",\"target\":{\"@type\":\"EntryPoint\",\"urlTemplate\":\"https:\\\/\\\/aclt-acoc.ca\\\/fr\\\/?s={search_term_string}\"},\"query-input\":{\"@type\":\"PropertyValueSpecification\",\"valueRequired\":true,\"valueName\":\"search_term_string\"}}],\"inLanguage\":\"fr-FR\"}]}<\/script>\n<!-- \/ Yoast SEO plugin. -->","yoast_head_json":{"title":"9e NORME - Alliance of Canadian Land Trusts","robots":{"index":"index","follow":"follow","max-snippet":"max-snippet:-1","max-image-preview":"max-image-preview:large","max-video-preview":"max-video-preview:-1"},"canonical":"https:\/\/aclt-acoc.ca\/fr\/normes-et-pratiques\/9e-norme\/","og_locale":"fr_FR","og_type":"article","og_title":"9e NORME - Alliance of Canadian Land Trusts","og_description":"9e NORME Assurance de la conformit\u00e9 des transactions &nbsp; A. Examen juridique et expertise technique Directory of Certified Specialists, Law Society of Ontario (OLTA) Find a Surveyor Module, The Association of Ontario Land Surveyors (OLTA) Appraisal Institute of Canada (OLTA) La s\u00e9quence id\u00e9ale (RMN) Mandat de l'arpenteur-g\u00e9om\u00e8tre (RMN) Mandat du notaire (RMN) B. Conseils juridiques [&hellip;]","og_url":"https:\/\/aclt-acoc.ca\/fr\/normes-et-pratiques\/9e-norme\/","og_site_name":"Alliance of Canadian Land Trusts","article_modified_time":"2021-04-08T22:03:16+00:00","twitter_card":"summary_large_image","twitter_misc":{"Dur\u00e9e de lecture estim\u00e9e":"2 minutes"},"schema":{"@context":"https:\/\/schema.org","@graph":[{"@type":"WebPage","@id":"https:\/\/aclt-acoc.ca\/fr\/normes-et-pratiques\/9e-norme\/","url":"https:\/\/aclt-acoc.ca\/fr\/normes-et-pratiques\/9e-norme\/","name":"9e NORME - Alliance of Canadian Land Trusts","isPartOf":{"@id":"https:\/\/aclt-acoc.ca\/fr\/#website"},"datePublished":"2021-04-07T18:55:45+00:00","dateModified":"2021-04-08T22:03:16+00:00","breadcrumb":{"@id":"https:\/\/aclt-acoc.ca\/fr\/normes-et-pratiques\/9e-norme\/#breadcrumb"},"inLanguage":"fr-FR","potentialAction":[{"@type":"ReadAction","target":["https:\/\/aclt-acoc.ca\/fr\/normes-et-pratiques\/9e-norme\/"]}]},{"@type":"BreadcrumbList","@id":"https:\/\/aclt-acoc.ca\/fr\/normes-et-pratiques\/9e-norme\/#breadcrumb","itemListElement":[{"@type":"ListItem","position":1,"name":"Home","item":"https:\/\/aclt-acoc.ca\/fr\/"},{"@type":"ListItem","position":2,"name":"Normes et pratiques","item":"https:\/\/aclt-acoc.ca\/fr\/normes-et-pratiques\/"},{"@type":"ListItem","position":3,"name":"9e NORME"}]},{"@type":"WebSite","@id":"https:\/\/aclt-acoc.ca\/fr\/#website","url":"https:\/\/aclt-acoc.ca\/fr\/","name":"Alliance of Canadian Land Trusts","description":"","potentialAction":[{"@type":"SearchAction","target":{"@type":"EntryPoint","urlTemplate":"https:\/\/aclt-acoc.ca\/fr\/?s={search_term_string}"},"query-input":{"@type":"PropertyValueSpecification","valueRequired":true,"valueName":"search_term_string"}}],"inLanguage":"fr-FR"}]}},"_links":{"self":[{"href":"https:\/\/aclt-acoc.ca\/fr\/wp-json\/wp\/v2\/pages\/38991","targetHints":{"allow":["GET"]}}],"collection":[{"href":"https:\/\/aclt-acoc.ca\/fr\/wp-json\/wp\/v2\/pages"}],"about":[{"href":"https:\/\/aclt-acoc.ca\/fr\/wp-json\/wp\/v2\/types\/page"}],"author":[{"embeddable":true,"href":"https:\/\/aclt-acoc.ca\/fr\/wp-json\/wp\/v2\/users\/54"}],"replies":[{"embeddable":true,"href":"https:\/\/aclt-acoc.ca\/fr\/wp-json\/wp\/v2\/comments?post=38991"}],"version-history":[{"count":0,"href":"https:\/\/aclt-acoc.ca\/fr\/wp-json\/wp\/v2\/pages\/38991\/revisions"}],"up":[{"embeddable":true,"href":"https:\/\/aclt-acoc.ca\/fr\/wp-json\/wp\/v2\/pages\/38959"}],"wp:attachment":[{"href":"https:\/\/aclt-acoc.ca\/fr\/wp-json\/wp\/v2\/media?parent=38991"}],"curies":[{"name":"wp","href":"https:\/\/api.w.org\/{rel}","templated":true}]}}