{"id":39097,"date":"2021-04-15T09:47:07","date_gmt":"2021-04-15T16:47:07","guid":{"rendered":"https:\/\/aclt-acoc.ca\/medias\/"},"modified":"2025-02-13T11:00:40","modified_gmt":"2025-02-13T19:00:40","slug":"nos-communiques-de-presse","status":"publish","type":"page","link":"https:\/\/aclt-acoc.ca\/fr\/nos-communiques-de-presse\/","title":{"rendered":"Nos communiqu\u00e9s de presse"},"content":{"rendered":"<p>[et_pb_section fb_built=&#8221;1&#8243; _builder_version=&#8221;4.16&#8243; background_image=&#8221;https:\/\/aclt-acoc.ca\/wp-content\/uploads\/2021\/01\/ORMLT_Starcliff_2018-bat-detector-1-scaled.jpg&#8221; min_height=&#8221;450px&#8221; global_colors_info=&#8221;{}&#8221;][et_pb_row _builder_version=&#8221;4.16&#8243; global_colors_info=&#8221;{}&#8221;][et_pb_column type=&#8221;4_4&#8243; _builder_version=&#8221;4.16&#8243; global_colors_info=&#8221;{}&#8221;][et_pb_post_title meta=&#8221;off&#8221; text_color=&#8221;light&#8221; _builder_version=&#8221;4.16&#8243; title_level=&#8221;h2&#8243; title_text_align=&#8221;center&#8221; title_font_size=&#8221;46px&#8221; text_orientation=&#8221;center&#8221; text_shadow_style=&#8221;preset3&#8243; text_shadow_color=&#8221;#000000&#8243; global_colors_info=&#8221;{}&#8221;][\/et_pb_post_title][\/et_pb_column][\/et_pb_row][\/et_pb_section][et_pb_section fb_built=&#8221;1&#8243; _builder_version=&#8221;4.16&#8243; _module_preset=&#8221;default&#8221; min_height=&#8221;148.7px&#8221; custom_padding=&#8221;||0px|||&#8221; global_colors_info=&#8221;{}&#8221;][et_pb_row _builder_version=&#8221;4.27.2&#8243; _module_preset=&#8221;default&#8221; global_colors_info=&#8221;{}&#8221;][et_pb_column type=&#8221;4_4&#8243; _builder_version=&#8221;4.16&#8243; _module_preset=&#8221;default&#8221; global_colors_info=&#8221;{}&#8221;][et_pb_text _builder_version=&#8221;4.27.2&#8243; _module_preset=&#8221;default&#8221; global_colors_info=&#8221;{}&#8221;]<\/p>\n<h4 class=\"p1\" style=\"text-align: center;\">OCTOBER 18 2024 | LE 18 OCTOBRE 2024<\/h4>\n<p>[\/et_pb_text][\/et_pb_column][\/et_pb_row][\/et_pb_section][et_pb_section fb_built=&#8221;1&#8243; _builder_version=&#8221;4.16&#8243; _module_preset=&#8221;default&#8221; global_colors_info=&#8221;{}&#8221;][et_pb_row column_structure=&#8221;1_2,1_2&#8243; _builder_version=&#8221;4.27.2&#8243; _module_preset=&#8221;default&#8221; custom_margin=&#8221;-85px|auto||auto||&#8221; global_colors_info=&#8221;{}&#8221;][et_pb_column type=&#8221;1_2&#8243; _builder_version=&#8221;4.16&#8243; _module_preset=&#8221;default&#8221; global_colors_info=&#8221;{}&#8221;][et_pb_text _builder_version=&#8221;4.27.4&#8243; _module_preset=&#8221;default&#8221; hover_enabled=&#8221;0&#8243; global_colors_info=&#8221;{}&#8221; sticky_enabled=&#8221;0&#8243;]<\/p>\n<h3 class=\"p1\"><strong>Canada&#8217;s Natural Heritage Conservation Program has reached a major milestone<\/strong><\/h3>\n<p class=\"p1\">Since 2007, NCC and other program partners have matched $500M in investment from the Government of Canada with more than $1B from businesses, individuals, industry and other levels of government to save species, protect livelihoods and conserve some of Canada&#8217;s most iconic natural areas.<\/p>\n<p class=\"p1\">Together, we&#8217;re creating impact in our communities and safeguarding a lasting natural legacy for generations to come.<\/p>\n<p class=\"p1\">As the world gathers at #COP16, this achievement demonstrates how partnerships like the NHCP are supporting impactful conservation, so we can all thrive in a resilient world.<\/p>\n<p class=\"p1\"><span class=\"s2\">Read the full media release <a href=\"https:\/\/aclt-acoc.ca\/wp-content\/uploads\/2024\/10\/FINAL-1.5-Billion-invested-in-nature-1.pdf\" rel=\"noopener\"><b>here<\/b><\/a>.<\/span><\/p>\n<p class=\"p1\"><a href=\"https:\/\/dam.itncc.org\/galleries\/3d119d49-0ae8-4f4e-bb04-63c0938fa3dc_1ecdcb33-8781-44ad-9c2d-01399ec72f62-ExternalUser\" rel=\"noopener\"><strong><span class=\"s2\">Watch the video.<\/span><\/strong><\/a><\/p>\n<p class=\"p1\">[\/et_pb_text][et_pb_image src=&#8221;https:\/\/aclt-acoc.ca\/wp-content\/uploads\/2024\/10\/LogoBlock-NCC-DUC-ACLT-WHC-ECCC_EN.jpg&#8221; title_text=&#8221;LogoBlock NCC-DUC-ACLT-WHC-ECCC &#8211; 1&#8243; _builder_version=&#8221;4.27.2&#8243; _module_preset=&#8221;default&#8221; custom_margin=&#8221;-30px||||false|false&#8221; global_colors_info=&#8221;{}&#8221;][\/et_pb_image][\/et_pb_column][et_pb_column type=&#8221;1_2&#8243; _builder_version=&#8221;4.16&#8243; _module_preset=&#8221;default&#8221; global_colors_info=&#8221;{}&#8221;][et_pb_text _builder_version=&#8221;4.27.4&#8243; _module_preset=&#8221;default&#8221; hover_enabled=&#8221;0&#8243; global_colors_info=&#8221;{}&#8221; sticky_enabled=&#8221;0&#8243;]<\/p>\n<h3 class=\"p1\"><strong>Un jalon majeur atteint par le Programme de conservation du patrimoine naturel (PCPN) du Canada<\/strong><\/h3>\n<p class=\"p1\">Depuis 2007, CNC et d&#8217;autres partenaires du PCPN ont \u00e9gal\u00e9 l&#8217;investissement de 500 millions $ du gouvernement du Canada en amassant des fonds de contrepartie. \u00c0 cette somme s&#8217;ajoutent ainsi 1 milliard $ amass\u00e9s aupr\u00e8s d&#8217;entreprises, de particuliers, de diff\u00e9rents secteurs et d&#8217;autres ordres de gouvernement, pour sauvegarder des esp\u00e8ces sauvages, subvenir \u00e0 nos besoins vitaux et conserver certains des milieux naturels parmi les plus embl\u00e9matiques au pays.<\/p>\n<p class=\"p1\">Ensemble, nous avons un impact dans nos collectivit\u00e9s et contribuons \u00e0 la protection d&#8217;un patrimoine naturel durable pour les g\u00e9n\u00e9rations \u00e0 venir.<\/p>\n<p class=\"p1\">Dans le contexte de la #COP16, cette r\u00e9alisation illustre comment des partenariats comme le PCPN favorisent la mise en \u0153uvre de mesures de conservation efficaces, pour que nous puissions tous prosp\u00e9rer dans un monde r\u00e9silient.<\/p>\n<p class=\"p4\">Vous pouvez lire le communiqu\u00e9 de presse complet <a href=\"https:\/\/aclt-acoc.ca\/wp-content\/uploads\/2024\/10\/15-milliard-investis-dans-la-conservation-de-terres-privees-a-travers-le-pays-1.pdf\" rel=\"noopener\"><b>ici<\/b><\/a>.<\/p>\n<p class=\"p4\"><a href=\"https:\/\/dam.itncc.org\/galleries\/3d119d49-0ae8-4f4e-bb04-63c0938fa3dc_6b37c10d-69bd-472c-b787-5d36be8455a1-ExternalUser\" rel=\"noopener\"><strong>Regardez la vid\u00e9o.<\/strong><\/a><\/p>\n<p class=\"p4\">[\/et_pb_text][et_pb_image src=&#8221;https:\/\/aclt-acoc.ca\/wp-content\/uploads\/2024\/10\/LogoBlock-NCC-DUC-ACLT-WHC-ECCC_FR.jpg&#8221; title_text=&#8221;LogoBlock NCC-DUC-ACLT-WHC-ECCC &#8211; 2&#8243; _builder_version=&#8221;4.27.2&#8243; _module_preset=&#8221;default&#8221; custom_margin=&#8221;-30px||||false|false&#8221; global_colors_info=&#8221;{}&#8221;][\/et_pb_image][\/et_pb_column][\/et_pb_row][et_pb_row _builder_version=&#8221;4.27.2&#8243; _module_preset=&#8221;default&#8221; global_colors_info=&#8221;{}&#8221;][et_pb_column type=&#8221;4_4&#8243; _builder_version=&#8221;4.16&#8243; _module_preset=&#8221;default&#8221; global_colors_info=&#8221;{}&#8221;][et_pb_text _builder_version=&#8221;4.27.2&#8243; _module_preset=&#8221;default&#8221; custom_margin=&#8221;||24px||false|false&#8221; global_colors_info=&#8221;{}&#8221;]<\/p>\n<h4 class=\"p1\" style=\"text-align: center;\">OCTOBER 8 2024 | LE 8 OCTOBRE 2024<\/h4>\n<p>[\/et_pb_text][\/et_pb_column][\/et_pb_row][et_pb_row column_structure=&#8221;1_2,1_2&#8243; _builder_version=&#8221;4.16&#8243; _module_preset=&#8221;default&#8221; custom_margin=&#8221;-85px|auto||auto||&#8221; global_colors_info=&#8221;{}&#8221;][et_pb_column type=&#8221;1_2&#8243; _builder_version=&#8221;4.16&#8243; _module_preset=&#8221;default&#8221; global_colors_info=&#8221;{}&#8221;][et_pb_text _builder_version=&#8221;4.27.2&#8243; _module_preset=&#8221;default&#8221; global_colors_info=&#8221;{}&#8221;]<\/p>\n<p class=\"p1\">The Green Budget Coalition (GBC) released a comprehensive set of strategic recommendations for the 2025 federal budget to address the climate and biodiversity crises while reducing future costs and improving affordability and quality of life for people across Canada. Appearing before the House of Commons Finance Committee today, the GBC highlighted the key investments and other fiscal measures required to protect Canadians from climate change and restore ecosystem health.<span class=\"s1\"> Read the full media release <a href=\"\" target=\"\" rel=\"noopener\"><b>here<\/b><\/a>.<\/span> <span class=\"s2\"> <\/span><\/p>\n<p class=\"p3\">The Alliance of Canadian Land Trusts is one of 22 leading Canadian environmental organizations that are part of the Green Budget Coalition, which develops recommendations for the annual federal budget. Recommendations for the 2025 budget can be found <a href=\"\" target=\"\" rel=\"noopener\"><b>here<\/b><\/a>.  <\/p>\n<p>[\/et_pb_text][\/et_pb_column][et_pb_column type=&#8221;1_2&#8243; _builder_version=&#8221;4.16&#8243; _module_preset=&#8221;default&#8221; global_colors_info=&#8221;{}&#8221;][et_pb_text _builder_version=&#8221;4.27.2&#8243; _module_preset=&#8221;default&#8221; global_colors_info=&#8221;{}&#8221;]<\/p>\n<p class=\"p1\">La Coalition pour un budget vert (CBV) a publi\u00e9 un ensemble exhaustif de recommandations strat\u00e9giques pour le budget f\u00e9d\u00e9ral de 2025 afin de rem\u00e9dier \u00e0 la crise climatique et \u00e0 celle de la biodiversit\u00e9, tout en r\u00e9duisant les co\u00fbts futurs et en am\u00e9liorant l\u2019accessibilit\u00e9 financi\u00e8re et la qualit\u00e9 de vie pour les Canadiennes et Canadiens. Lors de son t\u00e9moignage devant le Comit\u00e9 des finances de la Chambre des communes aujourd&#8217;hui, la CBV a soulign\u00e9 les investissements cl\u00e9s et autres mesures fiscales n\u00e9cessaires pour prot\u00e9ger les Canadiennes et Canadiens contre les changements climatiques et restaurer la sant\u00e9 des \u00e9cosyst\u00e8mes. Vous pouvez lire le communiqu\u00e9 de presse complet <a href=\"\" target=\"\" rel=\"noopener\"><b>ici<\/b><\/a>.  <\/p>\n<p class=\"p3\">L&#8217;Alliance canadienne des organismes de conservation (ACOC) fait partie des 22 principales organisations environnementales canadiennes membres de la Coalition pour un budget vert, qui \u00e9labore des recommandations pour le budget f\u00e9d\u00e9ral annuel. Vous pouvez consulter les recommandations pour le budget 2025 <a href=\"\" target=\"\" rel=\"noopener\"><b>ici<\/b><\/a>. <\/p>\n<p>[\/et_pb_text][\/et_pb_column][\/et_pb_row][et_pb_row _builder_version=&#8221;4.27.2&#8243; _module_preset=&#8221;default&#8221; global_colors_info=&#8221;{}&#8221;][et_pb_column type=&#8221;4_4&#8243; _builder_version=&#8221;4.16&#8243; _module_preset=&#8221;default&#8221; global_colors_info=&#8221;{}&#8221;][et_pb_text _builder_version=&#8221;4.27.2&#8243; _module_preset=&#8221;default&#8221; custom_margin=&#8221;||24px||false|false&#8221; global_colors_info=&#8221;{}&#8221;]<\/p>\n<h4 style=\"text-align: center;\">DECEMBER 13 2022 | LE 13 D\u00c9CEMBRE 2022<\/h4>\n<p>[\/et_pb_text][\/et_pb_column][\/et_pb_row][et_pb_row column_structure=&#8221;1_2,1_2&#8243; _builder_version=&#8221;4.16&#8243; _module_preset=&#8221;default&#8221; custom_margin=&#8221;-85px|auto||auto||&#8221; global_colors_info=&#8221;{}&#8221;][et_pb_column type=&#8221;1_2&#8243; _builder_version=&#8221;4.16&#8243; _module_preset=&#8221;default&#8221; global_colors_info=&#8221;{}&#8221;][et_pb_text _builder_version=&#8221;4.27.2&#8243; _module_preset=&#8221;default&#8221; global_colors_info=&#8221;{}&#8221;]<\/p>\n<p>Protecting nature in Canadian communities: Alliance of Canadian Land Trusts is grateful for renewed investment to continue land conservation in Canada through the Natural Heritage Conservation Program.<\/p>\n<p>&nbsp;<\/p>\n<h3><a href=\"https:\/\/aclt-acoc.ca\/wp-content\/uploads\/2022\/12\/ACLT-ACOC_LTCF_-2022_12_13_EN_press-release-1.pdf\" target=\"_blank\" rel=\"noopener\"><strong>MEDIA RELEASE<\/strong><\/a><\/h3>\n<p>[\/et_pb_text][\/et_pb_column][et_pb_column type=&#8221;1_2&#8243; _builder_version=&#8221;4.16&#8243; _module_preset=&#8221;default&#8221; global_colors_info=&#8221;{}&#8221;][et_pb_text _builder_version=&#8221;4.27.2&#8243; _module_preset=&#8221;default&#8221; global_colors_info=&#8221;{}&#8221;]<\/p>\n<p>Prot\u00e9ger la nature dans les communaut\u00e9s canadiennes : L\u2019Alliance canadienne des organismes de conservation est reconnaissante du renouvellement de l\u2019investissement pour poursuivre la conservation des terres au Canada par le biais du Programme de conservation du patrimoine naturel.<\/p>\n<p>&nbsp;<\/p>\n<h3><a href=\"https:\/\/aclt-acoc.ca\/wp-content\/uploads\/2022\/12\/ACOC-ACLT_LTCF-2022-12-13_FR_-press-release-1.pdf\" target=\"_blank\" rel=\"noopener\"><strong>COMMUNIQU\u00c9 DE PRESSE<\/strong><\/a><\/h3>\n<p>[\/et_pb_text][\/et_pb_column][\/et_pb_row][et_pb_row _builder_version=&#8221;4.19.2&#8243; _module_preset=&#8221;default&#8221; custom_margin=&#8221;-16px||||false|false&#8221; global_colors_info=&#8221;{}&#8221;][et_pb_column type=&#8221;4_4&#8243; _builder_version=&#8221;4.19.2&#8243; _module_preset=&#8221;default&#8221; global_colors_info=&#8221;{}&#8221;][et_pb_image src=&#8221;https:\/\/aclt-acoc.ca\/wp-content\/uploads\/2022\/12\/ACLT-ACOC_PressReleaseDec2022.jpg&#8221; title_text=&#8221;ACLT-ACOC_PressReleaseDec2022&#8243; align=&#8221;center&#8221; _builder_version=&#8221;4.19.2&#8243; _module_preset=&#8221;default&#8221; global_colors_info=&#8221;{}&#8221;][\/et_pb_image][\/et_pb_column][\/et_pb_row][\/et_pb_section]<\/p>\n","protected":false},"excerpt":{"rendered":"<p>OCTOBER 18 2024 | LE 18 OCTOBRE 2024Canada&#8217;s Natural Heritage Conservation Program has reached a major milestone Since 2007, NCC and other program partners have matched $500M in investment from the Government of Canada with more than $1B from businesses, individuals, industry and other levels of government to save species, protect livelihoods and conserve some [&hellip;]<\/p>\n","protected":false},"author":54,"featured_media":0,"parent":0,"menu_order":0,"comment_status":"closed","ping_status":"closed","template":"","meta":{"_et_pb_use_builder":"on","_et_pb_old_content":"","_et_gb_content_width":"","inline_featured_image":false,"footnotes":""},"class_list":["post-39097","page","type-page","status-publish","hentry"],"yoast_head":"<!-- This site is optimized with the Yoast SEO plugin v27.5 - https:\/\/yoast.com\/product\/yoast-seo-wordpress\/ -->\n<title>Nos communiqu\u00e9s de presse - Alliance of Canadian Land Trusts<\/title>\n<meta name=\"robots\" content=\"index, follow, max-snippet:-1, max-image-preview:large, max-video-preview:-1\" \/>\n<link rel=\"canonical\" href=\"https:\/\/aclt-acoc.ca\/fr\/nos-communiques-de-presse\/\" \/>\n<meta property=\"og:locale\" content=\"fr_FR\" \/>\n<meta property=\"og:type\" content=\"article\" \/>\n<meta property=\"og:title\" content=\"Nos communiqu\u00e9s de presse - Alliance of Canadian Land Trusts\" \/>\n<meta property=\"og:description\" content=\"OCTOBER 18 2024 | LE 18 OCTOBRE 2024Canada&#039;s Natural Heritage Conservation Program has reached a major milestone Since 2007, NCC and other program partners have matched $500M in investment from the Government of Canada with more than $1B from businesses, individuals, industry and other levels of government to save species, protect livelihoods and conserve some [&hellip;]\" \/>\n<meta property=\"og:url\" content=\"https:\/\/aclt-acoc.ca\/fr\/nos-communiques-de-presse\/\" \/>\n<meta property=\"og:site_name\" content=\"Alliance of Canadian Land Trusts\" \/>\n<meta property=\"article:modified_time\" content=\"2025-02-13T19:00:40+00:00\" \/>\n<meta name=\"twitter:card\" content=\"summary_large_image\" \/>\n<meta name=\"twitter:label1\" content=\"Dur\u00e9e de lecture estim\u00e9e\" \/>\n\t<meta name=\"twitter:data1\" content=\"4 minutes\" \/>\n<script type=\"application\/ld+json\" class=\"yoast-schema-graph\">{\"@context\":\"https:\\\/\\\/schema.org\",\"@graph\":[{\"@type\":\"WebPage\",\"@id\":\"https:\\\/\\\/aclt-acoc.ca\\\/fr\\\/nos-communiques-de-presse\\\/\",\"url\":\"https:\\\/\\\/aclt-acoc.ca\\\/fr\\\/nos-communiques-de-presse\\\/\",\"name\":\"Nos communiqu\u00e9s de presse - Alliance of Canadian Land Trusts\",\"isPartOf\":{\"@id\":\"https:\\\/\\\/aclt-acoc.ca\\\/fr\\\/#website\"},\"datePublished\":\"2021-04-15T16:47:07+00:00\",\"dateModified\":\"2025-02-13T19:00:40+00:00\",\"breadcrumb\":{\"@id\":\"https:\\\/\\\/aclt-acoc.ca\\\/fr\\\/nos-communiques-de-presse\\\/#breadcrumb\"},\"inLanguage\":\"fr-FR\",\"potentialAction\":[{\"@type\":\"ReadAction\",\"target\":[\"https:\\\/\\\/aclt-acoc.ca\\\/fr\\\/nos-communiques-de-presse\\\/\"]}]},{\"@type\":\"BreadcrumbList\",\"@id\":\"https:\\\/\\\/aclt-acoc.ca\\\/fr\\\/nos-communiques-de-presse\\\/#breadcrumb\",\"itemListElement\":[{\"@type\":\"ListItem\",\"position\":1,\"name\":\"Home\",\"item\":\"https:\\\/\\\/aclt-acoc.ca\\\/fr\\\/\"},{\"@type\":\"ListItem\",\"position\":2,\"name\":\"Nos communiqu\u00e9s de presse\"}]},{\"@type\":\"WebSite\",\"@id\":\"https:\\\/\\\/aclt-acoc.ca\\\/fr\\\/#website\",\"url\":\"https:\\\/\\\/aclt-acoc.ca\\\/fr\\\/\",\"name\":\"Alliance of Canadian Land Trusts\",\"description\":\"\",\"potentialAction\":[{\"@type\":\"SearchAction\",\"target\":{\"@type\":\"EntryPoint\",\"urlTemplate\":\"https:\\\/\\\/aclt-acoc.ca\\\/fr\\\/?s={search_term_string}\"},\"query-input\":{\"@type\":\"PropertyValueSpecification\",\"valueRequired\":true,\"valueName\":\"search_term_string\"}}],\"inLanguage\":\"fr-FR\"}]}<\/script>\n<!-- \/ Yoast SEO plugin. -->","yoast_head_json":{"title":"Nos communiqu\u00e9s de presse - Alliance of Canadian Land Trusts","robots":{"index":"index","follow":"follow","max-snippet":"max-snippet:-1","max-image-preview":"max-image-preview:large","max-video-preview":"max-video-preview:-1"},"canonical":"https:\/\/aclt-acoc.ca\/fr\/nos-communiques-de-presse\/","og_locale":"fr_FR","og_type":"article","og_title":"Nos communiqu\u00e9s de presse - Alliance of Canadian Land Trusts","og_description":"OCTOBER 18 2024 | LE 18 OCTOBRE 2024Canada's Natural Heritage Conservation Program has reached a major milestone Since 2007, NCC and other program partners have matched $500M in investment from the Government of Canada with more than $1B from businesses, individuals, industry and other levels of government to save species, protect livelihoods and conserve some [&hellip;]","og_url":"https:\/\/aclt-acoc.ca\/fr\/nos-communiques-de-presse\/","og_site_name":"Alliance of Canadian Land Trusts","article_modified_time":"2025-02-13T19:00:40+00:00","twitter_card":"summary_large_image","twitter_misc":{"Dur\u00e9e de lecture estim\u00e9e":"4 minutes"},"schema":{"@context":"https:\/\/schema.org","@graph":[{"@type":"WebPage","@id":"https:\/\/aclt-acoc.ca\/fr\/nos-communiques-de-presse\/","url":"https:\/\/aclt-acoc.ca\/fr\/nos-communiques-de-presse\/","name":"Nos communiqu\u00e9s de presse - Alliance of Canadian Land Trusts","isPartOf":{"@id":"https:\/\/aclt-acoc.ca\/fr\/#website"},"datePublished":"2021-04-15T16:47:07+00:00","dateModified":"2025-02-13T19:00:40+00:00","breadcrumb":{"@id":"https:\/\/aclt-acoc.ca\/fr\/nos-communiques-de-presse\/#breadcrumb"},"inLanguage":"fr-FR","potentialAction":[{"@type":"ReadAction","target":["https:\/\/aclt-acoc.ca\/fr\/nos-communiques-de-presse\/"]}]},{"@type":"BreadcrumbList","@id":"https:\/\/aclt-acoc.ca\/fr\/nos-communiques-de-presse\/#breadcrumb","itemListElement":[{"@type":"ListItem","position":1,"name":"Home","item":"https:\/\/aclt-acoc.ca\/fr\/"},{"@type":"ListItem","position":2,"name":"Nos communiqu\u00e9s de presse"}]},{"@type":"WebSite","@id":"https:\/\/aclt-acoc.ca\/fr\/#website","url":"https:\/\/aclt-acoc.ca\/fr\/","name":"Alliance of Canadian Land Trusts","description":"","potentialAction":[{"@type":"SearchAction","target":{"@type":"EntryPoint","urlTemplate":"https:\/\/aclt-acoc.ca\/fr\/?s={search_term_string}"},"query-input":{"@type":"PropertyValueSpecification","valueRequired":true,"valueName":"search_term_string"}}],"inLanguage":"fr-FR"}]}},"_links":{"self":[{"href":"https:\/\/aclt-acoc.ca\/fr\/wp-json\/wp\/v2\/pages\/39097","targetHints":{"allow":["GET"]}}],"collection":[{"href":"https:\/\/aclt-acoc.ca\/fr\/wp-json\/wp\/v2\/pages"}],"about":[{"href":"https:\/\/aclt-acoc.ca\/fr\/wp-json\/wp\/v2\/types\/page"}],"author":[{"embeddable":true,"href":"https:\/\/aclt-acoc.ca\/fr\/wp-json\/wp\/v2\/users\/54"}],"replies":[{"embeddable":true,"href":"https:\/\/aclt-acoc.ca\/fr\/wp-json\/wp\/v2\/comments?post=39097"}],"version-history":[{"count":0,"href":"https:\/\/aclt-acoc.ca\/fr\/wp-json\/wp\/v2\/pages\/39097\/revisions"}],"wp:attachment":[{"href":"https:\/\/aclt-acoc.ca\/fr\/wp-json\/wp\/v2\/media?parent=39097"}],"curies":[{"name":"wp","href":"https:\/\/api.w.org\/{rel}","templated":true}]}}