{"id":39733,"date":"2022-06-16T13:50:01","date_gmt":"2022-06-16T20:50:01","guid":{"rendered":"https:\/\/aclt-acoc.ca\/sommet-2022\/"},"modified":"2023-03-29T13:50:05","modified_gmt":"2023-03-29T20:50:05","slug":"sommet-2022","status":"publish","type":"page","link":"https:\/\/aclt-acoc.ca\/fr\/sommet-2022\/","title":{"rendered":"SOMMET 2022"},"content":{"rendered":"<p>[et_pb_section fb_built=&#8221;1&#8243; admin_label=&#8221;section&#8221; _builder_version=&#8221;4.16&#8243; global_colors_info=&#8221;{}&#8221;][et_pb_row admin_label=&#8221;row&#8221; _builder_version=&#8221;4.16&#8243; background_size=&#8221;initial&#8221; background_position=&#8221;top_left&#8221; background_repeat=&#8221;repeat&#8221; global_colors_info=&#8221;{}&#8221;][et_pb_column type=&#8221;4_4&#8243; _builder_version=&#8221;4.16&#8243; custom_padding=&#8221;|||&#8221; global_colors_info=&#8221;{}&#8221; custom_padding__hover=&#8221;|||&#8221;][et_pb_image src=&#8221;https:\/\/aclt-acoc.ca\/wp-content\/uploads\/2022\/11\/DSC_1004-1024&#215;576.jpg&#8221; title_text=&#8221;DSC_1004&#8243; url_new_window=&#8221;on&#8221; align=&#8221;center&#8221; _builder_version=&#8221;4.19.0&#8243; _module_preset=&#8221;default&#8221; global_colors_info=&#8221;{}&#8221;][\/et_pb_image][\/et_pb_column][\/et_pb_row][et_pb_row column_structure=&#8221;1_2,1_2&#8243; _builder_version=&#8221;4.19.0&#8243; _module_preset=&#8221;default&#8221; global_colors_info=&#8221;{}&#8221;][et_pb_column type=&#8221;1_2&#8243; _builder_version=&#8221;4.19.0&#8243; _module_preset=&#8221;default&#8221; global_colors_info=&#8221;{}&#8221;][et_pb_text _builder_version=&#8221;4.19.0&#8243; _module_preset=&#8221;default&#8221; global_colors_info=&#8221;{}&#8221;]<\/p>\n<h2 style=\"text-align: left;\">2022 Summit of Canadian Land Trusts<\/h2>\n<p style=\"text-align: left;\">Thank you for joining us at the 2022 Summit of Canadian Land Trusts. Over 160 participants gathered in Ottawa to share their enthusiasm for private land conservation and to celebrate the creation of the Alliance of Canadian Land Trusts.<\/p>\n<p style=\"text-align: left;\">The presenters generously shared their presentations which can be found here:<\/p>\n<p>[\/et_pb_text][\/et_pb_column][et_pb_column type=&#8221;1_2&#8243; _builder_version=&#8221;4.19.0&#8243; _module_preset=&#8221;default&#8221; global_colors_info=&#8221;{}&#8221;][et_pb_text _builder_version=&#8221;4.19.0&#8243; _module_preset=&#8221;default&#8221; global_colors_info=&#8221;{}&#8221;]<\/p>\n<h2>Sommet des organismes de conservation canadiens 2022 <\/h2>\n<p>Merci de vous \u00eatre joints \u00e0 nous \u00e0 l&#8217;occasion du Sommet 2022 des organismes de conservation canadiens. Plus de 160 participants se sont r\u00e9unis \u00e0 Ottawa pour partager leur enthousiasme pour la conservation en terres priv\u00e9es et pour c\u00e9l\u00e9brer la cr\u00e9ation de l&#8217;Alliance canadienne des organismes de conservation. <\/p>\n<p>Les intervenants ont g\u00e9n\u00e9reusement partag\u00e9 leurs pr\u00e9sentations qui peuvent \u00eatre trouv\u00e9es ici : <\/p>\n<p>[\/et_pb_text][\/et_pb_column][\/et_pb_row][et_pb_row _builder_version=&#8221;4.19.0&#8243; _module_preset=&#8221;default&#8221; global_colors_info=&#8221;{}&#8221;][et_pb_column type=&#8221;4_4&#8243; _builder_version=&#8221;4.19.0&#8243; _module_preset=&#8221;default&#8221; global_colors_info=&#8221;{}&#8221;][et_pb_button button_url=&#8221;https:\/\/aclt-acoc.ca\/2022-summit-presentations\/&#8221; url_new_window=&#8221;on&#8221; button_text=&#8221;PRESENTATIONS | PR\u00c9SENTATIONS&#8221; button_alignment=&#8221;center&#8221; _builder_version=&#8221;4.19.0&#8243; _module_preset=&#8221;default&#8221; custom_margin=&#8221;-26px||40px||false|false&#8221; custom_padding=&#8221;6px||||false|false&#8221; global_colors_info=&#8221;{}&#8221;][\/et_pb_button][\/et_pb_column][\/et_pb_row][et_pb_row column_structure=&#8221;1_2,1_2&#8243; _builder_version=&#8221;4.16&#8243; _module_preset=&#8221;default&#8221; global_colors_info=&#8221;{}&#8221;][et_pb_column type=&#8221;1_2&#8243; _builder_version=&#8221;4.16&#8243; _module_preset=&#8221;default&#8221; global_colors_info=&#8221;{}&#8221;][et_pb_button button_url=&#8221;https:\/\/aclt-acoc.ca\/wp-content\/uploads\/2022\/10\/Summit-Sommet-2022-Program-At-A-GlanceEN-2.pdf&#8221; url_new_window=&#8221;on&#8221; button_text=&#8221;PROGRAM-AT-A-GLANCE&#8221; button_alignment=&#8221;right&#8221; _builder_version=&#8221;4.18.0&#8243; _module_preset=&#8221;default&#8221; custom_button=&#8221;on&#8221; global_colors_info=&#8221;{}&#8221;][\/et_pb_button][\/et_pb_column][et_pb_column type=&#8221;1_2&#8243; _builder_version=&#8221;4.16&#8243; _module_preset=&#8221;default&#8221; global_colors_info=&#8221;{}&#8221;][et_pb_button button_url=&#8221;https:\/\/aclt-acoc.ca\/wp-content\/uploads\/2022\/10\/Summit-Sommet-2022-Program-At-A-GlanceFR-1.pdf&#8221; url_new_window=&#8221;on&#8221; button_text=&#8221;PROGRAMME EN UN COUP D&#8217;OEIL&#8221; button_alignment=&#8221;left&#8221; _builder_version=&#8221;4.18.0&#8243; _module_preset=&#8221;default&#8221; global_colors_info=&#8221;{}&#8221;][\/et_pb_button][\/et_pb_column][\/et_pb_row][et_pb_row column_structure=&#8221;1_2,1_2&#8243; _builder_version=&#8221;4.16&#8243; _module_preset=&#8221;default&#8221; global_colors_info=&#8221;{}&#8221;][et_pb_column type=&#8221;1_2&#8243; _builder_version=&#8221;4.16&#8243; _module_preset=&#8221;default&#8221; global_colors_info=&#8221;{}&#8221;][et_pb_button button_url=&#8221;https:\/\/aclt-acoc.ca\/wp-content\/uploads\/2022\/10\/Summit-Sommet-2022-ProgramEN.pdf&#8221; url_new_window=&#8221;on&#8221; button_text=&#8221;FULL PROGRAM&#8221; button_alignment=&#8221;right&#8221; _builder_version=&#8221;4.18.0&#8243; _module_preset=&#8221;default&#8221; custom_button=&#8221;on&#8221; global_colors_info=&#8221;{}&#8221;][\/et_pb_button][\/et_pb_column][et_pb_column type=&#8221;1_2&#8243; _builder_version=&#8221;4.16&#8243; _module_preset=&#8221;default&#8221; global_colors_info=&#8221;{}&#8221;][et_pb_button button_url=&#8221;https:\/\/aclt-acoc.ca\/wp-content\/uploads\/2022\/10\/Summit-Sommet-2022-ProgramFR.pdf&#8221; url_new_window=&#8221;on&#8221; button_text=&#8221;PROGRAMME COMPLET&#8221; button_alignment=&#8221;left&#8221; _builder_version=&#8221;4.18.0&#8243; _module_preset=&#8221;default&#8221; global_colors_info=&#8221;{}&#8221;][\/et_pb_button][\/et_pb_column][\/et_pb_row][et_pb_row column_structure=&#8221;1_2,1_2&#8243; _builder_version=&#8221;4.16&#8243; _module_preset=&#8221;default&#8221; global_colors_info=&#8221;{}&#8221;][et_pb_column type=&#8221;1_2&#8243; _builder_version=&#8221;4.16&#8243; _module_preset=&#8221;default&#8221; global_colors_info=&#8221;{}&#8221;][et_pb_button button_url=&#8221;https:\/\/aclt-acoc.ca\/wp-content\/uploads\/2022\/10\/Summit-Sommet-2022-Program.pdf&#8221; url_new_window=&#8221;on&#8221; button_text=&#8221;PRINTED PROGRAM&#8221; button_alignment=&#8221;right&#8221; _builder_version=&#8221;4.18.0&#8243; _module_preset=&#8221;default&#8221; custom_button=&#8221;on&#8221; global_colors_info=&#8221;{}&#8221;][\/et_pb_button][\/et_pb_column][et_pb_column type=&#8221;1_2&#8243; _builder_version=&#8221;4.16&#8243; _module_preset=&#8221;default&#8221; global_colors_info=&#8221;{}&#8221;][et_pb_button button_url=&#8221;https:\/\/aclt-acoc.ca\/wp-content\/uploads\/2022\/10\/Summit-Sommet-2022-Program.pdf&#8221; url_new_window=&#8221;on&#8221; button_text=&#8221;PROGRAMME IMPRIM\u00c9&#8221; button_alignment=&#8221;left&#8221; _builder_version=&#8221;4.18.0&#8243; _module_preset=&#8221;default&#8221; global_colors_info=&#8221;{}&#8221;][\/et_pb_button][\/et_pb_column][\/et_pb_row][et_pb_row column_structure=&#8221;1_2,1_2&#8243; _builder_version=&#8221;4.18.0&#8243; _module_preset=&#8221;default&#8221; custom_padding=&#8221;||56px||false|false&#8221; global_colors_info=&#8221;{}&#8221;][et_pb_column type=&#8221;1_2&#8243; _builder_version=&#8221;4.16&#8243; _module_preset=&#8221;default&#8221; global_colors_info=&#8221;{}&#8221;][et_pb_button button_url=&#8221;https:\/\/aclt-acoc.ca\/2022-summit-presenters\/&#8221; url_new_window=&#8221;on&#8221; button_text=&#8221;PRESENTERS&#8221; button_alignment=&#8221;right&#8221; _builder_version=&#8221;4.18.0&#8243; _module_preset=&#8221;default&#8221; custom_button=&#8221;on&#8221; global_colors_info=&#8221;{}&#8221;][\/et_pb_button][\/et_pb_column][et_pb_column type=&#8221;1_2&#8243; _builder_version=&#8221;4.16&#8243; _module_preset=&#8221;default&#8221; global_colors_info=&#8221;{}&#8221;][et_pb_button button_url=&#8221;https:\/\/aclt-acoc.ca\/2022-sommet-conferenciers\/&#8221; url_new_window=&#8221;on&#8221; button_text=&#8221;CONF\u00c9RENCIERS&#8221; button_alignment=&#8221;left&#8221; _builder_version=&#8221;4.18.0&#8243; _module_preset=&#8221;default&#8221; global_colors_info=&#8221;{}&#8221;][\/et_pb_button][\/et_pb_column][\/et_pb_row][et_pb_row _builder_version=&#8221;4.18.0&#8243; _module_preset=&#8221;default&#8221; global_colors_info=&#8221;{}&#8221;][et_pb_column type=&#8221;4_4&#8243; _builder_version=&#8221;4.18.0&#8243; _module_preset=&#8221;default&#8221; global_colors_info=&#8221;{}&#8221;][et_pb_text _builder_version=&#8221;4.18.0&#8243; _module_preset=&#8221;default&#8221; custom_padding=&#8221;32px||||false|false&#8221; global_colors_info=&#8221;{}&#8221;]<\/p>\n<h2 style=\"text-align: center;\"><strong>Sponsors | Commandites<\/strong><\/h2>\n<p>[\/et_pb_text][et_pb_image src=&#8221;https:\/\/aclt-acoc.ca\/wp-content\/uploads\/2022\/09\/ECCC.png&#8221; title_text=&#8221;ECCC&#8221; align=&#8221;center&#8221; _builder_version=&#8221;4.18.0&#8243; _module_preset=&#8221;default&#8221; custom_padding=&#8221;15px||||false|false&#8221; global_colors_info=&#8221;{}&#8221;][\/et_pb_image][et_pb_image src=&#8221;https:\/\/aclt-acoc.ca\/wp-content\/uploads\/2022\/09\/MapleCrossWordmark-SCREEN-med-w-tagline-300&#215;81.png&#8221; title_text=&#8221;MapleCrossWordmark-SCREEN-med-w-tagline&#8221; align=&#8221;center&#8221; _builder_version=&#8221;4.18.0&#8243; _module_preset=&#8221;default&#8221; custom_margin=&#8221;0px||||false|false&#8221; custom_padding=&#8221;30px||||false|false&#8221; global_colors_info=&#8221;{}&#8221;][\/et_pb_image][et_pb_image src=&#8221;https:\/\/aclt-acoc.ca\/wp-content\/uploads\/2022\/09\/FFQ-long-300&#215;115.png&#8221; title_text=&#8221;FFQ-long&#8221; align=&#8221;center&#8221; _builder_version=&#8221;4.18.0&#8243; _module_preset=&#8221;default&#8221; custom_margin=&#8221;0px||||false|false&#8221; custom_padding=&#8221;30px||||false|false&#8221; global_colors_info=&#8221;{}&#8221;][\/et_pb_image][\/et_pb_column][\/et_pb_row][\/et_pb_section]<\/p>\n","protected":false},"excerpt":{"rendered":"<p>2022 Summit of Canadian Land Trusts Thank you for joining us at the 2022 Summit of Canadian Land Trusts. Over 160 participants gathered in Ottawa to share their enthusiasm for private land conservation and to celebrate the creation of the Alliance of Canadian Land Trusts. The presenters generously shared their presentations which can be found [&hellip;]<\/p>\n","protected":false},"author":54,"featured_media":0,"parent":0,"menu_order":0,"comment_status":"closed","ping_status":"closed","template":"","meta":{"_et_pb_use_builder":"on","_et_pb_old_content":"<h2><strong>2022 Canadian Land Trusts Summit\r\n<\/strong>October 24 to 26\u00a0 |\u00a0 Ottawa<\/h2>\r\n<h3>DETAILS AND REGISTRATION COMING SOON!<\/h3>\r\n\u00a0\r\n\r\n\u00a0\r\n\r\n\u00a0\r\n\r\n\u00a0\r\n\r\n\u00a0\r\n\r\n\u00a0","_et_gb_content_width":"","inline_featured_image":false,"footnotes":""},"class_list":["post-39733","page","type-page","status-publish","hentry"],"yoast_head":"<!-- This site is optimized with the Yoast SEO plugin v27.4 - https:\/\/yoast.com\/product\/yoast-seo-wordpress\/ -->\n<title>SOMMET 2022 - Alliance of Canadian Land Trusts<\/title>\n<meta name=\"robots\" content=\"index, follow, max-snippet:-1, max-image-preview:large, max-video-preview:-1\" \/>\n<link rel=\"canonical\" href=\"https:\/\/aclt-acoc.ca\/fr\/sommet-2022\/\" \/>\n<meta property=\"og:locale\" content=\"fr_FR\" \/>\n<meta property=\"og:type\" content=\"article\" \/>\n<meta property=\"og:title\" content=\"SOMMET 2022 - Alliance of Canadian Land Trusts\" \/>\n<meta property=\"og:description\" content=\"2022 Summit of Canadian Land Trusts Thank you for joining us at the 2022 Summit of Canadian Land Trusts. Over 160 participants gathered in Ottawa to share their enthusiasm for private land conservation and to celebrate the creation of the Alliance of Canadian Land Trusts. The presenters generously shared their presentations which can be found [&hellip;]\" \/>\n<meta property=\"og:url\" content=\"https:\/\/aclt-acoc.ca\/fr\/sommet-2022\/\" \/>\n<meta property=\"og:site_name\" content=\"Alliance of Canadian Land Trusts\" \/>\n<meta property=\"article:modified_time\" content=\"2023-03-29T20:50:05+00:00\" \/>\n<meta name=\"twitter:card\" content=\"summary_large_image\" \/>\n<meta name=\"twitter:label1\" content=\"Dur\u00e9e de lecture estim\u00e9e\" \/>\n\t<meta name=\"twitter:data1\" content=\"5 minutes\" \/>\n<script type=\"application\/ld+json\" class=\"yoast-schema-graph\">{\"@context\":\"https:\\\/\\\/schema.org\",\"@graph\":[{\"@type\":\"WebPage\",\"@id\":\"https:\\\/\\\/aclt-acoc.ca\\\/fr\\\/sommet-2022\\\/\",\"url\":\"https:\\\/\\\/aclt-acoc.ca\\\/fr\\\/sommet-2022\\\/\",\"name\":\"SOMMET 2022 - Alliance of Canadian Land Trusts\",\"isPartOf\":{\"@id\":\"https:\\\/\\\/aclt-acoc.ca\\\/fr\\\/#website\"},\"datePublished\":\"2022-06-16T20:50:01+00:00\",\"dateModified\":\"2023-03-29T20:50:05+00:00\",\"breadcrumb\":{\"@id\":\"https:\\\/\\\/aclt-acoc.ca\\\/fr\\\/sommet-2022\\\/#breadcrumb\"},\"inLanguage\":\"fr-FR\",\"potentialAction\":[{\"@type\":\"ReadAction\",\"target\":[\"https:\\\/\\\/aclt-acoc.ca\\\/fr\\\/sommet-2022\\\/\"]}]},{\"@type\":\"BreadcrumbList\",\"@id\":\"https:\\\/\\\/aclt-acoc.ca\\\/fr\\\/sommet-2022\\\/#breadcrumb\",\"itemListElement\":[{\"@type\":\"ListItem\",\"position\":1,\"name\":\"Home\",\"item\":\"https:\\\/\\\/aclt-acoc.ca\\\/fr\\\/\"},{\"@type\":\"ListItem\",\"position\":2,\"name\":\"SOMMET 2022\"}]},{\"@type\":\"WebSite\",\"@id\":\"https:\\\/\\\/aclt-acoc.ca\\\/fr\\\/#website\",\"url\":\"https:\\\/\\\/aclt-acoc.ca\\\/fr\\\/\",\"name\":\"Alliance of Canadian Land Trusts\",\"description\":\"\",\"potentialAction\":[{\"@type\":\"SearchAction\",\"target\":{\"@type\":\"EntryPoint\",\"urlTemplate\":\"https:\\\/\\\/aclt-acoc.ca\\\/fr\\\/?s={search_term_string}\"},\"query-input\":{\"@type\":\"PropertyValueSpecification\",\"valueRequired\":true,\"valueName\":\"search_term_string\"}}],\"inLanguage\":\"fr-FR\"}]}<\/script>\n<!-- \/ Yoast SEO plugin. -->","yoast_head_json":{"title":"SOMMET 2022 - Alliance of Canadian Land Trusts","robots":{"index":"index","follow":"follow","max-snippet":"max-snippet:-1","max-image-preview":"max-image-preview:large","max-video-preview":"max-video-preview:-1"},"canonical":"https:\/\/aclt-acoc.ca\/fr\/sommet-2022\/","og_locale":"fr_FR","og_type":"article","og_title":"SOMMET 2022 - Alliance of Canadian Land Trusts","og_description":"2022 Summit of Canadian Land Trusts Thank you for joining us at the 2022 Summit of Canadian Land Trusts. Over 160 participants gathered in Ottawa to share their enthusiasm for private land conservation and to celebrate the creation of the Alliance of Canadian Land Trusts. The presenters generously shared their presentations which can be found [&hellip;]","og_url":"https:\/\/aclt-acoc.ca\/fr\/sommet-2022\/","og_site_name":"Alliance of Canadian Land Trusts","article_modified_time":"2023-03-29T20:50:05+00:00","twitter_card":"summary_large_image","twitter_misc":{"Dur\u00e9e de lecture estim\u00e9e":"5 minutes"},"schema":{"@context":"https:\/\/schema.org","@graph":[{"@type":"WebPage","@id":"https:\/\/aclt-acoc.ca\/fr\/sommet-2022\/","url":"https:\/\/aclt-acoc.ca\/fr\/sommet-2022\/","name":"SOMMET 2022 - Alliance of Canadian Land Trusts","isPartOf":{"@id":"https:\/\/aclt-acoc.ca\/fr\/#website"},"datePublished":"2022-06-16T20:50:01+00:00","dateModified":"2023-03-29T20:50:05+00:00","breadcrumb":{"@id":"https:\/\/aclt-acoc.ca\/fr\/sommet-2022\/#breadcrumb"},"inLanguage":"fr-FR","potentialAction":[{"@type":"ReadAction","target":["https:\/\/aclt-acoc.ca\/fr\/sommet-2022\/"]}]},{"@type":"BreadcrumbList","@id":"https:\/\/aclt-acoc.ca\/fr\/sommet-2022\/#breadcrumb","itemListElement":[{"@type":"ListItem","position":1,"name":"Home","item":"https:\/\/aclt-acoc.ca\/fr\/"},{"@type":"ListItem","position":2,"name":"SOMMET 2022"}]},{"@type":"WebSite","@id":"https:\/\/aclt-acoc.ca\/fr\/#website","url":"https:\/\/aclt-acoc.ca\/fr\/","name":"Alliance of Canadian Land Trusts","description":"","potentialAction":[{"@type":"SearchAction","target":{"@type":"EntryPoint","urlTemplate":"https:\/\/aclt-acoc.ca\/fr\/?s={search_term_string}"},"query-input":{"@type":"PropertyValueSpecification","valueRequired":true,"valueName":"search_term_string"}}],"inLanguage":"fr-FR"}]}},"_links":{"self":[{"href":"https:\/\/aclt-acoc.ca\/fr\/wp-json\/wp\/v2\/pages\/39733","targetHints":{"allow":["GET"]}}],"collection":[{"href":"https:\/\/aclt-acoc.ca\/fr\/wp-json\/wp\/v2\/pages"}],"about":[{"href":"https:\/\/aclt-acoc.ca\/fr\/wp-json\/wp\/v2\/types\/page"}],"author":[{"embeddable":true,"href":"https:\/\/aclt-acoc.ca\/fr\/wp-json\/wp\/v2\/users\/54"}],"replies":[{"embeddable":true,"href":"https:\/\/aclt-acoc.ca\/fr\/wp-json\/wp\/v2\/comments?post=39733"}],"version-history":[{"count":0,"href":"https:\/\/aclt-acoc.ca\/fr\/wp-json\/wp\/v2\/pages\/39733\/revisions"}],"wp:attachment":[{"href":"https:\/\/aclt-acoc.ca\/fr\/wp-json\/wp\/v2\/media?parent=39733"}],"curies":[{"name":"wp","href":"https:\/\/api.w.org\/{rel}","templated":true}]}}