{"id":40599,"date":"2023-05-25T11:22:42","date_gmt":"2023-05-25T18:22:42","guid":{"rendered":"https:\/\/aclt-acoc.ca\/nos-publications\/"},"modified":"2026-03-05T06:11:35","modified_gmt":"2026-03-05T14:11:35","slug":"nos-publications","status":"publish","type":"page","link":"https:\/\/aclt-acoc.ca\/fr\/nos-publications\/","title":{"rendered":"Nos Publications"},"content":{"rendered":"<p>[et_pb_section fb_built=&#8221;1&#8243; admin_label=&#8221;hero&#8221; _builder_version=&#8221;4.27.4&#8243; background_color=&#8221;#1074BB&#8221; background_image=&#8221;https:\/\/aclt-acoc.ca\/wp-content\/uploads\/2025\/07\/our-publication4.jpg&#8221; background_blend=&#8221;multiply&#8221; min_height=&#8221;450px&#8221; custom_padding=&#8221;24px||24px||false|false&#8221; custom_css_main_element=&#8221;position:relative&#8221; custom_css_after=&#8221;\/*||content: &#8216;Cr\u00e9dit photo : Emilie Forget&#8217;;||position: absolute;||bottom:0;||left: 50%;||border-radius: 16px 16px 0 0;||transform: translatex(-50%);||background-color:#ffffff;||width:95%;||text-align: right;||font-size: 11px;||padding: 2px 16px;||color: rgba(16,116,187,.7);||line-height: 1em;*\/&#8221; locked=&#8221;off&#8221; collapsed=&#8221;off&#8221; global_colors_info=&#8221;{}&#8221;][et_pb_row _builder_version=&#8221;4.27.4&#8243; positioning=&#8221;absolute&#8221; position_origin_a=&#8221;center_center&#8221; custom_padding=&#8221;0px||0px||false|false&#8221; global_colors_info=&#8221;{}&#8221;][et_pb_column type=&#8221;4_4&#8243; _builder_version=&#8221;4.16&#8243; global_colors_info=&#8221;{}&#8221;][et_pb_text _builder_version=&#8221;4.27.4&#8243; _module_preset=&#8221;default&#8221; header_font=&#8221;|700|||||||&#8221; header_text_align=&#8221;center&#8221; header_text_color=&#8221;#FFFFFF&#8221; header_font_size=&#8221;60px&#8221; position_origin_a=&#8221;center_center&#8221; width=&#8221;100%&#8221; custom_margin=&#8221;||16px||false|false&#8221; header_font_size_tablet=&#8221;50px&#8221; header_font_size_phone=&#8221;28px&#8221; header_font_size_last_edited=&#8221;on|phone&#8221; global_colors_info=&#8221;{}&#8221;]<\/p>\n<h1 style=\"text-align: center;\"><span class=\"OYPEnA font-feature-liga-off font-feature-clig-off font-feature-calt-off text-decoration-none text-strikethrough-none\">Nos publications<\/span><\/h1>\n<p>[\/et_pb_text][et_pb_text disabled_on=&#8221;off|off|off&#8221; _builder_version=&#8221;4.27.4&#8243; _module_preset=&#8221;default&#8221; text_font=&#8221;||||||||&#8221; text_text_color=&#8221;#FFFFFF&#8221; text_font_size=&#8221;23px&#8221; text_line_height=&#8221;1.3em&#8221; header_font=&#8221;|700|||||||&#8221; header_text_align=&#8221;center&#8221; header_text_color=&#8221;#FFFFFF&#8221; header_font_size=&#8221;60px&#8221; header_line_height=&#8221;1.15em&#8221; header_6_font=&#8221;|600|||||||&#8221; header_6_font_size=&#8221;24px&#8221; position_origin_a=&#8221;center_center&#8221; background_layout=&#8221;dark&#8221; width=&#8221;100%&#8221; custom_margin=&#8221;||16px||false|false&#8221; text_font_size_tablet=&#8221;20px&#8221; text_font_size_phone=&#8221;18px&#8221; text_font_size_last_edited=&#8221;on|phone&#8221; header_font_size_tablet=&#8221;50px&#8221; header_font_size_phone=&#8221;28px&#8221; header_font_size_last_edited=&#8221;on|phone&#8221; global_colors_info=&#8221;{}&#8221;]<\/p>\n<p style=\"text-align: center;\">D\u00e9couvrez nos publications qui mettent en valeur et appuient les efforts de conservation des terres \u00e0 travers le Canada<\/p>\n<p>[\/et_pb_text][\/et_pb_column][\/et_pb_row][et_pb_row disabled_on=&#8221;on|on|on&#8221; _builder_version=&#8221;4.27.4&#8243; _module_preset=&#8221;default&#8221; background_enable_color=&#8221;off&#8221; use_background_color_gradient=&#8221;on&#8221; background_color_gradient_direction=&#8221;90deg&#8221; background_color_gradient_stops=&#8221;rgba(255,255,255,0) 0%|rgba(255,255,255,0) 50%|#ffffff 71%|#ffffff 100%&#8221; positioning=&#8221;absolute&#8221; position_origin_a=&#8221;bottom_left&#8221; width=&#8221;98%&#8221; max_width=&#8221;6000px&#8221; custom_padding=&#8221;4px|8px|4px|8px|false|false&#8221; border_radii=&#8221;off||20px||&#8221; border_color_all=&#8221;#EDF000&#8243; disabled=&#8221;on&#8221; global_colors_info=&#8221;{%22gcid-primary-color%22:%91%22background_color%22%93}&#8221;][et_pb_column type=&#8221;4_4&#8243; _builder_version=&#8221;4.27.4&#8243; _module_preset=&#8221;default&#8221; global_colors_info=&#8221;{}&#8221;][et_pb_text _builder_version=&#8221;4.27.4&#8243; _module_preset=&#8221;default&#8221; text_text_color=&#8221;rgba(16,116,187,0.7)&#8221; text_font_size=&#8221;11px&#8221; text_line_height=&#8221;1.2em&#8221; background_enable_color=&#8221;off&#8221; position_origin_a=&#8221;bottom_right&#8221; text_orientation=&#8221;right&#8221; width=&#8221;100%&#8221; custom_padding=&#8221;|24px|||false|false&#8221; custom_css_before=&#8221;font-family: &#8216;ETMODULES&#8217;;||content: &#8216;%92e075&#8217;;||position: absolute;||right: 8px;&#8221; global_colors_info=&#8221;{}&#8221;]<\/p>\n<p style=\"text-align: right;\">Emilie Forget<\/p>\n<p>[\/et_pb_text][\/et_pb_column][\/et_pb_row][\/et_pb_section][et_pb_section fb_built=&#8221;1&#8243; admin_label=&#8221;publications&#8221; _builder_version=&#8221;4.27.4&#8243; _module_preset=&#8221;default&#8221; custom_padding=&#8221;0px||||false|false&#8221; locked=&#8221;off&#8221; collapsed=&#8221;off&#8221; global_colors_info=&#8221;{}&#8221;][et_pb_row _builder_version=&#8221;4.27.4&#8243; _module_preset=&#8221;default&#8221; global_colors_info=&#8221;{}&#8221;][et_pb_column type=&#8221;4_4&#8243; _builder_version=&#8221;4.27.4&#8243; _module_preset=&#8221;default&#8221; global_colors_info=&#8221;{}&#8221;][et_pb_text _builder_version=&#8221;4.27.4&#8243; _module_preset=&#8221;default&#8221; header_2_font=&#8221;|700|||||||&#8221; header_2_text_align=&#8221;left&#8221; header_2_text_color=&#8221;#1074bb&#8221; header_2_font_size=&#8221;32px&#8221; header_2_font_size_tablet=&#8221;28px&#8221; header_2_font_size_phone=&#8221;22px&#8221; header_2_font_size_last_edited=&#8221;on|desktop&#8221; global_colors_info=&#8221;{}&#8221;]<\/p>\n<h2>Nos publications<\/h2>\n<p>[\/et_pb_text][et_pb_text _builder_version=&#8221;4.27.6&#8243; _module_preset=&#8221;default&#8221; custom_margin=&#8221;||||false|false&#8221; custom_padding=&#8221;|||28px|false|false&#8221; hover_enabled=&#8221;0&#8243; custom_css_before=&#8221;font-family: &#8216;ETMODULES&#8217;;||content: &#8216;%925a&#8217;;||font-size: 22px;||position: absolute;||left:0;&#8221; global_colors_info=&#8221;{}&#8221; sticky_enabled=&#8221;0&#8243;]<\/p>\n<p><a href=\"https:\/\/aclt-acoc.ca\/wp-content\/uploads\/2026\/03\/etudes-de-cas-sur-les-terres-autochtones-et-municipales.pdf\" target=\"_blank\" rel=\"noopener\">\u00c9tudes de cas sur les terres autochtones et municipales, <\/a>Ian Attridge, Responsable des relations avec les peuples autochtones \u00e0 l\u2019ACOC, Janvier 2026<\/p>\n<p>[\/et_pb_text][et_pb_text _builder_version=&#8221;4.27.4&#8243; _module_preset=&#8221;default&#8221; custom_margin=&#8221;||||false|false&#8221; custom_padding=&#8221;|||28px|false|false&#8221; custom_css_before=&#8221;font-family: &#8216;ETMODULES&#8217;;||content: &#8216;%925a&#8217;;||font-size: 22px;||position: absolute;||left:0;&#8221; global_colors_info=&#8221;{}&#8221;]<\/p>\n<p><a href=\"https:\/\/aclt-acoc.ca\/wp-content\/uploads\/2024\/11\/ACLT_-2024-Fiche-dinformation-OCA-et-Land-Back.pdf\" target=\"_blank\" rel=\"noopener\">Organismes de conservation autochtones et Land Back <\/a>Ian Attridge, Responsable des relations avec les peuples autochtones \u00e0 l\u2019ACOC, Octobre 2024<\/p>\n<p>[\/et_pb_text][et_pb_text _builder_version=&#8221;4.27.4&#8243; _module_preset=&#8221;default&#8221; custom_margin=&#8221;||||false|false&#8221; custom_padding=&#8221;|||28px|false|false&#8221; custom_css_before=&#8221;font-family: &#8216;ETMODULES&#8217;;||content: &#8216;%925a&#8217;;||font-size: 22px;||position: absolute;||left:0;&#8221; global_colors_info=&#8221;{}&#8221;]<\/p>\n<p><a href=\"https:\/\/aclt-acoc.ca\/wp-content\/uploads\/2024\/08\/Conservation-des-terres-avec-des-avantages-pour-le-public.pdf\" target=\"_blank\" rel=\"noopener\">Conservation des terres avec des avantages pour le public : Incitations, financement et processus de soutien au Canada ( R\u00e9sultats pr\u00e9liminaires ) 2024<\/a><\/p>\n<p>[\/et_pb_text][et_pb_text _builder_version=&#8221;4.27.4&#8243; _module_preset=&#8221;default&#8221; custom_margin=&#8221;||||false|false&#8221; custom_padding=&#8221;|||28px|false|false&#8221; custom_css_before=&#8221;font-family: &#8216;ETMODULES&#8217;;||content: &#8216;%925a&#8217;;||font-size: 22px;||position: absolute;||left:0;&#8221; global_colors_info=&#8221;{}&#8221;]<\/p>\n<p>Possibilit\u00e9s de Partenariats : Entre les Communaut\u00e9s Autochtones, les Municipalit\u00e9s et les Groupes de D\u00e9fense de l\u2019Environnement ( Conclusions pr\u00e9liminaires ) 2024<\/p>\n<p><a href=\"https:\/\/aclt-acoc.ca\/wp-content\/uploads\/2024\/08\/potential-for-partnership-FR.pdf\" target=\"_blank\" rel=\"noopener\">IMPRIMER LE FICHIER<\/a> | <a href=\"https:\/\/aclt-acoc.ca\/wp-content\/uploads\/2025\/01\/potential-for-partnership-FR-Web.pdf\" target=\"_blank\" rel=\"noopener\">FICHIER AVEC LIENS<\/a><\/p>\n<p style=\"text-align: left;\">[\/et_pb_text][et_pb_text _builder_version=&#8221;4.27.4&#8243; _module_preset=&#8221;default&#8221; custom_margin=&#8221;||||false|false&#8221; custom_padding=&#8221;|||28px|false|false&#8221; custom_css_before=&#8221;font-family: &#8216;ETMODULES&#8217;;||content: &#8216;%925a&#8217;;||font-size: 22px;||position: absolute;||left:0;&#8221; global_colors_info=&#8221;{}&#8221;]<\/p>\n<p style=\"text-align: left;\">Sondage national de l&#8217;ACOC sur les organismes de conservation 2023<br \/><a href=\"https:\/\/aclt-acoc.ca\/wp-content\/uploads\/2024\/03\/ACOC-2023-Sondage-national-Rapport.pdf\" target=\"_blank\" rel=\"noopener\">RAPPORT FINAL<\/a> | <a href=\"https:\/\/aclt-acoc.ca\/wp-content\/uploads\/2024\/03\/2023-ACOC-Sondage-national-sommaire-executif.pdf\" target=\"_blank\" rel=\"noopener\">SOMMAIRE EX\u00c9CUTIF<\/a><\/p>\n<p>[\/et_pb_text][et_pb_text _builder_version=&#8221;4.27.4&#8243; _module_preset=&#8221;default&#8221; custom_margin=&#8221;||||false|false&#8221; custom_padding=&#8221;|||28px|false|false&#8221; custom_css_before=&#8221;font-family: &#8216;ETMODULES&#8217;;||content: &#8216;%925a&#8217;;||font-size: 22px;||position: absolute;||left:0;&#8221; global_colors_info=&#8221;{}&#8221;]<\/p>\n<p style=\"text-align: left;\"><a href=\"https:\/\/aclt-acoc.ca\/wp-content\/uploads\/2023\/05\/2023-ACOC-CMB_FR.pdf\" target=\"_blank\" rel=\"noopener\">Comment les organismes de conservation contribuent-elles aux objectifs du cadre mondial pour la biodiversit\u00e9 Kunming-Montr\u00e9al<\/a><\/p>\n<p>[\/et_pb_text][et_pb_text _builder_version=&#8221;4.27.4&#8243; _module_preset=&#8221;default&#8221; custom_margin=&#8221;||||false|false&#8221; custom_padding=&#8221;|||28px|false|false&#8221; custom_css_before=&#8221;font-family: &#8216;ETMODULES&#8217;;||content: &#8216;%925a&#8217;;||font-size: 22px;||position: absolute;||left:0;&#8221; global_colors_info=&#8221;{}&#8221;]<\/p>\n<p style=\"text-align: left;\"><a href=\"https:\/\/aclt-acoc.ca\/wp-content\/uploads\/2023\/05\/ConservationOptionsMunicipalities-2023-OptionsDeConservationPourLesMunicipalitesDuCanada.pdf\" target=\"_blank\" rel=\"noopener\"><span>Options de conservation <\/span><span>pour les municipalit\u00e9s du Canada<\/span><\/a><\/p>\n<p>[\/et_pb_text][et_pb_text _builder_version=&#8221;4.27.4&#8243; _module_preset=&#8221;default&#8221; custom_margin=&#8221;||||false|false&#8221; custom_padding=&#8221;|||28px|false|false&#8221; custom_css_before=&#8221;font-family: &#8216;ETMODULES&#8217;;||content: &#8216;%925a&#8217;;||font-size: 22px;||position: absolute;||left:0;&#8221; global_colors_info=&#8221;{}&#8221;]<\/p>\n<p style=\"text-align: left;\"><a href=\"https:\/\/aclt-acoc.ca\/wp-content\/uploads\/2024\/12\/NHCP-2024-FR-v4-SEP30.pdf\" target=\"_blank\" rel=\"noopener\">Programme de conservation du patrimoine naturel 2023-2024 <strong>Un partenariat pour la conservation<\/strong><\/a><br \/><a href=\"https:\/\/aclt-acoc.ca\/wp-content\/uploads\/2023\/05\/2023-ACLT-GBF_ENG.pdf\" target=\"_blank\" rel=\"noopener\"><\/a><\/p>\n<p>[\/et_pb_text][dsm_icon_list _builder_version=&#8221;4.27.4&#8243; _module_preset=&#8221;default&#8221; global_colors_info=&#8221;{}&#8221;][\/dsm_icon_list][dsm_icon_list _builder_version=&#8221;4.27.4&#8243; _module_preset=&#8221;default&#8221; global_colors_info=&#8221;{}&#8221;][\/dsm_icon_list][et_pb_video src=&#8221;https:\/\/youtu.be\/Rp5-jZ1vqqw&#8221; _builder_version=&#8221;4.27.4&#8243; _module_preset=&#8221;default&#8221; global_colors_info=&#8221;{}&#8221; src__hover=&#8221;https:\/\/www.youtube.com\/watch?v=3OFXDqOgV44&#8243; src__hover_enabled=&#8221;on|desktop&#8221;][\/et_pb_video][\/et_pb_column][\/et_pb_row][\/et_pb_section]<\/p>\n","protected":false},"excerpt":{"rendered":"<p>Nos publicationsD\u00e9couvrez nos publications qui mettent en valeur et appuient les efforts de conservation des terres \u00e0 travers le CanadaEmilie ForgetNos publications\u00c9tudes de cas sur les terres autochtones et municipales, Ian Attridge, Responsable des relations avec les peuples autochtones \u00e0 l\u2019ACOC, Janvier 2026Organismes de conservation autochtones et Land Back Ian Attridge, Responsable des relations avec [&hellip;]<\/p>\n","protected":false},"author":54,"featured_media":0,"parent":0,"menu_order":0,"comment_status":"closed","ping_status":"closed","template":"","meta":{"_et_pb_use_builder":"on","_et_pb_old_content":"","_et_gb_content_width":"","inline_featured_image":false,"footnotes":""},"class_list":["post-40599","page","type-page","status-publish","hentry"],"yoast_head":"<!-- This site is optimized with the Yoast SEO plugin v27.5 - https:\/\/yoast.com\/product\/yoast-seo-wordpress\/ -->\n<title>Nos Publications - Alliance of Canadian Land Trusts<\/title>\n<meta name=\"robots\" content=\"index, follow, max-snippet:-1, max-image-preview:large, max-video-preview:-1\" \/>\n<link rel=\"canonical\" href=\"https:\/\/aclt-acoc.ca\/fr\/nos-publications\/\" \/>\n<meta property=\"og:locale\" content=\"fr_FR\" \/>\n<meta property=\"og:type\" content=\"article\" \/>\n<meta property=\"og:title\" content=\"Nos Publications - Alliance of Canadian Land Trusts\" \/>\n<meta property=\"og:description\" content=\"Nos publicationsD\u00e9couvrez nos publications qui mettent en valeur et appuient les efforts de conservation des terres \u00e0 travers le CanadaEmilie ForgetNos publications\u00c9tudes de cas sur les terres autochtones et municipales, Ian Attridge, Responsable des relations avec les peuples autochtones \u00e0 l\u2019ACOC, Janvier 2026Organismes de conservation autochtones et Land Back Ian Attridge, Responsable des relations avec [&hellip;]\" \/>\n<meta property=\"og:url\" content=\"https:\/\/aclt-acoc.ca\/fr\/nos-publications\/\" \/>\n<meta property=\"og:site_name\" content=\"Alliance of Canadian Land Trusts\" \/>\n<meta property=\"article:modified_time\" content=\"2026-03-05T14:11:35+00:00\" \/>\n<meta name=\"twitter:card\" content=\"summary_large_image\" \/>\n<meta name=\"twitter:label1\" content=\"Dur\u00e9e de lecture estim\u00e9e\" \/>\n\t<meta name=\"twitter:data1\" content=\"1 minute\" \/>\n<script type=\"application\/ld+json\" class=\"yoast-schema-graph\">{\"@context\":\"https:\\\/\\\/schema.org\",\"@graph\":[{\"@type\":\"WebPage\",\"@id\":\"https:\\\/\\\/aclt-acoc.ca\\\/fr\\\/nos-publications\\\/\",\"url\":\"https:\\\/\\\/aclt-acoc.ca\\\/fr\\\/nos-publications\\\/\",\"name\":\"Nos Publications - Alliance of Canadian Land Trusts\",\"isPartOf\":{\"@id\":\"https:\\\/\\\/aclt-acoc.ca\\\/fr\\\/#website\"},\"datePublished\":\"2023-05-25T18:22:42+00:00\",\"dateModified\":\"2026-03-05T14:11:35+00:00\",\"breadcrumb\":{\"@id\":\"https:\\\/\\\/aclt-acoc.ca\\\/fr\\\/nos-publications\\\/#breadcrumb\"},\"inLanguage\":\"fr-FR\",\"potentialAction\":[{\"@type\":\"ReadAction\",\"target\":[\"https:\\\/\\\/aclt-acoc.ca\\\/fr\\\/nos-publications\\\/\"]}]},{\"@type\":\"BreadcrumbList\",\"@id\":\"https:\\\/\\\/aclt-acoc.ca\\\/fr\\\/nos-publications\\\/#breadcrumb\",\"itemListElement\":[{\"@type\":\"ListItem\",\"position\":1,\"name\":\"Home\",\"item\":\"https:\\\/\\\/aclt-acoc.ca\\\/fr\\\/\"},{\"@type\":\"ListItem\",\"position\":2,\"name\":\"Nos Publications\"}]},{\"@type\":\"WebSite\",\"@id\":\"https:\\\/\\\/aclt-acoc.ca\\\/fr\\\/#website\",\"url\":\"https:\\\/\\\/aclt-acoc.ca\\\/fr\\\/\",\"name\":\"Alliance of Canadian Land Trusts\",\"description\":\"\",\"potentialAction\":[{\"@type\":\"SearchAction\",\"target\":{\"@type\":\"EntryPoint\",\"urlTemplate\":\"https:\\\/\\\/aclt-acoc.ca\\\/fr\\\/?s={search_term_string}\"},\"query-input\":{\"@type\":\"PropertyValueSpecification\",\"valueRequired\":true,\"valueName\":\"search_term_string\"}}],\"inLanguage\":\"fr-FR\"}]}<\/script>\n<!-- \/ Yoast SEO plugin. -->","yoast_head_json":{"title":"Nos Publications - Alliance of Canadian Land Trusts","robots":{"index":"index","follow":"follow","max-snippet":"max-snippet:-1","max-image-preview":"max-image-preview:large","max-video-preview":"max-video-preview:-1"},"canonical":"https:\/\/aclt-acoc.ca\/fr\/nos-publications\/","og_locale":"fr_FR","og_type":"article","og_title":"Nos Publications - Alliance of Canadian Land Trusts","og_description":"Nos publicationsD\u00e9couvrez nos publications qui mettent en valeur et appuient les efforts de conservation des terres \u00e0 travers le CanadaEmilie ForgetNos publications\u00c9tudes de cas sur les terres autochtones et municipales, Ian Attridge, Responsable des relations avec les peuples autochtones \u00e0 l\u2019ACOC, Janvier 2026Organismes de conservation autochtones et Land Back Ian Attridge, Responsable des relations avec [&hellip;]","og_url":"https:\/\/aclt-acoc.ca\/fr\/nos-publications\/","og_site_name":"Alliance of Canadian Land Trusts","article_modified_time":"2026-03-05T14:11:35+00:00","twitter_card":"summary_large_image","twitter_misc":{"Dur\u00e9e de lecture estim\u00e9e":"1 minute"},"schema":{"@context":"https:\/\/schema.org","@graph":[{"@type":"WebPage","@id":"https:\/\/aclt-acoc.ca\/fr\/nos-publications\/","url":"https:\/\/aclt-acoc.ca\/fr\/nos-publications\/","name":"Nos Publications - Alliance of Canadian Land Trusts","isPartOf":{"@id":"https:\/\/aclt-acoc.ca\/fr\/#website"},"datePublished":"2023-05-25T18:22:42+00:00","dateModified":"2026-03-05T14:11:35+00:00","breadcrumb":{"@id":"https:\/\/aclt-acoc.ca\/fr\/nos-publications\/#breadcrumb"},"inLanguage":"fr-FR","potentialAction":[{"@type":"ReadAction","target":["https:\/\/aclt-acoc.ca\/fr\/nos-publications\/"]}]},{"@type":"BreadcrumbList","@id":"https:\/\/aclt-acoc.ca\/fr\/nos-publications\/#breadcrumb","itemListElement":[{"@type":"ListItem","position":1,"name":"Home","item":"https:\/\/aclt-acoc.ca\/fr\/"},{"@type":"ListItem","position":2,"name":"Nos Publications"}]},{"@type":"WebSite","@id":"https:\/\/aclt-acoc.ca\/fr\/#website","url":"https:\/\/aclt-acoc.ca\/fr\/","name":"Alliance of Canadian Land Trusts","description":"","potentialAction":[{"@type":"SearchAction","target":{"@type":"EntryPoint","urlTemplate":"https:\/\/aclt-acoc.ca\/fr\/?s={search_term_string}"},"query-input":{"@type":"PropertyValueSpecification","valueRequired":true,"valueName":"search_term_string"}}],"inLanguage":"fr-FR"}]}},"_links":{"self":[{"href":"https:\/\/aclt-acoc.ca\/fr\/wp-json\/wp\/v2\/pages\/40599","targetHints":{"allow":["GET"]}}],"collection":[{"href":"https:\/\/aclt-acoc.ca\/fr\/wp-json\/wp\/v2\/pages"}],"about":[{"href":"https:\/\/aclt-acoc.ca\/fr\/wp-json\/wp\/v2\/types\/page"}],"author":[{"embeddable":true,"href":"https:\/\/aclt-acoc.ca\/fr\/wp-json\/wp\/v2\/users\/54"}],"replies":[{"embeddable":true,"href":"https:\/\/aclt-acoc.ca\/fr\/wp-json\/wp\/v2\/comments?post=40599"}],"version-history":[{"count":11,"href":"https:\/\/aclt-acoc.ca\/fr\/wp-json\/wp\/v2\/pages\/40599\/revisions"}],"predecessor-version":[{"id":45158,"href":"https:\/\/aclt-acoc.ca\/fr\/wp-json\/wp\/v2\/pages\/40599\/revisions\/45158"}],"wp:attachment":[{"href":"https:\/\/aclt-acoc.ca\/fr\/wp-json\/wp\/v2\/media?parent=40599"}],"curies":[{"name":"wp","href":"https:\/\/api.w.org\/{rel}","templated":true}]}}