{"id":40659,"date":"2023-07-11T13:05:39","date_gmt":"2023-07-11T20:05:39","guid":{"rendered":"https:\/\/aclt-acoc.ca\/declaration-sur-la-conservation-et-lengagement-des-peuples-autochtones\/"},"modified":"2023-07-13T12:13:54","modified_gmt":"2023-07-13T19:13:54","slug":"declaration-sur-la-conservation-et-lengagement-des-peuples-autochtones","status":"publish","type":"page","link":"https:\/\/aclt-acoc.ca\/fr\/declaration-sur-la-conservation-et-lengagement-des-peuples-autochtones\/","title":{"rendered":"D\u00e9claration de l\u2019Alliance canadienne des organismes de conservation sur la conservation et l\u2019engagement des peuples autochtones"},"content":{"rendered":"<p>[et_pb_section fb_built=&#8221;1&#8243; _builder_version=&#8221;4.21.0&#8243; background_image=&#8221;https:\/\/aclt-acoc.ca\/wp-content\/uploads\/2023\/07\/Camas2Cropped-scaled.jpg&#8221; min_height=&#8221;450px&#8221; global_colors_info=&#8221;{}&#8221;][et_pb_row _builder_version=&#8221;4.16&#8243; global_colors_info=&#8221;{}&#8221;][et_pb_column type=&#8221;4_4&#8243; _builder_version=&#8221;4.16&#8243; global_colors_info=&#8221;{}&#8221;][et_pb_post_title meta=&#8221;off&#8221; text_color=&#8221;light&#8221; _builder_version=&#8221;4.16&#8243; title_level=&#8221;h2&#8243; title_text_align=&#8221;center&#8221; title_font_size=&#8221;46px&#8221; text_orientation=&#8221;center&#8221; text_shadow_style=&#8221;preset3&#8243; text_shadow_color=&#8221;#000000&#8243; global_colors_info=&#8221;{}&#8221;][\/et_pb_post_title][\/et_pb_column][\/et_pb_row][\/et_pb_section][et_pb_section fb_built=&#8221;1&#8243; _builder_version=&#8221;4.16&#8243; _module_preset=&#8221;default&#8221; min_height=&#8221;124.7px&#8221; custom_margin=&#8221;-5px|||||&#8221; custom_padding=&#8221;||0px|||&#8221; global_colors_info=&#8221;{}&#8221;][et_pb_row _builder_version=&#8221;4.21.0&#8243; _module_preset=&#8221;default&#8221; global_colors_info=&#8221;{}&#8221;][et_pb_column type=&#8221;4_4&#8243; _builder_version=&#8221;4.20.2&#8243; _module_preset=&#8221;default&#8221; global_colors_info=&#8221;{}&#8221;][et_pb_text _builder_version=&#8221;4.21.0&#8243; _module_preset=&#8221;default&#8221; hover_enabled=&#8221;0&#8243; global_colors_info=&#8221;{}&#8221; sticky_enabled=&#8221;0&#8243;]<\/p>\n<p>Par son travail, l\u2019Alliance canadienne des organismes de conservation reconna\u00eet et exprime sa gratitude pour les terres, le ciel et les eaux qui s\u2019\u00e9tendent \u00e0 travers le Canada, ainsi que pour les animaux et les plantes qui y vivent. Nous sommes reconnaissants pour leur beaut\u00e9 et leur abondance, et nous remercions les peuples autochtones qui ont \u00e9t\u00e9 et sont toujours les gardiens traditionnels de ces terres. Nous sommes reconnaissants pour la terre, le partage des connaissances, la m\u00e9decine et bien d\u2019autres choses encore.<\/p>\n<p>Le Canada abrite depuis des temps imm\u00e9moriaux les anc\u00eatres des Premi\u00e8res Nations, des M\u00e9tis et des Inuits. En tant qu\u2019organisation nationale, l\u2019ACOC op\u00e8re dans diverses r\u00e9gions du Canada, et nous reconnaissons que de nombreux employ\u00e9s et b\u00e9n\u00e9voles de l\u2019ACOC travaillent et vivent sur les territoires traditionnels des Premiers Peuples de ce pays. L\u2019histoire et le processus continu de colonisation par des peuples non autochtones ont caus\u00e9 des dommages et des perturbations fondamentales aux modes de vie, \u00e0 la culture et aux liens des peuples autochtones avec la terre, l\u2019esprit et toutes nos relations.<\/p>\n<p>Nous reconnaissons que le travail des organismes de conservation repose sur un cadre juridique colonial qui utilise des outils tels que la propri\u00e9t\u00e9 fonci\u00e8re exclusive et qu\u2019il est important pour la communaut\u00e9 des organismes de conservations de comprendre comment notre travail affecte les peuples autochtones et toutes nos relations avec la terre de mani\u00e8re positive et n\u00e9gative.<\/p>\n<p>Nous croyons qu\u2019en tant que communaut\u00e9, nous devons apprendre, nous engager et chercher \u00e0 comprendre l\u2019impact de notre travail sur les nations et les communaut\u00e9s autochtones dans les territoires o\u00f9 nous travaillons, et permettre \u00e0 cette connaissance de guider nos actions, d\u2019honorer notre engagement continu envers la d\u00e9colonisation et les actions visant \u00e0 cr\u00e9er des relations justes et \u00e0 lutter contre l\u2019injustice avec tous les peuples autochtones.<\/p>\n<p>L\u2019ACOC s\u2019engage \u00e0 valoriser les diff\u00e9rences et \u00e0 apprendre comment favoriser l\u2019\u00e9quit\u00e9, la diversit\u00e9, l\u2019inclusion, l\u2019appartenance et la justice sociale dans tout son travail.<\/p>\n<p>L\u2019espace \u00e9thique est un lieu o\u00f9 les pratiques orales traditionnelles et les pratiques \u00e9crites occidentales sont mises en parall\u00e8le, en tirant parti des forces des processus respectifs pour co-cr\u00e9er un lieu s\u00fbr o\u00f9 concevoir, d\u00e9velopper, valider et travailler ensemble en harmonie, en comblant le foss\u00e9 entre les cultures et en activant une r\u00e9conciliation significative.<\/p>\n<p>L\u2019ACOC continue de travailler \u00e0 l\u2019avancement des partenariats de conservation autochtones, ce qui comprend :<\/p>\n<ul>\n<li>Collaborer avec les peuples et les institutions autochtones pour d\u00e9velopper une formation pour l\u2019ACOC et les organismes de conservation qui fournit un base, ax\u00e9e sur l\u2019am\u00e9lioration de la connaissance des histoires autochtones, des exp\u00e9riences pass\u00e9es et actuelles, ainsi que des valeurs, de la culture et des protocoles contemporains;<\/li>\n<li>\u00c9tablir des liens et apprendre des conseillers autochtones et nouer des relations avec les nations et les communaut\u00e9s autochtones sur les territoires desquelles nous travaillons, afin de nous assurer que notre orientation strat\u00e9gique et nos activit\u00e9s op\u00e9rationnelles sont align\u00e9es sur les priorit\u00e9s des communaut\u00e9s autochtones et d&#8217;encourager nos partenaires en mati\u00e8re de conservation \u00e0 faire de m\u00eame;<\/li>\n<li>Utiliser nos connaissances et notre exp\u00e9rience pour soutenir les communaut\u00e9s autochtones qui souhaitent explorer le mod\u00e8le d\u2019organisme de conservation afin de faire progresser la r\u00e9conciliation par la conservation des terres.<\/li>\n<\/ul>\n<p>L\u2019ACOC utilisera les modes d\u2019actions suivants :<\/p>\n<ul>\n<li>Int\u00e9grer les peuples autochtones au sein de l\u2019ACOC;<\/li>\n<li>Travailler avec les organismes de conservation conventionnelles pour am\u00e9liorer leurs liens avec les communaut\u00e9s autochtones sur leurs territoires;<\/li>\n<li>Permettre le renforcement des capacit\u00e9s des organismes de conservation autochtones;<\/li>\n<li>Soutenir la conservation men\u00e9e par les peuples autochtones;<\/li>\n<li>Promouvoir l\u2019\u00e9tablissement de liens avec les peuples autochtones.<\/li>\n<\/ul>\n<p>[\/et_pb_text][\/et_pb_column][\/et_pb_row][\/et_pb_section]<\/p>\n","protected":false},"excerpt":{"rendered":"<p>Par son travail, l\u2019Alliance canadienne des organismes de conservation reconna\u00eet et exprime sa gratitude pour les terres, le ciel et les eaux qui s\u2019\u00e9tendent \u00e0 travers le Canada, ainsi que pour les animaux et les plantes qui y vivent. Nous sommes reconnaissants pour leur beaut\u00e9 et leur abondance, et nous remercions les peuples autochtones qui [&hellip;]<\/p>\n","protected":false},"author":54,"featured_media":0,"parent":0,"menu_order":0,"comment_status":"closed","ping_status":"closed","template":"","meta":{"_et_pb_use_builder":"on","_et_pb_old_content":"","_et_gb_content_width":"","inline_featured_image":false,"footnotes":""},"class_list":["post-40659","page","type-page","status-publish","hentry"],"yoast_head":"<!-- This site is optimized with the Yoast SEO plugin v27.3 - https:\/\/yoast.com\/product\/yoast-seo-wordpress\/ -->\n<title>D\u00e9claration de l\u2019Alliance canadienne des organismes de conservation sur la conservation et l\u2019engagement des peuples autochtones - Alliance of Canadian Land Trusts<\/title>\n<meta name=\"robots\" content=\"index, follow, max-snippet:-1, max-image-preview:large, max-video-preview:-1\" \/>\n<link rel=\"canonical\" href=\"https:\/\/aclt-acoc.ca\/fr\/declaration-sur-la-conservation-et-lengagement-des-peuples-autochtones\/\" \/>\n<meta property=\"og:locale\" content=\"fr_FR\" \/>\n<meta property=\"og:type\" content=\"article\" \/>\n<meta property=\"og:title\" content=\"D\u00e9claration de l\u2019Alliance canadienne des organismes de conservation sur la conservation et l\u2019engagement des peuples autochtones - Alliance of Canadian Land Trusts\" \/>\n<meta property=\"og:description\" content=\"Par son travail, l\u2019Alliance canadienne des organismes de conservation reconna\u00eet et exprime sa gratitude pour les terres, le ciel et les eaux qui s\u2019\u00e9tendent \u00e0 travers le Canada, ainsi que pour les animaux et les plantes qui y vivent. Nous sommes reconnaissants pour leur beaut\u00e9 et leur abondance, et nous remercions les peuples autochtones qui [&hellip;]\" \/>\n<meta property=\"og:url\" content=\"https:\/\/aclt-acoc.ca\/fr\/declaration-sur-la-conservation-et-lengagement-des-peuples-autochtones\/\" \/>\n<meta property=\"og:site_name\" content=\"Alliance of Canadian Land Trusts\" \/>\n<meta property=\"article:modified_time\" content=\"2023-07-13T19:13:54+00:00\" \/>\n<meta name=\"twitter:card\" content=\"summary_large_image\" \/>\n<meta name=\"twitter:label1\" content=\"Dur\u00e9e de lecture estim\u00e9e\" \/>\n\t<meta name=\"twitter:data1\" content=\"4 minutes\" \/>\n<script type=\"application\/ld+json\" class=\"yoast-schema-graph\">{\"@context\":\"https:\\\/\\\/schema.org\",\"@graph\":[{\"@type\":\"WebPage\",\"@id\":\"https:\\\/\\\/aclt-acoc.ca\\\/fr\\\/declaration-sur-la-conservation-et-lengagement-des-peuples-autochtones\\\/\",\"url\":\"https:\\\/\\\/aclt-acoc.ca\\\/fr\\\/declaration-sur-la-conservation-et-lengagement-des-peuples-autochtones\\\/\",\"name\":\"D\u00e9claration de l\u2019Alliance canadienne des organismes de conservation sur la conservation et l\u2019engagement des peuples autochtones - Alliance of Canadian Land Trusts\",\"isPartOf\":{\"@id\":\"https:\\\/\\\/aclt-acoc.ca\\\/fr\\\/#website\"},\"datePublished\":\"2023-07-11T20:05:39+00:00\",\"dateModified\":\"2023-07-13T19:13:54+00:00\",\"breadcrumb\":{\"@id\":\"https:\\\/\\\/aclt-acoc.ca\\\/fr\\\/declaration-sur-la-conservation-et-lengagement-des-peuples-autochtones\\\/#breadcrumb\"},\"inLanguage\":\"fr-FR\",\"potentialAction\":[{\"@type\":\"ReadAction\",\"target\":[\"https:\\\/\\\/aclt-acoc.ca\\\/fr\\\/declaration-sur-la-conservation-et-lengagement-des-peuples-autochtones\\\/\"]}]},{\"@type\":\"BreadcrumbList\",\"@id\":\"https:\\\/\\\/aclt-acoc.ca\\\/fr\\\/declaration-sur-la-conservation-et-lengagement-des-peuples-autochtones\\\/#breadcrumb\",\"itemListElement\":[{\"@type\":\"ListItem\",\"position\":1,\"name\":\"Home\",\"item\":\"https:\\\/\\\/aclt-acoc.ca\\\/fr\\\/\"},{\"@type\":\"ListItem\",\"position\":2,\"name\":\"D\u00e9claration de l\u2019Alliance canadienne des organismes de conservation sur la conservation et l\u2019engagement des peuples autochtones\"}]},{\"@type\":\"WebSite\",\"@id\":\"https:\\\/\\\/aclt-acoc.ca\\\/fr\\\/#website\",\"url\":\"https:\\\/\\\/aclt-acoc.ca\\\/fr\\\/\",\"name\":\"Alliance of Canadian Land Trusts\",\"description\":\"\",\"potentialAction\":[{\"@type\":\"SearchAction\",\"target\":{\"@type\":\"EntryPoint\",\"urlTemplate\":\"https:\\\/\\\/aclt-acoc.ca\\\/fr\\\/?s={search_term_string}\"},\"query-input\":{\"@type\":\"PropertyValueSpecification\",\"valueRequired\":true,\"valueName\":\"search_term_string\"}}],\"inLanguage\":\"fr-FR\"}]}<\/script>\n<!-- \/ Yoast SEO plugin. -->","yoast_head_json":{"title":"D\u00e9claration de l\u2019Alliance canadienne des organismes de conservation sur la conservation et l\u2019engagement des peuples autochtones - Alliance of Canadian Land Trusts","robots":{"index":"index","follow":"follow","max-snippet":"max-snippet:-1","max-image-preview":"max-image-preview:large","max-video-preview":"max-video-preview:-1"},"canonical":"https:\/\/aclt-acoc.ca\/fr\/declaration-sur-la-conservation-et-lengagement-des-peuples-autochtones\/","og_locale":"fr_FR","og_type":"article","og_title":"D\u00e9claration de l\u2019Alliance canadienne des organismes de conservation sur la conservation et l\u2019engagement des peuples autochtones - Alliance of Canadian Land Trusts","og_description":"Par son travail, l\u2019Alliance canadienne des organismes de conservation reconna\u00eet et exprime sa gratitude pour les terres, le ciel et les eaux qui s\u2019\u00e9tendent \u00e0 travers le Canada, ainsi que pour les animaux et les plantes qui y vivent. Nous sommes reconnaissants pour leur beaut\u00e9 et leur abondance, et nous remercions les peuples autochtones qui [&hellip;]","og_url":"https:\/\/aclt-acoc.ca\/fr\/declaration-sur-la-conservation-et-lengagement-des-peuples-autochtones\/","og_site_name":"Alliance of Canadian Land Trusts","article_modified_time":"2023-07-13T19:13:54+00:00","twitter_card":"summary_large_image","twitter_misc":{"Dur\u00e9e de lecture estim\u00e9e":"4 minutes"},"schema":{"@context":"https:\/\/schema.org","@graph":[{"@type":"WebPage","@id":"https:\/\/aclt-acoc.ca\/fr\/declaration-sur-la-conservation-et-lengagement-des-peuples-autochtones\/","url":"https:\/\/aclt-acoc.ca\/fr\/declaration-sur-la-conservation-et-lengagement-des-peuples-autochtones\/","name":"D\u00e9claration de l\u2019Alliance canadienne des organismes de conservation sur la conservation et l\u2019engagement des peuples autochtones - Alliance of Canadian Land Trusts","isPartOf":{"@id":"https:\/\/aclt-acoc.ca\/fr\/#website"},"datePublished":"2023-07-11T20:05:39+00:00","dateModified":"2023-07-13T19:13:54+00:00","breadcrumb":{"@id":"https:\/\/aclt-acoc.ca\/fr\/declaration-sur-la-conservation-et-lengagement-des-peuples-autochtones\/#breadcrumb"},"inLanguage":"fr-FR","potentialAction":[{"@type":"ReadAction","target":["https:\/\/aclt-acoc.ca\/fr\/declaration-sur-la-conservation-et-lengagement-des-peuples-autochtones\/"]}]},{"@type":"BreadcrumbList","@id":"https:\/\/aclt-acoc.ca\/fr\/declaration-sur-la-conservation-et-lengagement-des-peuples-autochtones\/#breadcrumb","itemListElement":[{"@type":"ListItem","position":1,"name":"Home","item":"https:\/\/aclt-acoc.ca\/fr\/"},{"@type":"ListItem","position":2,"name":"D\u00e9claration de l\u2019Alliance canadienne des organismes de conservation sur la conservation et l\u2019engagement des peuples autochtones"}]},{"@type":"WebSite","@id":"https:\/\/aclt-acoc.ca\/fr\/#website","url":"https:\/\/aclt-acoc.ca\/fr\/","name":"Alliance of Canadian Land Trusts","description":"","potentialAction":[{"@type":"SearchAction","target":{"@type":"EntryPoint","urlTemplate":"https:\/\/aclt-acoc.ca\/fr\/?s={search_term_string}"},"query-input":{"@type":"PropertyValueSpecification","valueRequired":true,"valueName":"search_term_string"}}],"inLanguage":"fr-FR"}]}},"_links":{"self":[{"href":"https:\/\/aclt-acoc.ca\/fr\/wp-json\/wp\/v2\/pages\/40659","targetHints":{"allow":["GET"]}}],"collection":[{"href":"https:\/\/aclt-acoc.ca\/fr\/wp-json\/wp\/v2\/pages"}],"about":[{"href":"https:\/\/aclt-acoc.ca\/fr\/wp-json\/wp\/v2\/types\/page"}],"author":[{"embeddable":true,"href":"https:\/\/aclt-acoc.ca\/fr\/wp-json\/wp\/v2\/users\/54"}],"replies":[{"embeddable":true,"href":"https:\/\/aclt-acoc.ca\/fr\/wp-json\/wp\/v2\/comments?post=40659"}],"version-history":[{"count":0,"href":"https:\/\/aclt-acoc.ca\/fr\/wp-json\/wp\/v2\/pages\/40659\/revisions"}],"wp:attachment":[{"href":"https:\/\/aclt-acoc.ca\/fr\/wp-json\/wp\/v2\/media?parent=40659"}],"curies":[{"name":"wp","href":"https:\/\/api.w.org\/{rel}","templated":true}]}}