{"id":42249,"date":"2025-02-24T22:00:09","date_gmt":"2025-02-25T06:00:09","guid":{"rendered":"https:\/\/aclt-acoc.ca\/contactez-nous\/"},"modified":"2025-04-11T22:34:20","modified_gmt":"2025-04-12T05:34:20","slug":"contactez-nous","status":"publish","type":"page","link":"https:\/\/aclt-acoc.ca\/fr\/contactez-nous\/","title":{"rendered":"Contactez-nous"},"content":{"rendered":"<p>[et_pb_section fb_built=&#8221;1&#8243; admin_label=&#8221;hero&#8221; _builder_version=&#8221;4.27.4&#8243; background_color=&#8221;rgba(16,116,187,0.5)&#8221; background_image=&#8221;https:\/\/aclt-acoc.ca\/wp-content\/uploads\/2025\/04\/contact01.jpg&#8221; background_blend=&#8221;multiply&#8221; min_height=&#8221;450px&#8221; custom_padding=&#8221;24px||24px||false|false&#8221; hover_enabled=&#8221;0&#8243; custom_css_main_element=&#8221;position:relative&#8221; custom_css_after=&#8221;\/*||content: &#8216;Cr\u00e9dit photo : Emilie Forget&#8217;;||position: absolute;||bottom:0;||left: 50%;||border-radius: 16px 16px 0 0;||transform: translatex(-50%);||background-color:#ffffff;||width:95%;||text-align: right;||font-size: 11px;||padding: 2px 16px;||color: rgba(16,116,187,.7);||line-height: 1em;*\/&#8221; locked=&#8221;off&#8221; collapsed=&#8221;on&#8221; global_colors_info=&#8221;{}&#8221; title_text=&#8221;contact01&#8243; sticky_enabled=&#8221;0&#8243;][et_pb_row _builder_version=&#8221;4.27.4&#8243; positioning=&#8221;absolute&#8221; position_origin_a=&#8221;center_center&#8221; custom_padding=&#8221;0px||0px||false|false&#8221; global_colors_info=&#8221;{}&#8221; theme_builder_area=&#8221;post_content&#8221;][et_pb_column type=&#8221;4_4&#8243; _builder_version=&#8221;4.16&#8243; global_colors_info=&#8221;{}&#8221; theme_builder_area=&#8221;post_content&#8221;][et_pb_text _builder_version=&#8221;4.27.4&#8243; _module_preset=&#8221;default&#8221; header_font=&#8221;|700|||||||&#8221; header_text_align=&#8221;center&#8221; header_text_color=&#8221;#FFFFFF&#8221; header_font_size=&#8221;60px&#8221; position_origin_a=&#8221;center_center&#8221; width=&#8221;100%&#8221; custom_margin=&#8221;||16px||false|false&#8221; hover_enabled=&#8221;0&#8243; header_font_size_tablet=&#8221;50px&#8221; header_font_size_phone=&#8221;28px&#8221; header_font_size_last_edited=&#8221;on|phone&#8221; global_colors_info=&#8221;{}&#8221; theme_builder_area=&#8221;post_content&#8221; sticky_enabled=&#8221;0&#8243;]<\/p>\n<h1 style=\"text-align: center;\">Restons connect\u00e9s !<\/h1>\n<p>[\/et_pb_text][et_pb_text _builder_version=&#8221;4.27.4&#8243; _module_preset=&#8221;default&#8221; text_font=&#8221;||||||||&#8221; text_text_color=&#8221;#FFFFFF&#8221; text_font_size=&#8221;23px&#8221; text_line_height=&#8221;1.3em&#8221; header_font=&#8221;|700|||||||&#8221; header_text_align=&#8221;center&#8221; header_text_color=&#8221;#FFFFFF&#8221; header_font_size=&#8221;60px&#8221; header_line_height=&#8221;1.15em&#8221; header_6_font=&#8221;|600|||||||&#8221; header_6_font_size=&#8221;24px&#8221; position_origin_a=&#8221;center_center&#8221; background_layout=&#8221;dark&#8221; width=&#8221;100%&#8221; custom_margin=&#8221;||16px||false|false&#8221; hover_enabled=&#8221;0&#8243; text_font_size_tablet=&#8221;20px&#8221; text_font_size_phone=&#8221;18px&#8221; text_font_size_last_edited=&#8221;on|phone&#8221; header_font_size_tablet=&#8221;50px&#8221; header_font_size_phone=&#8221;28px&#8221; header_font_size_last_edited=&#8221;on|phone&#8221; global_colors_info=&#8221;{}&#8221; theme_builder_area=&#8221;post_content&#8221; sticky_enabled=&#8221;0&#8243;]<\/p>\n<p style=\"text-align: center;\">Contactez-nous pour toute demande de renseignements, assistance ou opportunit\u00e9s de collaboration.<br \/>Nous sommes l\u00e0 pour vous aider \u00e0 faire la diff\u00e9rence.<\/p>\n<p>[\/et_pb_text][\/et_pb_column][\/et_pb_row][et_pb_row disabled_on=&#8221;on|on|on&#8221; _builder_version=&#8221;4.27.4&#8243; _module_preset=&#8221;default&#8221; background_enable_color=&#8221;off&#8221; use_background_color_gradient=&#8221;on&#8221; background_color_gradient_direction=&#8221;90deg&#8221; background_color_gradient_stops=&#8221;rgba(255,255,255,0) 0%|rgba(255,255,255,0) 50%|#ffffff 71%|#ffffff 100%&#8221; positioning=&#8221;absolute&#8221; position_origin_a=&#8221;bottom_left&#8221; width=&#8221;98%&#8221; max_width=&#8221;6000px&#8221; custom_padding=&#8221;4px|8px|4px|8px|false|false&#8221; border_radii=&#8221;off||20px||&#8221; border_color_all=&#8221;#EDF000&#8243; disabled=&#8221;on&#8221; global_colors_info=&#8221;{%22gcid-primary-color%22:%91%22background_color%22%93}&#8221; theme_builder_area=&#8221;post_content&#8221;][et_pb_column type=&#8221;4_4&#8243; _builder_version=&#8221;4.27.4&#8243; _module_preset=&#8221;default&#8221; global_colors_info=&#8221;{}&#8221; theme_builder_area=&#8221;post_content&#8221;][et_pb_text _builder_version=&#8221;4.27.4&#8243; _module_preset=&#8221;default&#8221; text_text_color=&#8221;rgba(16,116,187,0.7)&#8221; text_font_size=&#8221;11px&#8221; text_line_height=&#8221;1.2em&#8221; background_enable_color=&#8221;off&#8221; position_origin_a=&#8221;bottom_right&#8221; text_orientation=&#8221;right&#8221; width=&#8221;100%&#8221; custom_padding=&#8221;|24px|||false|false&#8221; custom_css_before=&#8221;font-family: &#8216;ETMODULES&#8217;;||content: &#8216;%92e075&#8217;;||position: absolute;||right: 8px;&#8221; global_colors_info=&#8221;{}&#8221; theme_builder_area=&#8221;post_content&#8221;]<\/p>\n<p style=\"text-align: right;\">Emilie Forget<\/p>\n<p>[\/et_pb_text][\/et_pb_column][\/et_pb_row][\/et_pb_section][et_pb_section fb_built=&#8221;1&#8243; admin_label=&#8221;Contact&#8221; _builder_version=&#8221;4.27.4&#8243; _module_preset=&#8221;default&#8221; background_enable_color=&#8221;off&#8221; background_enable_image=&#8221;off&#8221; custom_margin=&#8221;||50px||false|false&#8221; custom_padding=&#8221;0px||0px||true|false&#8221; locked=&#8221;off&#8221; collapsed=&#8221;off&#8221; global_colors_info=&#8221;{%22#22577a%22:%91%22background_color%22,%22background_color_gradient_stops%22,%22background_color%22%93}&#8221;][et_pb_row custom_padding_last_edited=&#8221;on|desktop&#8221; _builder_version=&#8221;4.27.4&#8243; _module_preset=&#8221;048d8e79-b07f-439b-bd57-f41c14f0a56b&#8221; background_color=&#8221;#FFFFFF&#8221; custom_padding=&#8221;70px|40px|15px|40px|false|true&#8221; custom_padding_tablet=&#8221;30px|30px|30px|30px|true|true&#8221; custom_padding_phone=&#8221;20px|20px|20px|20px|true|true&#8221; border_radii=&#8221;on|6px|6px|6px|6px&#8221; border_radii_tablet=&#8221;on|30px|30px|30px|30px&#8221; border_radii_phone=&#8221;on|20px|20px|20px|20px&#8221; border_radii_last_edited=&#8221;off|desktop&#8221; global_colors_info=&#8221;{%22gcid-7cadd8b3-5228-48e4-90c4-212d09232f7b%22:%91%22color%22%93,%22gcid-36fd78a7-34bc-404d-873c-dafa34efaae5%22:%91%22color%22%93}&#8221; locked=&#8221;off&#8221;][et_pb_column type=&#8221;4_4&#8243; _builder_version=&#8221;4.16&#8243; _module_preset=&#8221;73121f80-a3ef-4484-8763-c3f18e3c56d2&#8243; global_colors_info=&#8221;{}&#8221;][et_pb_text _builder_version=&#8221;4.27.4&#8243; _module_preset=&#8221;default&#8221; header_2_font=&#8221;|700|||||||&#8221; header_2_text_align=&#8221;left&#8221; header_2_text_color=&#8221;#1074bb&#8221; header_2_font_size=&#8221;32px&#8221; hover_enabled=&#8221;0&#8243; header_2_font_size_tablet=&#8221;28px&#8221; header_2_font_size_phone=&#8221;22px&#8221; header_2_font_size_last_edited=&#8221;on|desktop&#8221; global_colors_info=&#8221;{}&#8221; locked=&#8221;off&#8221; sticky_enabled=&#8221;0&#8243;]<\/p>\n<h2>Prenez contact avec nous<\/h2>\n<p>[\/et_pb_text][et_pb_text _builder_version=&#8221;4.27.4&#8243; _module_preset=&#8221;default&#8221; hover_enabled=&#8221;0&#8243; global_colors_info=&#8221;{}&#8221; locked=&#8221;off&#8221; sticky_enabled=&#8221;0&#8243;]<\/p>\n<h4><strong>Nous sommes \u00e0 votre \u00e9coute !<\/strong><\/h4>\n<p>[\/et_pb_text][et_pb_contact_form email=&#8221;info@acoc.ca&#8221; success_message=&#8221;Message envoy\u00e9. Merci.&#8221; submit_button_text=&#8221;Envoyer&#8221; _builder_version=&#8221;4.27.4&#8243; _module_preset=&#8221;347de7c5-8eec-4fb2-89ad-e07c220a4ead&#8221; _unique_id=&#8221;653e01dd-6bd4-4e62-b530-40e83ea72455&#8243; form_field_background_color=&#8221;RGBA(255,255,255,0)&#8221; form_field_text_color=&#8221;rgba(0,0,0,0.64)&#8221; form_field_custom_margin=&#8221;||||false|false&#8221; form_field_custom_padding=&#8221;||||true|false&#8221; title_font=&#8221;|Playfair Display_weight|||||||&#8221; title_text_color=&#8221;#111111&#8243; title_font_size=&#8221;50px&#8221; title_line_height=&#8221;1.2em&#8221; captcha_font=&#8221;|Source Sans Pro_weight|||||||&#8221; form_field_font=&#8221;|Source Sans Pro_weight|||||||&#8221; form_field_font_size=&#8221;16px&#8221; custom_button=&#8221;on&#8221; button_text_size=&#8221;16px&#8221; button_text_color=&#8221;#1074BB&#8221; button_bg_color=&#8221;#FFFFFF&#8221; button_border_width=&#8221;2px&#8221; button_font=&#8221;&#8211;et_global_body_font|700|||||||&#8221; button_custom_margin=&#8221;10px||||false|false&#8221; button_custom_padding=&#8221;8px|24px|8px|24px|true|true&#8221; hover_enabled=&#8221;0&#8243; title_font_size_tablet=&#8221;28px&#8221; title_font_size_phone=&#8221;20px&#8221; title_font_size_last_edited=&#8221;on|desktop&#8221; border_radii=&#8221;on|3px|3px|3px|3px&#8221; border_width_all=&#8221;1px&#8221; border_color_all=&#8221;rgba(0,0,0,0.4)&#8221; locked=&#8221;off&#8221; global_colors_info=&#8221;{}&#8221; button_use_icon=&#8221;off&#8221; button_bg_enable_color=&#8221;on&#8221; sticky_enabled=&#8221;0&#8243; captcha_font_size=&#8221;16px&#8221; custom_css_free_form=&#8221;selector .et_contact_bottom_container{||  display:flex;||  flex-direction: column;||  gap: 1rem;||} ||selector .et_contact_bottom_container .et_pb_contact_right{||  margin-top: 10px;display:block;||}||selector .et_contact_bottom_container .et_pb_contact_right input{||  margin-left: 6px;||}||selector .et_contact_bottom_container .et_pb_contact_submit:hover{||  border-color: rgba(0,0,0,.5) !important;||}&#8221;][et_pb_contact_field field_id=&#8221;Name&#8221; field_title=&#8221;Nom&#8221; fullwidth_field=&#8221;on&#8221; _builder_version=&#8221;4.27.4&#8243; _module_preset=&#8221;default&#8221; hover_enabled=&#8221;0&#8243; global_colors_info=&#8221;{}&#8221; button_text_size__hover_enabled=&#8221;off&#8221; button_one_text_size__hover_enabled=&#8221;off&#8221; button_two_text_size__hover_enabled=&#8221;off&#8221; button_text_color__hover_enabled=&#8221;off&#8221; button_one_text_color__hover_enabled=&#8221;off&#8221; button_two_text_color__hover_enabled=&#8221;off&#8221; button_border_width__hover_enabled=&#8221;off&#8221; button_one_border_width__hover_enabled=&#8221;off&#8221; button_two_border_width__hover_enabled=&#8221;off&#8221; button_border_color__hover_enabled=&#8221;off&#8221; button_one_border_color__hover_enabled=&#8221;off&#8221; button_two_border_color__hover_enabled=&#8221;off&#8221; button_border_radius__hover_enabled=&#8221;off&#8221; button_one_border_radius__hover_enabled=&#8221;off&#8221; button_two_border_radius__hover_enabled=&#8221;off&#8221; button_letter_spacing__hover_enabled=&#8221;off&#8221; button_one_letter_spacing__hover_enabled=&#8221;off&#8221; button_two_letter_spacing__hover_enabled=&#8221;off&#8221; button_bg_color__hover_enabled=&#8221;off&#8221; button_one_bg_color__hover_enabled=&#8221;off&#8221; button_two_bg_color__hover_enabled=&#8221;off&#8221; sticky_enabled=&#8221;0&#8243;][\/et_pb_contact_field][et_pb_contact_field field_id=&#8221;Email&#8221; field_title=&#8221;Courriel&#8221; field_type=&#8221;email&#8221; fullwidth_field=&#8221;on&#8221; _builder_version=&#8221;4.27.4&#8243; _module_preset=&#8221;default&#8221; hover_enabled=&#8221;0&#8243; global_colors_info=&#8221;{}&#8221; button_text_size__hover_enabled=&#8221;off&#8221; button_one_text_size__hover_enabled=&#8221;off&#8221; button_two_text_size__hover_enabled=&#8221;off&#8221; button_text_color__hover_enabled=&#8221;off&#8221; button_one_text_color__hover_enabled=&#8221;off&#8221; button_two_text_color__hover_enabled=&#8221;off&#8221; button_border_width__hover_enabled=&#8221;off&#8221; button_one_border_width__hover_enabled=&#8221;off&#8221; button_two_border_width__hover_enabled=&#8221;off&#8221; button_border_color__hover_enabled=&#8221;off&#8221; button_one_border_color__hover_enabled=&#8221;off&#8221; button_two_border_color__hover_enabled=&#8221;off&#8221; button_border_radius__hover_enabled=&#8221;off&#8221; button_one_border_radius__hover_enabled=&#8221;off&#8221; button_two_border_radius__hover_enabled=&#8221;off&#8221; button_letter_spacing__hover_enabled=&#8221;off&#8221; button_one_letter_spacing__hover_enabled=&#8221;off&#8221; button_two_letter_spacing__hover_enabled=&#8221;off&#8221; button_bg_color__hover_enabled=&#8221;off&#8221; button_one_bg_color__hover_enabled=&#8221;off&#8221; button_two_bg_color__hover_enabled=&#8221;off&#8221; sticky_enabled=&#8221;0&#8243;][\/et_pb_contact_field][et_pb_contact_field field_id=&#8221;Message&#8221; field_title=&#8221;Message&#8221; field_type=&#8221;text&#8221; fullwidth_field=&#8221;on&#8221; _builder_version=&#8221;4.16&#8243; _module_preset=&#8221;default&#8221; global_colors_info=&#8221;{}&#8221; button_text_size__hover_enabled=&#8221;off&#8221; button_one_text_size__hover_enabled=&#8221;off&#8221; button_two_text_size__hover_enabled=&#8221;off&#8221; button_text_color__hover_enabled=&#8221;off&#8221; button_one_text_color__hover_enabled=&#8221;off&#8221; button_two_text_color__hover_enabled=&#8221;off&#8221; button_border_width__hover_enabled=&#8221;off&#8221; button_one_border_width__hover_enabled=&#8221;off&#8221; button_two_border_width__hover_enabled=&#8221;off&#8221; button_border_color__hover_enabled=&#8221;off&#8221; button_one_border_color__hover_enabled=&#8221;off&#8221; button_two_border_color__hover_enabled=&#8221;off&#8221; button_border_radius__hover_enabled=&#8221;off&#8221; button_one_border_radius__hover_enabled=&#8221;off&#8221; button_two_border_radius__hover_enabled=&#8221;off&#8221; button_letter_spacing__hover_enabled=&#8221;off&#8221; button_one_letter_spacing__hover_enabled=&#8221;off&#8221; button_two_letter_spacing__hover_enabled=&#8221;off&#8221; button_bg_color__hover_enabled=&#8221;off&#8221; button_one_bg_color__hover_enabled=&#8221;off&#8221; button_two_bg_color__hover_enabled=&#8221;off&#8221;][\/et_pb_contact_field][\/et_pb_contact_form][et_pb_text _builder_version=&#8221;4.27.4&#8243; _module_preset=&#8221;default&#8221; hover_enabled=&#8221;0&#8243; global_colors_info=&#8221;{}&#8221; locked=&#8221;off&#8221; sticky_enabled=&#8221;0&#8243;]<\/p>\n<p style=\"text-align: center;\">Suivez-nous sur nos r\u00e9seaux sociaux<\/p>\n<p>[\/et_pb_text][et_pb_social_media_follow _builder_version=&#8221;4.27.4&#8243; _module_preset=&#8221;default&#8221; hover_enabled=&#8221;0&#8243; global_colors_info=&#8221;{}&#8221; locked=&#8221;off&#8221; text_orientation=&#8221;center&#8221; sticky_enabled=&#8221;0&#8243;][et_pb_social_media_follow_network social_network=&#8221;facebook&#8221; url=&#8221;https:\/\/www.facebook.com\/people\/Alliance-of-Canadian-Land-Trusts\/61568437493481\/&#8221; _builder_version=&#8221;4.27.4&#8243; _module_preset=&#8221;default&#8221; background_color=&#8221;#3b5998&#8243; global_colors_info=&#8221;{}&#8221; follow_button=&#8221;off&#8221; url_new_window=&#8221;on&#8221;]facebook[\/et_pb_social_media_follow_network][et_pb_social_media_follow_network social_network=&#8221;instagram&#8221; url=&#8221;https:\/\/www.instagram.com\/aclt_acoc\/&#8221; _builder_version=&#8221;4.27.4&#8243; _module_preset=&#8221;default&#8221; background_color=&#8221;#ea2c59&#8243; global_colors_info=&#8221;{}&#8221; follow_button=&#8221;off&#8221; url_new_window=&#8221;on&#8221;]instagram[\/et_pb_social_media_follow_network][et_pb_social_media_follow_network social_network=&#8221;linkedin&#8221; url=&#8221;https:\/\/www.linkedin.com\/company\/alliance-of-canadian-land-trusts\/posts\/?feedView=all&#8221; _builder_version=&#8221;4.27.4&#8243; _module_preset=&#8221;default&#8221; background_color=&#8221;#007bb6&#8243; global_colors_info=&#8221;{}&#8221; follow_button=&#8221;off&#8221; url_new_window=&#8221;on&#8221;]linkedin[\/et_pb_social_media_follow_network][\/et_pb_social_media_follow][\/et_pb_column][\/et_pb_row][\/et_pb_section]<\/p>\n","protected":false},"excerpt":{"rendered":"<p>Restons connect\u00e9s !Contactez-nous pour toute demande de renseignements, assistance ou opportunit\u00e9s de collaboration.Nous sommes l\u00e0 pour vous aider \u00e0 faire la diff\u00e9rence.Emilie ForgetPrenez contact avec nousNous sommes \u00e0 votre \u00e9coute !Suivez-nous sur nos r\u00e9seaux sociaux<\/p>\n","protected":false},"author":106,"featured_media":0,"parent":0,"menu_order":0,"comment_status":"closed","ping_status":"closed","template":"","meta":{"_et_pb_use_builder":"on","_et_pb_old_content":"","_et_gb_content_width":"","inline_featured_image":false,"footnotes":""},"class_list":["post-42249","page","type-page","status-publish","hentry"],"yoast_head":"<!-- This site is optimized with the Yoast SEO plugin v27.4 - https:\/\/yoast.com\/product\/yoast-seo-wordpress\/ -->\n<title>Contactez-nous - Alliance of Canadian Land Trusts<\/title>\n<meta name=\"description\" content=\"Contactez-nous pour toute question, support ou opportunit\u00e9 de collaboration. Nous sommes ici pour vous aider \u00e0 faire la diff\u00e9rence.\" \/>\n<meta name=\"robots\" content=\"index, follow, max-snippet:-1, max-image-preview:large, max-video-preview:-1\" \/>\n<link rel=\"canonical\" href=\"https:\/\/aclt-acoc.ca\/fr\/contactez-nous\/\" \/>\n<meta property=\"og:locale\" content=\"fr_FR\" \/>\n<meta property=\"og:type\" content=\"article\" \/>\n<meta property=\"og:title\" content=\"Contactez-nous - Alliance of Canadian Land Trusts\" \/>\n<meta property=\"og:description\" content=\"Contactez-nous pour toute question, support ou opportunit\u00e9 de collaboration. Nous sommes ici pour vous aider \u00e0 faire la diff\u00e9rence.\" \/>\n<meta property=\"og:url\" content=\"https:\/\/aclt-acoc.ca\/fr\/contactez-nous\/\" \/>\n<meta property=\"og:site_name\" content=\"Alliance of Canadian Land Trusts\" \/>\n<meta property=\"article:modified_time\" content=\"2025-04-12T05:34:20+00:00\" \/>\n<meta name=\"twitter:card\" content=\"summary_large_image\" \/>\n<meta name=\"twitter:label1\" content=\"Dur\u00e9e de lecture estim\u00e9e\" \/>\n\t<meta name=\"twitter:data1\" content=\"1 minute\" \/>\n<script type=\"application\/ld+json\" class=\"yoast-schema-graph\">{\"@context\":\"https:\\\/\\\/schema.org\",\"@graph\":[{\"@type\":\"WebPage\",\"@id\":\"https:\\\/\\\/aclt-acoc.ca\\\/fr\\\/contactez-nous\\\/\",\"url\":\"https:\\\/\\\/aclt-acoc.ca\\\/fr\\\/contactez-nous\\\/\",\"name\":\"Contactez-nous - Alliance of Canadian Land Trusts\",\"isPartOf\":{\"@id\":\"https:\\\/\\\/aclt-acoc.ca\\\/fr\\\/#website\"},\"datePublished\":\"2025-02-25T06:00:09+00:00\",\"dateModified\":\"2025-04-12T05:34:20+00:00\",\"description\":\"Contactez-nous pour toute question, support ou opportunit\u00e9 de collaboration. Nous sommes ici pour vous aider \u00e0 faire la diff\u00e9rence.\",\"breadcrumb\":{\"@id\":\"https:\\\/\\\/aclt-acoc.ca\\\/fr\\\/contactez-nous\\\/#breadcrumb\"},\"inLanguage\":\"fr-FR\",\"potentialAction\":[{\"@type\":\"ReadAction\",\"target\":[\"https:\\\/\\\/aclt-acoc.ca\\\/fr\\\/contactez-nous\\\/\"]}]},{\"@type\":\"BreadcrumbList\",\"@id\":\"https:\\\/\\\/aclt-acoc.ca\\\/fr\\\/contactez-nous\\\/#breadcrumb\",\"itemListElement\":[{\"@type\":\"ListItem\",\"position\":1,\"name\":\"Home\",\"item\":\"https:\\\/\\\/aclt-acoc.ca\\\/fr\\\/\"},{\"@type\":\"ListItem\",\"position\":2,\"name\":\"Contactez-nous\"}]},{\"@type\":\"WebSite\",\"@id\":\"https:\\\/\\\/aclt-acoc.ca\\\/fr\\\/#website\",\"url\":\"https:\\\/\\\/aclt-acoc.ca\\\/fr\\\/\",\"name\":\"Alliance of Canadian Land Trusts\",\"description\":\"\",\"potentialAction\":[{\"@type\":\"SearchAction\",\"target\":{\"@type\":\"EntryPoint\",\"urlTemplate\":\"https:\\\/\\\/aclt-acoc.ca\\\/fr\\\/?s={search_term_string}\"},\"query-input\":{\"@type\":\"PropertyValueSpecification\",\"valueRequired\":true,\"valueName\":\"search_term_string\"}}],\"inLanguage\":\"fr-FR\"}]}<\/script>\n<!-- \/ Yoast SEO plugin. -->","yoast_head_json":{"title":"Contactez-nous - Alliance of Canadian Land Trusts","description":"Contactez-nous pour toute question, support ou opportunit\u00e9 de collaboration. Nous sommes ici pour vous aider \u00e0 faire la diff\u00e9rence.","robots":{"index":"index","follow":"follow","max-snippet":"max-snippet:-1","max-image-preview":"max-image-preview:large","max-video-preview":"max-video-preview:-1"},"canonical":"https:\/\/aclt-acoc.ca\/fr\/contactez-nous\/","og_locale":"fr_FR","og_type":"article","og_title":"Contactez-nous - Alliance of Canadian Land Trusts","og_description":"Contactez-nous pour toute question, support ou opportunit\u00e9 de collaboration. Nous sommes ici pour vous aider \u00e0 faire la diff\u00e9rence.","og_url":"https:\/\/aclt-acoc.ca\/fr\/contactez-nous\/","og_site_name":"Alliance of Canadian Land Trusts","article_modified_time":"2025-04-12T05:34:20+00:00","twitter_card":"summary_large_image","twitter_misc":{"Dur\u00e9e de lecture estim\u00e9e":"1 minute"},"schema":{"@context":"https:\/\/schema.org","@graph":[{"@type":"WebPage","@id":"https:\/\/aclt-acoc.ca\/fr\/contactez-nous\/","url":"https:\/\/aclt-acoc.ca\/fr\/contactez-nous\/","name":"Contactez-nous - Alliance of Canadian Land Trusts","isPartOf":{"@id":"https:\/\/aclt-acoc.ca\/fr\/#website"},"datePublished":"2025-02-25T06:00:09+00:00","dateModified":"2025-04-12T05:34:20+00:00","description":"Contactez-nous pour toute question, support ou opportunit\u00e9 de collaboration. Nous sommes ici pour vous aider \u00e0 faire la diff\u00e9rence.","breadcrumb":{"@id":"https:\/\/aclt-acoc.ca\/fr\/contactez-nous\/#breadcrumb"},"inLanguage":"fr-FR","potentialAction":[{"@type":"ReadAction","target":["https:\/\/aclt-acoc.ca\/fr\/contactez-nous\/"]}]},{"@type":"BreadcrumbList","@id":"https:\/\/aclt-acoc.ca\/fr\/contactez-nous\/#breadcrumb","itemListElement":[{"@type":"ListItem","position":1,"name":"Home","item":"https:\/\/aclt-acoc.ca\/fr\/"},{"@type":"ListItem","position":2,"name":"Contactez-nous"}]},{"@type":"WebSite","@id":"https:\/\/aclt-acoc.ca\/fr\/#website","url":"https:\/\/aclt-acoc.ca\/fr\/","name":"Alliance of Canadian Land Trusts","description":"","potentialAction":[{"@type":"SearchAction","target":{"@type":"EntryPoint","urlTemplate":"https:\/\/aclt-acoc.ca\/fr\/?s={search_term_string}"},"query-input":{"@type":"PropertyValueSpecification","valueRequired":true,"valueName":"search_term_string"}}],"inLanguage":"fr-FR"}]}},"_links":{"self":[{"href":"https:\/\/aclt-acoc.ca\/fr\/wp-json\/wp\/v2\/pages\/42249","targetHints":{"allow":["GET"]}}],"collection":[{"href":"https:\/\/aclt-acoc.ca\/fr\/wp-json\/wp\/v2\/pages"}],"about":[{"href":"https:\/\/aclt-acoc.ca\/fr\/wp-json\/wp\/v2\/types\/page"}],"author":[{"embeddable":true,"href":"https:\/\/aclt-acoc.ca\/fr\/wp-json\/wp\/v2\/users\/106"}],"replies":[{"embeddable":true,"href":"https:\/\/aclt-acoc.ca\/fr\/wp-json\/wp\/v2\/comments?post=42249"}],"version-history":[{"count":7,"href":"https:\/\/aclt-acoc.ca\/fr\/wp-json\/wp\/v2\/pages\/42249\/revisions"}],"predecessor-version":[{"id":43696,"href":"https:\/\/aclt-acoc.ca\/fr\/wp-json\/wp\/v2\/pages\/42249\/revisions\/43696"}],"wp:attachment":[{"href":"https:\/\/aclt-acoc.ca\/fr\/wp-json\/wp\/v2\/media?parent=42249"}],"curies":[{"name":"wp","href":"https:\/\/api.w.org\/{rel}","templated":true}]}}