{"id":45185,"date":"2026-03-31T12:45:59","date_gmt":"2026-03-31T19:45:59","guid":{"rendered":"https:\/\/aclt-acoc.ca\/?page_id=45185"},"modified":"2026-03-31T13:19:21","modified_gmt":"2026-03-31T20:19:21","slug":"nouvelles","status":"publish","type":"page","link":"https:\/\/aclt-acoc.ca\/fr\/nouvelles\/","title":{"rendered":"Nouvelles"},"content":{"rendered":"<p>[et_pb_section fb_built=&#8221;1&#8243; admin_label=&#8221;hero&#8221; _builder_version=&#8221;4.27.6&#8243; background_color=&#8221;rgba(58,115,31,0.65)&#8221; background_image=&#8221;https:\/\/aclt-acoc.ca\/wp-content\/uploads\/2025\/04\/resources01.jpg&#8221; background_blend=&#8221;multiply&#8221; min_height=&#8221;450px&#8221; custom_padding=&#8221;24px||24px||false|false&#8221; custom_css_main_element=&#8221;position:relative&#8221; custom_css_after=&#8221;\/*||content: &#8216;Cr\u00e9dit photo : Emilie Forget&#8217;;||position: absolute;||bottom:0;||left: 50%;||border-radius: 16px 16px 0 0;||transform: translatex(-50%);||background-color:#ffffff;||width:95%;||text-align: right;||font-size: 11px;||padding: 2px 16px;||color: rgba(16,116,187,.7);||line-height: 1em;*\/&#8221; locked=&#8221;off&#8221; collapsed=&#8221;off&#8221; global_colors_info=&#8221;{}&#8221;][et_pb_row _builder_version=&#8221;4.27.4&#8243; positioning=&#8221;absolute&#8221; position_origin_a=&#8221;center_center&#8221; custom_padding=&#8221;0px||0px||false|false&#8221; global_colors_info=&#8221;{}&#8221;][et_pb_column type=&#8221;4_4&#8243; _builder_version=&#8221;4.16&#8243; global_colors_info=&#8221;{}&#8221;][et_pb_text _builder_version=&#8221;4.27.6&#8243; _module_preset=&#8221;default&#8221; header_font=&#8221;|700|||||||&#8221; header_text_align=&#8221;center&#8221; header_text_color=&#8221;#FFFFFF&#8221; header_font_size=&#8221;60px&#8221; position_origin_a=&#8221;center_center&#8221; width=&#8221;100%&#8221; custom_margin=&#8221;||16px||false|false&#8221; header_font_size_tablet=&#8221;50px&#8221; header_font_size_phone=&#8221;28px&#8221; header_font_size_last_edited=&#8221;on|phone&#8221; global_colors_info=&#8221;{}&#8221;]<\/p>\n<h1 style=\"text-align: center;\">Nouvelles<\/h1>\n<p>[\/et_pb_text][et_pb_text disabled_on=&#8221;on|on|on&#8221; _builder_version=&#8221;4.27.4&#8243; _module_preset=&#8221;default&#8221; text_font=&#8221;||||||||&#8221; text_text_color=&#8221;#FFFFFF&#8221; text_font_size=&#8221;23px&#8221; text_line_height=&#8221;1.3em&#8221; header_font=&#8221;|700|||||||&#8221; header_text_align=&#8221;center&#8221; header_text_color=&#8221;#FFFFFF&#8221; header_font_size=&#8221;60px&#8221; header_line_height=&#8221;1.15em&#8221; header_6_font=&#8221;|600|||||||&#8221; header_6_font_size=&#8221;24px&#8221; position_origin_a=&#8221;center_center&#8221; background_layout=&#8221;dark&#8221; width=&#8221;100%&#8221; custom_margin=&#8221;||16px||false|false&#8221; text_font_size_tablet=&#8221;20px&#8221; text_font_size_phone=&#8221;18px&#8221; text_font_size_last_edited=&#8221;on|phone&#8221; header_font_size_tablet=&#8221;50px&#8221; header_font_size_phone=&#8221;28px&#8221; header_font_size_last_edited=&#8221;on|phone&#8221; disabled=&#8221;on&#8221; global_colors_info=&#8221;{}&#8221;]<\/p>\n<p style=\"text-align: left;\"><span class=\"OYPEnA font-feature-liga-off font-feature-clig-off font-feature-calt-off text-decoration-none text-strikethrough-none\">We collaborate with land trusts across Canada, building capacity and connections to conserve our country\u2019s most vital ecosystems. Take the next step\u2014explore how you can contribute to this essential work.<\/span><\/p>\n<p>[\/et_pb_text][\/et_pb_column][\/et_pb_row][et_pb_row disabled_on=&#8221;on|on|on&#8221; _builder_version=&#8221;4.27.4&#8243; _module_preset=&#8221;default&#8221; background_enable_color=&#8221;off&#8221; use_background_color_gradient=&#8221;on&#8221; background_color_gradient_direction=&#8221;90deg&#8221; background_color_gradient_stops=&#8221;rgba(255,255,255,0) 0%|rgba(255,255,255,0) 50%|#ffffff 71%|#ffffff 100%&#8221; positioning=&#8221;absolute&#8221; position_origin_a=&#8221;bottom_left&#8221; width=&#8221;98%&#8221; max_width=&#8221;6000px&#8221; custom_padding=&#8221;4px|8px|4px|8px|false|false&#8221; border_radii=&#8221;off||20px||&#8221; border_color_all=&#8221;#EDF000&#8243; disabled=&#8221;on&#8221; global_colors_info=&#8221;{%22gcid-primary-color%22:%91%22background_color%22%93}&#8221;][et_pb_column type=&#8221;4_4&#8243; _builder_version=&#8221;4.27.4&#8243; _module_preset=&#8221;default&#8221; global_colors_info=&#8221;{}&#8221;][et_pb_text _builder_version=&#8221;4.27.4&#8243; _module_preset=&#8221;default&#8221; text_text_color=&#8221;rgba(16,116,187,0.7)&#8221; text_font_size=&#8221;11px&#8221; text_line_height=&#8221;1.2em&#8221; background_enable_color=&#8221;off&#8221; position_origin_a=&#8221;bottom_right&#8221; text_orientation=&#8221;right&#8221; width=&#8221;100%&#8221; custom_padding=&#8221;|24px|||false|false&#8221; custom_css_before=&#8221;font-family: &#8216;ETMODULES&#8217;;||content: &#8216;%92e075&#8217;;||position: absolute;||right: 8px;&#8221; global_colors_info=&#8221;{}&#8221;]<\/p>\n<p style=\"text-align: right;\">Emilie Forget<\/p>\n<p>[\/et_pb_text][\/et_pb_column][\/et_pb_row][\/et_pb_section][et_pb_section fb_built=&#8221;1&#8243; _builder_version=&#8221;4.27.4&#8243; _module_preset=&#8221;default&#8221; min_height=&#8221;99.7px&#8221; custom_margin=&#8221;||||false|false&#8221; custom_padding=&#8221;||||false|false&#8221; locked=&#8221;off&#8221; global_colors_info=&#8221;{}&#8221;][et_pb_row _builder_version=&#8221;4.21.0&#8243; _module_preset=&#8221;default&#8221; custom_margin=&#8221;0px||20px||false|false&#8221; global_colors_info=&#8221;{}&#8221;][et_pb_column type=&#8221;4_4&#8243; _builder_version=&#8221;4.20.2&#8243; _module_preset=&#8221;default&#8221; global_colors_info=&#8221;{}&#8221;][et_pb_text _builder_version=&#8221;4.27.6&#8243; _module_preset=&#8221;default&#8221; hover_enabled=&#8221;0&#8243; global_colors_info=&#8221;{}&#8221; sticky_enabled=&#8221;0&#8243;]<a href=\"https:\/\/aclt-acoc.ca\/wp-content\/uploads\/2026\/03\/Nature-anouncement-002-Revised-PDM-2-002-fr.pdf\" target=\"_blank\"><\/p>\n<h3><img decoding=\"async\" width=\"16\" src=\"https:\/\/aclt-acoc.ca\/wp-content\/uploads\/2025\/04\/PDF_icon.png\" alt=\"pdf\" style=\"margin-right:8px\">Les organismes de conservation du Canada applaudissent la strat\u00e9gie<br \/>\nf\u00e9d\u00e9rale de 3,8 milliards de dollars pour prot\u00e9ger la nature<\/h3>\n<p>31 mars 2026<\/p>\n<p><\/a>[\/et_pb_text][\/et_pb_column][\/et_pb_row][\/et_pb_section]<\/p>\n","protected":false},"excerpt":{"rendered":"<p>NouvellesWe collaborate with land trusts across Canada, building capacity and connections to conserve our country\u2019s most vital ecosystems. Take the next step\u2014explore how you can contribute to this essential work.Emilie ForgetLes organismes de conservation du Canada applaudissent la strat\u00e9gie f\u00e9d\u00e9rale de 3,8 milliards de dollars pour prot\u00e9ger la nature31 mars 2026<\/p>\n","protected":false},"author":108,"featured_media":0,"parent":0,"menu_order":0,"comment_status":"closed","ping_status":"closed","template":"","meta":{"_et_pb_use_builder":"on","_et_pb_old_content":"","_et_gb_content_width":"","inline_featured_image":false,"footnotes":""},"class_list":["post-45185","page","type-page","status-publish","hentry"],"yoast_head":"<!-- This site is optimized with the Yoast SEO plugin v27.6 - https:\/\/yoast.com\/product\/yoast-seo-wordpress\/ -->\n<title>Nouvelles - Alliance of Canadian Land Trusts<\/title>\n<meta name=\"robots\" content=\"index, follow, max-snippet:-1, max-image-preview:large, max-video-preview:-1\" \/>\n<link rel=\"canonical\" href=\"https:\/\/aclt-acoc.ca\/fr\/nouvelles\/\" \/>\n<meta property=\"og:locale\" content=\"fr_FR\" \/>\n<meta property=\"og:type\" content=\"article\" \/>\n<meta property=\"og:title\" content=\"Nouvelles - Alliance of Canadian Land Trusts\" \/>\n<meta property=\"og:description\" content=\"NouvellesWe collaborate with land trusts across Canada, building capacity and connections to conserve our country\u2019s most vital ecosystems. Take the next step\u2014explore how you can contribute to this essential work.Emilie ForgetLes organismes de conservation du Canada applaudissent la strat\u00e9gie f\u00e9d\u00e9rale de 3,8 milliards de dollars pour prot\u00e9ger la nature31 mars 2026\" \/>\n<meta property=\"og:url\" content=\"https:\/\/aclt-acoc.ca\/fr\/nouvelles\/\" \/>\n<meta property=\"og:site_name\" content=\"Alliance of Canadian Land Trusts\" \/>\n<meta property=\"article:modified_time\" content=\"2026-03-31T20:19:21+00:00\" \/>\n<meta property=\"og:image\" content=\"https:\/\/aclt-acoc.ca\/wp-content\/uploads\/2025\/04\/PDF_icon.png\" \/>\n<meta name=\"twitter:card\" content=\"summary_large_image\" \/>\n<meta name=\"twitter:label1\" content=\"Dur\u00e9e de lecture estim\u00e9e\" \/>\n\t<meta name=\"twitter:data1\" content=\"1 minute\" \/>\n<script type=\"application\/ld+json\" class=\"yoast-schema-graph\">{\"@context\":\"https:\\\/\\\/schema.org\",\"@graph\":[{\"@type\":\"WebPage\",\"@id\":\"https:\\\/\\\/aclt-acoc.ca\\\/fr\\\/nouvelles\\\/\",\"url\":\"https:\\\/\\\/aclt-acoc.ca\\\/fr\\\/nouvelles\\\/\",\"name\":\"Nouvelles - Alliance of Canadian Land Trusts\",\"isPartOf\":{\"@id\":\"https:\\\/\\\/aclt-acoc.ca\\\/fr\\\/#website\"},\"primaryImageOfPage\":{\"@id\":\"https:\\\/\\\/aclt-acoc.ca\\\/fr\\\/nouvelles\\\/#primaryimage\"},\"image\":{\"@id\":\"https:\\\/\\\/aclt-acoc.ca\\\/fr\\\/nouvelles\\\/#primaryimage\"},\"thumbnailUrl\":\"https:\\\/\\\/aclt-acoc.ca\\\/wp-content\\\/uploads\\\/2025\\\/04\\\/PDF_icon.png\",\"datePublished\":\"2026-03-31T19:45:59+00:00\",\"dateModified\":\"2026-03-31T20:19:21+00:00\",\"breadcrumb\":{\"@id\":\"https:\\\/\\\/aclt-acoc.ca\\\/fr\\\/nouvelles\\\/#breadcrumb\"},\"inLanguage\":\"fr-FR\",\"potentialAction\":[{\"@type\":\"ReadAction\",\"target\":[\"https:\\\/\\\/aclt-acoc.ca\\\/fr\\\/nouvelles\\\/\"]}]},{\"@type\":\"ImageObject\",\"inLanguage\":\"fr-FR\",\"@id\":\"https:\\\/\\\/aclt-acoc.ca\\\/fr\\\/nouvelles\\\/#primaryimage\",\"url\":\"https:\\\/\\\/aclt-acoc.ca\\\/wp-content\\\/uploads\\\/2025\\\/04\\\/PDF_icon.png\",\"contentUrl\":\"https:\\\/\\\/aclt-acoc.ca\\\/wp-content\\\/uploads\\\/2025\\\/04\\\/PDF_icon.png\"},{\"@type\":\"BreadcrumbList\",\"@id\":\"https:\\\/\\\/aclt-acoc.ca\\\/fr\\\/nouvelles\\\/#breadcrumb\",\"itemListElement\":[{\"@type\":\"ListItem\",\"position\":1,\"name\":\"Home\",\"item\":\"https:\\\/\\\/aclt-acoc.ca\\\/fr\\\/\"},{\"@type\":\"ListItem\",\"position\":2,\"name\":\"Nouvelles\"}]},{\"@type\":\"WebSite\",\"@id\":\"https:\\\/\\\/aclt-acoc.ca\\\/fr\\\/#website\",\"url\":\"https:\\\/\\\/aclt-acoc.ca\\\/fr\\\/\",\"name\":\"Alliance of Canadian Land Trusts\",\"description\":\"\",\"potentialAction\":[{\"@type\":\"SearchAction\",\"target\":{\"@type\":\"EntryPoint\",\"urlTemplate\":\"https:\\\/\\\/aclt-acoc.ca\\\/fr\\\/?s={search_term_string}\"},\"query-input\":{\"@type\":\"PropertyValueSpecification\",\"valueRequired\":true,\"valueName\":\"search_term_string\"}}],\"inLanguage\":\"fr-FR\"}]}<\/script>\n<!-- \/ Yoast SEO plugin. -->","yoast_head_json":{"title":"Nouvelles - Alliance of Canadian Land Trusts","robots":{"index":"index","follow":"follow","max-snippet":"max-snippet:-1","max-image-preview":"max-image-preview:large","max-video-preview":"max-video-preview:-1"},"canonical":"https:\/\/aclt-acoc.ca\/fr\/nouvelles\/","og_locale":"fr_FR","og_type":"article","og_title":"Nouvelles - Alliance of Canadian Land Trusts","og_description":"NouvellesWe collaborate with land trusts across Canada, building capacity and connections to conserve our country\u2019s most vital ecosystems. Take the next step\u2014explore how you can contribute to this essential work.Emilie ForgetLes organismes de conservation du Canada applaudissent la strat\u00e9gie f\u00e9d\u00e9rale de 3,8 milliards de dollars pour prot\u00e9ger la nature31 mars 2026","og_url":"https:\/\/aclt-acoc.ca\/fr\/nouvelles\/","og_site_name":"Alliance of Canadian Land Trusts","article_modified_time":"2026-03-31T20:19:21+00:00","og_image":[{"url":"https:\/\/aclt-acoc.ca\/wp-content\/uploads\/2025\/04\/PDF_icon.png","type":"","width":"","height":""}],"twitter_card":"summary_large_image","twitter_misc":{"Dur\u00e9e de lecture estim\u00e9e":"1 minute"},"schema":{"@context":"https:\/\/schema.org","@graph":[{"@type":"WebPage","@id":"https:\/\/aclt-acoc.ca\/fr\/nouvelles\/","url":"https:\/\/aclt-acoc.ca\/fr\/nouvelles\/","name":"Nouvelles - Alliance of Canadian Land Trusts","isPartOf":{"@id":"https:\/\/aclt-acoc.ca\/fr\/#website"},"primaryImageOfPage":{"@id":"https:\/\/aclt-acoc.ca\/fr\/nouvelles\/#primaryimage"},"image":{"@id":"https:\/\/aclt-acoc.ca\/fr\/nouvelles\/#primaryimage"},"thumbnailUrl":"https:\/\/aclt-acoc.ca\/wp-content\/uploads\/2025\/04\/PDF_icon.png","datePublished":"2026-03-31T19:45:59+00:00","dateModified":"2026-03-31T20:19:21+00:00","breadcrumb":{"@id":"https:\/\/aclt-acoc.ca\/fr\/nouvelles\/#breadcrumb"},"inLanguage":"fr-FR","potentialAction":[{"@type":"ReadAction","target":["https:\/\/aclt-acoc.ca\/fr\/nouvelles\/"]}]},{"@type":"ImageObject","inLanguage":"fr-FR","@id":"https:\/\/aclt-acoc.ca\/fr\/nouvelles\/#primaryimage","url":"https:\/\/aclt-acoc.ca\/wp-content\/uploads\/2025\/04\/PDF_icon.png","contentUrl":"https:\/\/aclt-acoc.ca\/wp-content\/uploads\/2025\/04\/PDF_icon.png"},{"@type":"BreadcrumbList","@id":"https:\/\/aclt-acoc.ca\/fr\/nouvelles\/#breadcrumb","itemListElement":[{"@type":"ListItem","position":1,"name":"Home","item":"https:\/\/aclt-acoc.ca\/fr\/"},{"@type":"ListItem","position":2,"name":"Nouvelles"}]},{"@type":"WebSite","@id":"https:\/\/aclt-acoc.ca\/fr\/#website","url":"https:\/\/aclt-acoc.ca\/fr\/","name":"Alliance of Canadian Land Trusts","description":"","potentialAction":[{"@type":"SearchAction","target":{"@type":"EntryPoint","urlTemplate":"https:\/\/aclt-acoc.ca\/fr\/?s={search_term_string}"},"query-input":{"@type":"PropertyValueSpecification","valueRequired":true,"valueName":"search_term_string"}}],"inLanguage":"fr-FR"}]}},"_links":{"self":[{"href":"https:\/\/aclt-acoc.ca\/fr\/wp-json\/wp\/v2\/pages\/45185","targetHints":{"allow":["GET"]}}],"collection":[{"href":"https:\/\/aclt-acoc.ca\/fr\/wp-json\/wp\/v2\/pages"}],"about":[{"href":"https:\/\/aclt-acoc.ca\/fr\/wp-json\/wp\/v2\/types\/page"}],"author":[{"embeddable":true,"href":"https:\/\/aclt-acoc.ca\/fr\/wp-json\/wp\/v2\/users\/108"}],"replies":[{"embeddable":true,"href":"https:\/\/aclt-acoc.ca\/fr\/wp-json\/wp\/v2\/comments?post=45185"}],"version-history":[{"count":8,"href":"https:\/\/aclt-acoc.ca\/fr\/wp-json\/wp\/v2\/pages\/45185\/revisions"}],"predecessor-version":[{"id":45206,"href":"https:\/\/aclt-acoc.ca\/fr\/wp-json\/wp\/v2\/pages\/45185\/revisions\/45206"}],"wp:attachment":[{"href":"https:\/\/aclt-acoc.ca\/fr\/wp-json\/wp\/v2\/media?parent=45185"}],"curies":[{"name":"wp","href":"https:\/\/api.w.org\/{rel}","templated":true}]}}